{"id":11373,"date":"2016-05-30T17:08:24","date_gmt":"2016-05-30T14:08:24","guid":{"rendered":"https:\/\/www.bluedolphins.gr\/servizio-di-transfer-verso-bluedolphins\/"},"modified":"2022-10-03T23:39:36","modified_gmt":"2022-10-03T20:39:36","slug":"servizio-di-transfer-verso-bluedolphins","status":"publish","type":"page","link":"https:\/\/www.bluedolphins.gr\/it\/servizio-di-transfer-verso-bluedolphins\/","title":{"rendered":"Servizio di transfer verso Bluedolphins"},"content":{"rendered":"\n<div class=\"wp-block-toolset-blocks-container tb-container\" data-toolset-blocks-container=\"2b2d0d7d27e0c72d8203e563cc8c26ae\"><div class=\"tb-container-inner\">\n<div class=\"tb-fields-and-text\" data-toolset-blocks-fields-and-text=\"3e1d2592ce20bdf2bf813c9dfa44c991\">\n          <p>Per il tuo arrivo o per la tua partenza da Santorini, la flotta di Blue Dolphins \u00e8 a tua disposizione per spostamenti diretti e affidabili. Sempre in accordo con te, ti porteremo nei posti dell&#8217;isola che desideri visitare.<\/p>\n          \n\n          <p>Possiamo organizzare <strong>servizi di transfer condivisi<\/strong> dal porto o dall&#8217;areoporto, oppure <strong>servizi di transfer privati<\/strong>, nel caso tu voglia usufruire di un servizio esclusivo.<\/p>\n          \n\n          <p>Inoltre provvediamo al <strong>servizio di Taxi<\/strong> dato che a Santorini sono sempre molto affollati. Il nostro autista ti porter\u00e0 ovunque tu voglia.<\/p>\n          \n\n          <p>Lasciati guidare da noi con il <strong>Blue Dolphins Tour.<\/strong> Scegliendo il tour di Blue Dolphins avrai l&#8217;opportunit\u00e0 di avere un autista personale per 4-5 ore che ti porter\u00e0 alla scoperta dei posti pi\u00f9 nascosti e famosi dell&#8217;isola. Visiterai cantine, spiagge, villaggi tradizionali, monasteri e proverai la fantastica esperienza di assaggiare il cibo greco in uno dei migliori ristoranti dell&#8217;isola.<\/p>\n          \n\n          <p>Fai prenotare un&#8217;<strong>auto a noleggio <\/strong> dai nostri colleghi che ti verr\u00e0 consegnata al porto o all&#8217;areoporto al prezzo pi\u00f9 vantaggioso.<\/p>\n        <\/div>\n<\/div><\/div>\n","protected":false},"excerpt":{"rendered":"","protected":false},"author":5,"featured_media":0,"parent":0,"menu_order":0,"comment_status":"closed","ping_status":"closed","template":"","meta":{"ocean_post_layout":"","ocean_both_sidebars_style":"","ocean_both_sidebars_content_width":0,"ocean_both_sidebars_sidebars_width":0,"ocean_sidebar":"0","ocean_second_sidebar":"0","ocean_disable_margins":"enable","ocean_add_body_class":"","ocean_shortcode_before_top_bar":"","ocean_shortcode_after_top_bar":"","ocean_shortcode_before_header":"","ocean_shortcode_after_header":"","ocean_has_shortcode":"","ocean_shortcode_after_title":"","ocean_shortcode_before_footer_widgets":"","ocean_shortcode_after_footer_widgets":"","ocean_shortcode_before_footer_bottom":"","ocean_shortcode_after_footer_bottom":"","ocean_display_top_bar":"default","ocean_display_header":"default","ocean_header_style":"","ocean_center_header_left_menu":"0","ocean_custom_header_template":"0","ocean_custom_logo":0,"ocean_custom_retina_logo":0,"ocean_custom_logo_max_width":0,"ocean_custom_logo_tablet_max_width":0,"ocean_custom_logo_mobile_max_width":0,"ocean_custom_logo_max_height":0,"ocean_custom_logo_tablet_max_height":0,"ocean_custom_logo_mobile_max_height":0,"ocean_header_custom_menu":"0","ocean_menu_typo_font_family":"0","ocean_menu_typo_font_subset":"","ocean_menu_typo_font_size":0,"ocean_menu_typo_font_size_tablet":0,"ocean_menu_typo_font_size_mobile":0,"ocean_menu_typo_font_size_unit":"px","ocean_menu_typo_font_weight":"","ocean_menu_typo_font_weight_tablet":"","ocean_menu_typo_font_weight_mobile":"","ocean_menu_typo_transform":"","ocean_menu_typo_transform_tablet":"","ocean_menu_typo_transform_mobile":"","ocean_menu_typo_line_height":0,"ocean_menu_typo_line_height_tablet":0,"ocean_menu_typo_line_height_mobile":0,"ocean_menu_typo_line_height_unit":"","ocean_menu_typo_spacing":0,"ocean_menu_typo_spacing_tablet":0,"ocean_menu_typo_spacing_mobile":0,"ocean_menu_typo_spacing_unit":"","ocean_menu_link_color":"","ocean_menu_link_color_hover":"","ocean_menu_link_color_active":"","ocean_menu_link_background":"","ocean_menu_link_hover_background":"","ocean_menu_link_active_background":"","ocean_menu_social_links_bg":"","ocean_menu_social_hover_links_bg":"","ocean_menu_social_links_color":"","ocean_menu_social_hover_links_color":"","ocean_disable_title":"default","ocean_disable_heading":"default","ocean_post_title":"","ocean_post_subheading":"","ocean_post_title_style":"","ocean_post_title_background_color":"","ocean_post_title_background":0,"ocean_post_title_bg_image_position":"","ocean_post_title_bg_image_attachment":"","ocean_post_title_bg_image_repeat":"","ocean_post_title_bg_image_size":"","ocean_post_title_height":0,"ocean_post_title_bg_overlay":0.5,"ocean_post_title_bg_overlay_color":"","ocean_disable_breadcrumbs":"default","ocean_breadcrumbs_color":"","ocean_breadcrumbs_separator_color":"","ocean_breadcrumbs_links_color":"","ocean_breadcrumbs_links_hover_color":"","ocean_display_footer_widgets":"default","ocean_display_footer_bottom":"default","ocean_custom_footer_template":"0","osh_disable_topbar_sticky":"default","osh_disable_header_sticky":"default","osh_sticky_header_style":"default","osh_sticky_header_effect":"","osh_custom_sticky_logo":0,"osh_custom_retina_sticky_logo":0,"osh_custom_sticky_logo_height":0,"osh_background_color":"","osh_links_color":"","osh_links_hover_color":"","osh_links_active_color":"","osh_links_bg_color":"","osh_links_hover_bg_color":"","osh_links_active_bg_color":"","osh_menu_social_links_color":"","osh_menu_social_hover_links_color":"","footnotes":""},"class_list":["post-11373","page","type-page","status-publish","hentry","entry"],"_links":{"self":[{"href":"https:\/\/www.bluedolphins.gr\/it\/wp-json\/wp\/v2\/pages\/11373","targetHints":{"allow":["GET"]}}],"collection":[{"href":"https:\/\/www.bluedolphins.gr\/it\/wp-json\/wp\/v2\/pages"}],"about":[{"href":"https:\/\/www.bluedolphins.gr\/it\/wp-json\/wp\/v2\/types\/page"}],"author":[{"embeddable":true,"href":"https:\/\/www.bluedolphins.gr\/it\/wp-json\/wp\/v2\/users\/5"}],"replies":[{"embeddable":true,"href":"https:\/\/www.bluedolphins.gr\/it\/wp-json\/wp\/v2\/comments?post=11373"}],"version-history":[{"count":0,"href":"https:\/\/www.bluedolphins.gr\/it\/wp-json\/wp\/v2\/pages\/11373\/revisions"}],"wp:attachment":[{"href":"https:\/\/www.bluedolphins.gr\/it\/wp-json\/wp\/v2\/media?parent=11373"}],"curies":[{"name":"wp","href":"https:\/\/api.w.org\/{rel}","templated":true}]}}