{"id":11364,"date":"2015-12-18T05:51:47","date_gmt":"2015-12-18T03:51:47","guid":{"rendered":"https:\/\/www.bluedolphins.gr\/la-storia-di-santorini\/"},"modified":"2022-10-03T23:56:54","modified_gmt":"2022-10-03T20:56:54","slug":"la-storia-di-santorini","status":"publish","type":"page","link":"https:\/\/www.bluedolphins.gr\/it\/la-storia-di-santorini\/","title":{"rendered":"La storia di Santorini"},"content":{"rendered":"\n<div class=\"wp-block-toolset-blocks-container tb-container\" data-toolset-blocks-container=\"152888be40e7295cd730253edc161e71\"><div class=\"tb-container-inner\">\n<figure class=\"wp-block-image tb-image tb-image-dynamic\" data-toolset-blocks-image=\"ce25005d31d4244ae16a426d26d8851f\"><img loading=\"lazy\" decoding=\"async\" width=\"1920\" height=\"775\" loading=\"lazy\" src=\"https:\/\/www.bluedolphins.gr\/wp-content\/uploads\/2015\/12\/santorini-apartments-panoramic-image-island-1-2.jpg\" alt=\"\" class=\"wp-image-9468\" srcset=\"https:\/\/www.bluedolphins.gr\/wp-content\/uploads\/2015\/12\/santorini-apartments-panoramic-image-island-1-2.jpg 1920w, https:\/\/www.bluedolphins.gr\/wp-content\/uploads\/2015\/12\/santorini-apartments-panoramic-image-island-1-2-300x121.jpg 300w, https:\/\/www.bluedolphins.gr\/wp-content\/uploads\/2015\/12\/santorini-apartments-panoramic-image-island-1-2-1024x413.jpg 1024w, https:\/\/www.bluedolphins.gr\/wp-content\/uploads\/2015\/12\/santorini-apartments-panoramic-image-island-1-2-768x310.jpg 768w, https:\/\/www.bluedolphins.gr\/wp-content\/uploads\/2015\/12\/santorini-apartments-panoramic-image-island-1-2-1536x620.jpg 1536w\" sizes=\"auto, (max-width: 1920px) 100vw, 1920px\" \/><div class=\"tb-image-caption\"><figcaption>La storia di Santorini<\/figcaption><\/div><\/figure>\n\n\n\n<h2 class=\"tb-heading\" data-toolset-blocks-heading=\"df6903916fccae6c23185a61666fd250\" data-last-update=\"1.4\">L&#8217;isola di Santorini \u00e8 uno dei posti pi\u00f9 magici al mondo. <br\/>I primi abitanti sono stati i <strong>pre ellenesi<\/strong> che vi arrivarono nel 3000 a.C.<\/h2>\n\n\n\n<p>\n          <span style=\"color: #000000;\"><span lang=\"en-GB\">Chiamarono l&#8217;isola <\/span><span lang=\"en-GB\"><b>Stroggyli<\/b><\/span><span lang=\"en-GB\"> (che signifa tondo) per la sua forma. Dopo, quando i Fenici colonizzarono l&#8217;isola, attratti dalla bellezza del suo paesaggio la chiamarono <\/span><span lang=\"en-GB\"><b>Kallisti<\/b><\/span><span lang=\"en-GB\"> (che significa la pi\u00f9 bella).<\/span><\/span>\n        <\/p>\n\n\n\n<p>\n          <span style=\"color: #000000;\"><span lang=\"en-GB\">I Dori da Sparta, accompagnati dal loro re Theras, popolarono l&#8217;isola nel 1115 a.C. e le cambiarono il nome in <\/span><span lang=\"en-GB\"><b>Thera<\/b><\/span><span lang=\"en-GB\">. Intorno al 1200 d.C., dopo l&#8217;occupazione franca, prese il nome di <\/span><span lang=\"en-GB\"><b>Santa Irene<\/b><\/span><span lang=\"en-GB\">, dopo una piccola chiesa a Therassia, da qui il nome di Santorini.<\/span><\/span>\n        <\/p>\n\n\n\n<p>\n          <span style=\"color: #000000;\"><span lang=\"en-GB\">La pi\u00f9 grande eruzione del Vulcano nel 1450 a.C. \u00e8 rimasta impressa per sempre nella storia dell&#8217;umanit\u00e0. La parte centrale dell&#8217;isola, circa 80 kmq, <\/span><span lang=\"en-GB\"><b>collass\u00f2 in fondo al mare <\/b><\/span><span lang=\"en-GB\">e le onde si alzarono fino a ricoprire tutto formando <\/span> <span lang=\"en-GB\"><b>un gigante bacino che oggi \u00e8 chiamato Caldera<\/b><\/span><span lang=\"en-GB\">. Durante l&#8217;eruzione l&#8217;intero Egeo divent\u00f2 nero, le onde si alzarono fino a 250 metri e, con una velocit\u00e0 di 350 km\/h, raggiunsero l&#8217;isola di Creta distruggendo la civilt\u00e0 di Cnosso e di Micene. Teorie mai dimostrate suggeriscono che questo evento potrebbe essere collegato all&#8217;inabissamento di Atlantide.<\/span><\/span>\n        <\/p>\n\n\n\n<p>\n          <span style=\"color: #000000;\">\n            <span lang=\"en-GB\">L&#8217;eruzione ha portato a un brusco arresto dello sviluppo della societ\u00e0 ricca e dell&#8217;unica civilt\u00e0 florida influenzata dalla cultura micenea, come \u00e8 rappresentato sui dipinti murali, e sui numerosi reperti degli scavi di Akrotiri.<\/span>\n          <\/span>\n        <\/p>\n\n\n\n<p>\n          <span style=\"color: #000000;\">\n            <span lang=\"en-GB\">Durante l&#8217;antichit\u00e0, Thera si sottomise ai persiani che divennero alleati degli spartani e, dal 426 a.C., divent\u00f2 parte del dominio ateniese. Dopo fu conquistata dai tolemaici, i romani, i bizantini e i franchi. Nel 1579 Santorini \u00e8 stata occupata dai turchi e finalmente nel 1832 entr\u00f2 a far parte della Grecia.<\/span>\n          <\/span>\n        <\/p>\n\n\n\n<p>\n          <span style=\"color: #000000;\">\n            <span lang=\"en-GB\">\n              <b>Santorini<\/b>\n            <\/span>\n            <span lang=\"en-GB\"> oggi conta 10.000 abitanti. Il capoluogo dell&#8217;isola \u00e8 <\/span>\n            <span lang=\"en-GB\">\n              <b>Fira<\/b>\n            <\/span>\n            <span lang=\"en-GB\">. Uno dei paesi pi\u00f9 eleganti \u00e8 Oia (che si pronuncia Ia), molto conosciuta in tutto il mondo per i suoi <\/span>\n            <span lang=\"en-GB\">\n              <b>tramonti spettacolari<\/b>\n            <\/span>\n            <span lang=\"en-GB\">. Le spiagge nere, le aspra scogliera e i colori del vulcano fanno di Santorini un posto eccezionale da visitare.<\/span>\n          <\/span>\n        <\/p>\n\n\n\n<p>\n          <span style=\"color: #000000;\">\n            <span lang=\"en-GB\">Nella Caldera, a 400 metri di profondit\u00e0, esite ancora un cratere gigante profondo 10 km. L&#8217;architettura dell&#8217;isola \u00e8 strettamente legata ai bisogni delle persone e alla bellezza dell&#8217;isola delle Cicladi. Il visitatore rimane colpito dalle <\/span>\n            <span lang=\"en-GB\">\n              <b>case tradizionali costruite nella roccia<\/b>\n            <\/span>\n            <span lang=\"en-GB\"> con i loro colori vivaci. Ci sono pi\u00f9 di 300 chiese con cupole in tutta l&#8217;isola, e pochissimi palazzi imponenti che sono resistiti al terribile terremoto del 1956.<\/span>\n          <\/span>\n        <\/p>\n\n\n\n<p>\n          <span style=\"color: #000000;\"><span lang=\"en-GB\">Santorini \u00e8 un posto incantevole e romantico e per questo le coppie vengono da tutto il mondo per trascorrere qui la loro luna di miele. Blue Dolphins hotel ha una <\/span><span lang=\"en-GB\"><b>suite speciale per chi viene a trascorrere la luna di miele<\/b><\/span><span lang=\"en-GB\">!<\/span><\/span>\n        <\/p>\n\n\n\n<p>\n          <span style=\"color: #000000;\">\n            <span lang=\"en-GB\">Dopo aver completato il nostro piccolo viaggio attraverso i sentieri della storia, vi auguriamo un felice soggiorno nella nostra meravigliosa isola!<\/span>\n          <\/span>\n        <\/p>\n<\/div><\/div>\n","protected":false},"excerpt":{"rendered":"","protected":false},"author":5,"featured_media":9468,"parent":0,"menu_order":0,"comment_status":"closed","ping_status":"closed","template":"","meta":{"ocean_post_layout":"","ocean_both_sidebars_style":"","ocean_both_sidebars_content_width":0,"ocean_both_sidebars_sidebars_width":0,"ocean_sidebar":"0","ocean_second_sidebar":"0","ocean_disable_margins":"enable","ocean_add_body_class":"","ocean_shortcode_before_top_bar":"","ocean_shortcode_after_top_bar":"","ocean_shortcode_before_header":"","ocean_shortcode_after_header":"","ocean_has_shortcode":"","ocean_shortcode_after_title":"","ocean_shortcode_before_footer_widgets":"","ocean_shortcode_after_footer_widgets":"","ocean_shortcode_before_footer_bottom":"","ocean_shortcode_after_footer_bottom":"","ocean_display_top_bar":"default","ocean_display_header":"default","ocean_header_style":"","ocean_center_header_left_menu":"0","ocean_custom_header_template":"0","ocean_custom_logo":0,"ocean_custom_retina_logo":0,"ocean_custom_logo_max_width":0,"ocean_custom_logo_tablet_max_width":0,"ocean_custom_logo_mobile_max_width":0,"ocean_custom_logo_max_height":0,"ocean_custom_logo_tablet_max_height":0,"ocean_custom_logo_mobile_max_height":0,"ocean_header_custom_menu":"0","ocean_menu_typo_font_family":"0","ocean_menu_typo_font_subset":"","ocean_menu_typo_font_size":0,"ocean_menu_typo_font_size_tablet":0,"ocean_menu_typo_font_size_mobile":0,"ocean_menu_typo_font_size_unit":"px","ocean_menu_typo_font_weight":"","ocean_menu_typo_font_weight_tablet":"","ocean_menu_typo_font_weight_mobile":"","ocean_menu_typo_transform":"","ocean_menu_typo_transform_tablet":"","ocean_menu_typo_transform_mobile":"","ocean_menu_typo_line_height":0,"ocean_menu_typo_line_height_tablet":0,"ocean_menu_typo_line_height_mobile":0,"ocean_menu_typo_line_height_unit":"","ocean_menu_typo_spacing":0,"ocean_menu_typo_spacing_tablet":0,"ocean_menu_typo_spacing_mobile":0,"ocean_menu_typo_spacing_unit":"","ocean_menu_link_color":"","ocean_menu_link_color_hover":"","ocean_menu_link_color_active":"","ocean_menu_link_background":"","ocean_menu_link_hover_background":"","ocean_menu_link_active_background":"","ocean_menu_social_links_bg":"","ocean_menu_social_hover_links_bg":"","ocean_menu_social_links_color":"","ocean_menu_social_hover_links_color":"","ocean_disable_title":"default","ocean_disable_heading":"default","ocean_post_title":"","ocean_post_subheading":"","ocean_post_title_style":"","ocean_post_title_background_color":"","ocean_post_title_background":0,"ocean_post_title_bg_image_position":"","ocean_post_title_bg_image_attachment":"","ocean_post_title_bg_image_repeat":"","ocean_post_title_bg_image_size":"","ocean_post_title_height":0,"ocean_post_title_bg_overlay":0.5,"ocean_post_title_bg_overlay_color":"","ocean_disable_breadcrumbs":"default","ocean_breadcrumbs_color":"","ocean_breadcrumbs_separator_color":"","ocean_breadcrumbs_links_color":"","ocean_breadcrumbs_links_hover_color":"","ocean_display_footer_widgets":"default","ocean_display_footer_bottom":"default","ocean_custom_footer_template":"0","osh_disable_topbar_sticky":"default","osh_disable_header_sticky":"default","osh_sticky_header_style":"default","osh_sticky_header_effect":"","osh_custom_sticky_logo":0,"osh_custom_retina_sticky_logo":0,"osh_custom_sticky_logo_height":0,"osh_background_color":"","osh_links_color":"","osh_links_hover_color":"","osh_links_active_color":"","osh_links_bg_color":"","osh_links_hover_bg_color":"","osh_links_active_bg_color":"","osh_menu_social_links_color":"","osh_menu_social_hover_links_color":"","footnotes":""},"class_list":["post-11364","page","type-page","status-publish","has-post-thumbnail","hentry","entry","has-media"],"_links":{"self":[{"href":"https:\/\/www.bluedolphins.gr\/it\/wp-json\/wp\/v2\/pages\/11364","targetHints":{"allow":["GET"]}}],"collection":[{"href":"https:\/\/www.bluedolphins.gr\/it\/wp-json\/wp\/v2\/pages"}],"about":[{"href":"https:\/\/www.bluedolphins.gr\/it\/wp-json\/wp\/v2\/types\/page"}],"author":[{"embeddable":true,"href":"https:\/\/www.bluedolphins.gr\/it\/wp-json\/wp\/v2\/users\/5"}],"replies":[{"embeddable":true,"href":"https:\/\/www.bluedolphins.gr\/it\/wp-json\/wp\/v2\/comments?post=11364"}],"version-history":[{"count":0,"href":"https:\/\/www.bluedolphins.gr\/it\/wp-json\/wp\/v2\/pages\/11364\/revisions"}],"wp:featuredmedia":[{"embeddable":true,"href":"https:\/\/www.bluedolphins.gr\/it\/wp-json\/wp\/v2\/media\/9468"}],"wp:attachment":[{"href":"https:\/\/www.bluedolphins.gr\/it\/wp-json\/wp\/v2\/media?parent=11364"}],"curies":[{"name":"wp","href":"https:\/\/api.w.org\/{rel}","templated":true}]}}