{"id":11332,"date":"2015-12-26T17:46:24","date_gmt":"2015-12-26T15:46:24","guid":{"rendered":"https:\/\/www.bluedolphins.gr\/politica-degli-hotel\/"},"modified":"2024-01-26T21:16:29","modified_gmt":"2024-01-26T19:16:29","slug":"politica-degli-hotel","status":"publish","type":"page","link":"https:\/\/www.bluedolphins.gr\/it\/politica-degli-hotel\/","title":{"rendered":"Politica degli Hotel"},"content":{"rendered":"\n<div class=\"wp-block-toolset-blocks-container tb-container\" data-toolset-blocks-container=\"84451cfe5afd8ca66a698af39f254542\"><div class=\"tb-container-inner\">\n<h5 class=\"wp-block-heading\" style=\"font-size:24px\">\n          <strong>TERMINI E CONDIZIONI DELL&#8217;HOTEL <\/strong>\n        <\/h5>\n\n\n\n<p><strong>Orario check in: 15.00<\/strong> (si pu\u00f2 anticipare il check in solo su disponibiolit\u00e0)<br\/><strong>Oraio check out: 11.00<\/strong> (il deposito bagagli \u00e8 disponibile gratuitamente e il checkout posticipato solo su disponibilit\u00e0) <\/p>\n\n\n\n<h5 class=\"wp-block-heading\" style=\"font-size:24px\">\n          <strong>Politica per i bambini<\/strong>\n        <\/h5>\n\n\n\n<p>I bambini di tutte le et\u00e0 sono benvenuti e ospitati gratuitamente fino a 5 anni.<br\/>I bambini di et\u00e0 compresa tra 6 e 12 anni pagano un supplemento di 25 euro a notte.<br\/>I bambini di et\u00e0 superiore ai 12 anni pagano come gli adulti, con un supplemento di 50 euro a notte.<br\/>Qualsiasi tipo di letto supplementare\/culla \u00e8 disponibile su richiesta e deve essere confermato dall&#8217;hotel.<\/p>\n\n\n\n<h5 class=\"wp-block-heading\" style=\"font-size:24px\">\n          <strong>Metodi di pagamento<\/strong>\n        <\/h5>\n\n\n\n<p>Sono accettati Visa, Mastercard, American Express, Paypal.<br\/>L&#8217;hotel si riserva il diritto di fare la pre-autorizzazione delle carte di credito prima dell&#8217;arrivo.<br\/>Agli ospiti \u00e8 richiesto di mostrare la carta di credito utilizzata per la prenotazione e pagare al momento del check in. Se la carta di cerdito non \u00e8 disponibile, l&#8217;albergo effettuer\u00e0 l&#8217;addebbito su un&#8217;altra carta e rimborser\u00e0 l&#8217;intero importo sulla carta di credito iniziale. Le copie e le foto delle carte di credito, come anche le carte di credito intestate a terzi non sono accettate. <\/p>\n<\/div><\/div>\n","protected":false},"excerpt":{"rendered":"","protected":false},"author":5,"featured_media":0,"parent":0,"menu_order":0,"comment_status":"closed","ping_status":"closed","template":"","meta":{"ocean_post_layout":"","ocean_both_sidebars_style":"","ocean_both_sidebars_content_width":0,"ocean_both_sidebars_sidebars_width":0,"ocean_sidebar":"0","ocean_second_sidebar":"0","ocean_disable_margins":"enable","ocean_add_body_class":"","ocean_shortcode_before_top_bar":"","ocean_shortcode_after_top_bar":"","ocean_shortcode_before_header":"","ocean_shortcode_after_header":"","ocean_has_shortcode":"","ocean_shortcode_after_title":"","ocean_shortcode_before_footer_widgets":"","ocean_shortcode_after_footer_widgets":"","ocean_shortcode_before_footer_bottom":"","ocean_shortcode_after_footer_bottom":"","ocean_display_top_bar":"default","ocean_display_header":"default","ocean_header_style":"","ocean_center_header_left_menu":"0","ocean_custom_header_template":"0","ocean_custom_logo":0,"ocean_custom_retina_logo":0,"ocean_custom_logo_max_width":0,"ocean_custom_logo_tablet_max_width":0,"ocean_custom_logo_mobile_max_width":0,"ocean_custom_logo_max_height":0,"ocean_custom_logo_tablet_max_height":0,"ocean_custom_logo_mobile_max_height":0,"ocean_header_custom_menu":"0","ocean_menu_typo_font_family":"0","ocean_menu_typo_font_subset":"","ocean_menu_typo_font_size":0,"ocean_menu_typo_font_size_tablet":0,"ocean_menu_typo_font_size_mobile":0,"ocean_menu_typo_font_size_unit":"px","ocean_menu_typo_font_weight":"","ocean_menu_typo_font_weight_tablet":"","ocean_menu_typo_font_weight_mobile":"","ocean_menu_typo_transform":"","ocean_menu_typo_transform_tablet":"","ocean_menu_typo_transform_mobile":"","ocean_menu_typo_line_height":0,"ocean_menu_typo_line_height_tablet":0,"ocean_menu_typo_line_height_mobile":0,"ocean_menu_typo_line_height_unit":"","ocean_menu_typo_spacing":0,"ocean_menu_typo_spacing_tablet":0,"ocean_menu_typo_spacing_mobile":0,"ocean_menu_typo_spacing_unit":"","ocean_menu_link_color":"","ocean_menu_link_color_hover":"","ocean_menu_link_color_active":"","ocean_menu_link_background":"","ocean_menu_link_hover_background":"","ocean_menu_link_active_background":"","ocean_menu_social_links_bg":"","ocean_menu_social_hover_links_bg":"","ocean_menu_social_links_color":"","ocean_menu_social_hover_links_color":"","ocean_disable_title":"default","ocean_disable_heading":"default","ocean_post_title":"","ocean_post_subheading":"","ocean_post_title_style":"","ocean_post_title_background_color":"","ocean_post_title_background":0,"ocean_post_title_bg_image_position":"","ocean_post_title_bg_image_attachment":"","ocean_post_title_bg_image_repeat":"","ocean_post_title_bg_image_size":"","ocean_post_title_height":0,"ocean_post_title_bg_overlay":0.5,"ocean_post_title_bg_overlay_color":"","ocean_disable_breadcrumbs":"default","ocean_breadcrumbs_color":"","ocean_breadcrumbs_separator_color":"","ocean_breadcrumbs_links_color":"","ocean_breadcrumbs_links_hover_color":"","ocean_display_footer_widgets":"default","ocean_display_footer_bottom":"default","ocean_custom_footer_template":"0","osh_disable_topbar_sticky":"default","osh_disable_header_sticky":"default","osh_sticky_header_style":"default","osh_sticky_header_effect":"","osh_custom_sticky_logo":0,"osh_custom_retina_sticky_logo":0,"osh_custom_sticky_logo_height":0,"osh_background_color":"","osh_links_color":"","osh_links_hover_color":"","osh_links_active_color":"","osh_links_bg_color":"","osh_links_hover_bg_color":"","osh_links_active_bg_color":"","osh_menu_social_links_color":"","osh_menu_social_hover_links_color":"","footnotes":""},"class_list":["post-11332","page","type-page","status-publish","hentry","entry"],"_links":{"self":[{"href":"https:\/\/www.bluedolphins.gr\/it\/wp-json\/wp\/v2\/pages\/11332","targetHints":{"allow":["GET"]}}],"collection":[{"href":"https:\/\/www.bluedolphins.gr\/it\/wp-json\/wp\/v2\/pages"}],"about":[{"href":"https:\/\/www.bluedolphins.gr\/it\/wp-json\/wp\/v2\/types\/page"}],"author":[{"embeddable":true,"href":"https:\/\/www.bluedolphins.gr\/it\/wp-json\/wp\/v2\/users\/5"}],"replies":[{"embeddable":true,"href":"https:\/\/www.bluedolphins.gr\/it\/wp-json\/wp\/v2\/comments?post=11332"}],"version-history":[{"count":0,"href":"https:\/\/www.bluedolphins.gr\/it\/wp-json\/wp\/v2\/pages\/11332\/revisions"}],"wp:attachment":[{"href":"https:\/\/www.bluedolphins.gr\/it\/wp-json\/wp\/v2\/media?parent=11332"}],"curies":[{"name":"wp","href":"https:\/\/api.w.org\/{rel}","templated":true}]}}