{"id":11289,"date":"2021-03-09T01:11:03","date_gmt":"2021-03-08T23:11:03","guid":{"rendered":"https:\/\/www.bluedolphins.gr\/covid-19-i-soggiorno-sicuro\/"},"modified":"2022-10-03T23:39:15","modified_gmt":"2022-10-03T20:39:15","slug":"covid-19-i-soggiorno-sicuro","status":"publish","type":"page","link":"https:\/\/www.bluedolphins.gr\/it\/covid-19-i-soggiorno-sicuro\/","title":{"rendered":"COVID-19 I Soggiorno sicuro"},"content":{"rendered":"\n<div class=\"wp-block-toolset-blocks-container tb-container\" data-toolset-blocks-container=\"e04214d6e871e297b8d75dce8e43350a\" data-bg=\"https:\/\/www.bluedolphins.gr\/wp-content\/uploads\/2020\/08\/honeymoon-jacuzzi-suites-private-balcony-santorini-bluedolphins-sl4.jpg\"><div class=\"tb-container-inner\">\n<h1 class=\"tb-heading has-text-color\" data-toolset-blocks-heading=\"eff7971565d489cc046b1715a27c983d\" data-last-update=\"1.4\">COVID-19 I Soggiorno sicuro<\/h1>\n<\/div><\/div>\n\n<div class=\"wp-block-toolset-blocks-container tb-container\" data-toolset-blocks-container=\"516a84e3cc80dde181e02b9fedf7683a\"><div class=\"tb-container-inner\">\n<p>La sicurezza dei nostri ospiti e dei membri dello staff \u00e8 e rimane la nostra priorit\u00e0. Facciamo tutto ci\u00f2 che pu\u00f2 garantirti un soggiorno sicuro e provvediamo ad avere una maggiore flessibilit\u00e0 nelle prenotazioni, secondo l\u2019evoluzione della situazione riguardante il Covid 19.<\/p>\n\n\n\n<p>Nel frattempo, stiamo facendo il nostro meglio per essere sempre ottimisti e prepararvi delle vacanze all\u2019insegna della sicurezza. Seguiamo le linee guida delle autorit\u00e0 nazionali e locali, salvaguardando la salute e la sicurezza di tutti, dallo staff ai nostri ospiti<\/p>\n\n\n\n<p>Sappiamo quanto siano importanti le vacanze con la tua famiglia o con il tuo amore. Il sole della Grecia, le tradizioni delle Cicladi e i sorrisi del nostro staff ti aspettano per condividere momenti indimenticabili e creare ricordi felici.<\/p>\n\n\n\n<div class=\"wp-block-toolset-blocks-container tb-container\" data-toolset-blocks-container=\"ed3832aa6201cbec5b1e5b902dc067e2\">\n<figure class=\"wp-block-image tb-image tb-image-media\" data-toolset-blocks-image=\"276c624fa55f999778e3f6327bd549ba\"><img loading=\"lazy\" decoding=\"async\" width=\"500\" height=\"309\" loading=\"lazy\" src=\"https:\/\/www.bluedolphins.gr\/wp-content\/uploads\/2021\/01\/health-first-Santorini-bluedolphins.jpg\" alt=\"\" class=\"wp-image-11055\" srcset=\"https:\/\/www.bluedolphins.gr\/wp-content\/uploads\/2021\/01\/health-first-Santorini-bluedolphins.jpg 500w, https:\/\/www.bluedolphins.gr\/wp-content\/uploads\/2021\/01\/health-first-Santorini-bluedolphins-300x185.jpg 300w\" sizes=\"auto, (max-width: 500px) 100vw, 500px\" \/><\/figure>\n<\/div>\n\n\n\n<p style=\"font-size:24px\">Combiniamo le misure di sicurezza con continui aggiornamenti<\/p>\n\n\n\n<p><br\/>Protocolli per l\u2019igiene delle mani: corretti e frequenti lavaggi delle mani \u00e8 fondamentale per prevenire la propagazione del virus.<br\/>Formazione in corso: In aggiunta ai protocolli sull\u2019igiene e la pulizia, i membri del nostro team hanno implementato la formazione per il Covid 19.<br\/>Distanziamento appropriato alla reception.<br\/>Spazio aperto dove fare il check.in e il check-out.<br\/>\u2022 Cleaning Products &amp; Protocols: Blue Dolphins uses Eco Lab cleaning products &amp; protocols that are effective against viruses, including COVID-19.<br\/>Camere per gli ospiti: i nostri hotel utilizzano prodotti per la pulizia e protocolli d\u2019igiene per pulire le stanze dopo la partenza di ogni ospite, e prima dell\u2019arrivo dei nuovi, prestando particolare attenzione alla pulizia dei dispositivi touch.<br\/>\u2022 Public Spaces: Our hotel has significantly increased the frequency of cleaning &amp; disinfecting in its public spaces, with a focus on the counter at the front desk, door handles, public bathrooms and room keys.<br\/>Area staff: nello spazio riservato al lavoro del nostro staff, il nostro hotel ha intensificato la frequenza delle pulizie con un\u2019attenzione particolare alle aree della lavanderia, l\u2019entrata e gli uffici.<\/p>\n\n\n\n<p style=\"font-size:24px\"><br\/>Termini e condizioni<\/p>\n\n\n\n<p><br\/>La nostra priorit\u00e0 \u00e8 proteggere la salute dei nostri ospiti e dello staff. Quindi alcuni servizi e amenit\u00e0 potrebbero essere ridotti.<br\/>La reception e i servizi a tempo verranno ridotti.<br\/>Gli ospiti sono pregati di informare l\u2019hotel in anticipo del loro arrivo per accelerare il check-in.<br\/>Il check-in \u00e8 stato modificato alle 15.00 e il check-out alle 11.00, per permettere che ogni stanza sia accuratamente disinfettata e gli spazi comuni adeguatamente ventilati.<br\/>Le camere in albergo sono esclusivamente per gli ospiti. Non \u00e8 possibile ospitare nessun visitatore.<br\/>In risposta al Covid 19, agli ospiti verranno richiesti i documenti d\u2019identit\u00e0, itinerari di viaggio, e altre informazioni rilevanti per le linee guida del GDPR.<br\/>In caso di supporto medico, gli ospiti possono contattare la nostra reception.<\/p>\n\n\n\n<p><br\/>For your convenience, the European Emergency Number is 112.<br\/>For any Covid-19 related inquiries dial 1135.<\/p>\n\n\n\n<p><br\/>Continueremo ad aggiornare il nostro sito con le ultime informazioni, supporteremo la nostra comunit\u00e0 e ci impegneremo a salvaguardare la vostra sicurezza in viaggio.<\/p>\n\n\n\n<p style=\"font-size:24px\">\n          <br\/>\n          <em>Non vediamo l&#8217;ora di darti il benvenuto da Blue Dolphins e offrirti un&#8217;esperienza memorabile!<\/em>\n        <\/p>\n<\/div><\/div>\n\n<p><\/p>\n","protected":false},"excerpt":{"rendered":"","protected":false},"author":5,"featured_media":10951,"parent":0,"menu_order":0,"comment_status":"closed","ping_status":"closed","template":"","meta":{"ocean_post_layout":"","ocean_both_sidebars_style":"","ocean_both_sidebars_content_width":0,"ocean_both_sidebars_sidebars_width":0,"ocean_sidebar":"0","ocean_second_sidebar":"0","ocean_disable_margins":"on","ocean_add_body_class":"","ocean_shortcode_before_top_bar":"","ocean_shortcode_after_top_bar":"","ocean_shortcode_before_header":"","ocean_shortcode_after_header":"","ocean_has_shortcode":"","ocean_shortcode_after_title":"","ocean_shortcode_before_footer_widgets":"","ocean_shortcode_after_footer_widgets":"","ocean_shortcode_before_footer_bottom":"","ocean_shortcode_after_footer_bottom":"","ocean_display_top_bar":"default","ocean_display_header":"default","ocean_header_style":"","ocean_center_header_left_menu":"0","ocean_custom_header_template":"0","ocean_custom_logo":0,"ocean_custom_retina_logo":0,"ocean_custom_logo_max_width":0,"ocean_custom_logo_tablet_max_width":0,"ocean_custom_logo_mobile_max_width":0,"ocean_custom_logo_max_height":0,"ocean_custom_logo_tablet_max_height":0,"ocean_custom_logo_mobile_max_height":0,"ocean_header_custom_menu":"0","ocean_menu_typo_font_family":"0","ocean_menu_typo_font_subset":"","ocean_menu_typo_font_size":0,"ocean_menu_typo_font_size_tablet":0,"ocean_menu_typo_font_size_mobile":0,"ocean_menu_typo_font_size_unit":"px","ocean_menu_typo_font_weight":"","ocean_menu_typo_font_weight_tablet":"","ocean_menu_typo_font_weight_mobile":"","ocean_menu_typo_transform":"","ocean_menu_typo_transform_tablet":"","ocean_menu_typo_transform_mobile":"","ocean_menu_typo_line_height":0,"ocean_menu_typo_line_height_tablet":0,"ocean_menu_typo_line_height_mobile":0,"ocean_menu_typo_line_height_unit":"","ocean_menu_typo_spacing":0,"ocean_menu_typo_spacing_tablet":0,"ocean_menu_typo_spacing_mobile":0,"ocean_menu_typo_spacing_unit":"","ocean_menu_link_color":"","ocean_menu_link_color_hover":"","ocean_menu_link_color_active":"","ocean_menu_link_background":"","ocean_menu_link_hover_background":"","ocean_menu_link_active_background":"","ocean_menu_social_links_bg":"","ocean_menu_social_hover_links_bg":"","ocean_menu_social_links_color":"","ocean_menu_social_hover_links_color":"","ocean_disable_title":"on","ocean_disable_heading":"default","ocean_post_title":"","ocean_post_subheading":"","ocean_post_title_style":"","ocean_post_title_background_color":"","ocean_post_title_background":0,"ocean_post_title_bg_image_position":"","ocean_post_title_bg_image_attachment":"","ocean_post_title_bg_image_repeat":"","ocean_post_title_bg_image_size":"","ocean_post_title_height":0,"ocean_post_title_bg_overlay":0.5,"ocean_post_title_bg_overlay_color":"","ocean_disable_breadcrumbs":"default","ocean_breadcrumbs_color":"","ocean_breadcrumbs_separator_color":"","ocean_breadcrumbs_links_color":"","ocean_breadcrumbs_links_hover_color":"","ocean_display_footer_widgets":"default","ocean_display_footer_bottom":"default","ocean_custom_footer_template":"0","osh_disable_topbar_sticky":"default","osh_disable_header_sticky":"default","osh_sticky_header_style":"default","osh_sticky_header_effect":"","osh_custom_sticky_logo":0,"osh_custom_retina_sticky_logo":0,"osh_custom_sticky_logo_height":0,"osh_background_color":"","osh_links_color":"","osh_links_hover_color":"","osh_links_active_color":"","osh_links_bg_color":"","osh_links_hover_bg_color":"","osh_links_active_bg_color":"","osh_menu_social_links_color":"","osh_menu_social_hover_links_color":"","footnotes":""},"class_list":["post-11289","page","type-page","status-publish","has-post-thumbnail","hentry","entry","has-media"],"_links":{"self":[{"href":"https:\/\/www.bluedolphins.gr\/it\/wp-json\/wp\/v2\/pages\/11289","targetHints":{"allow":["GET"]}}],"collection":[{"href":"https:\/\/www.bluedolphins.gr\/it\/wp-json\/wp\/v2\/pages"}],"about":[{"href":"https:\/\/www.bluedolphins.gr\/it\/wp-json\/wp\/v2\/types\/page"}],"author":[{"embeddable":true,"href":"https:\/\/www.bluedolphins.gr\/it\/wp-json\/wp\/v2\/users\/5"}],"replies":[{"embeddable":true,"href":"https:\/\/www.bluedolphins.gr\/it\/wp-json\/wp\/v2\/comments?post=11289"}],"version-history":[{"count":0,"href":"https:\/\/www.bluedolphins.gr\/it\/wp-json\/wp\/v2\/pages\/11289\/revisions"}],"wp:featuredmedia":[{"embeddable":true,"href":"https:\/\/www.bluedolphins.gr\/it\/wp-json\/wp\/v2\/media\/10951"}],"wp:attachment":[{"href":"https:\/\/www.bluedolphins.gr\/it\/wp-json\/wp\/v2\/media?parent=11289"}],"curies":[{"name":"wp","href":"https:\/\/api.w.org\/{rel}","templated":true}]}}