{"id":11269,"date":"2015-12-18T05:10:23","date_gmt":"2015-12-18T03:10:23","guid":{"rendered":"https:\/\/www.bluedolphins.gr\/bluedolphins-appartmenti-suites-santorini\/"},"modified":"2026-02-17T01:25:54","modified_gmt":"2026-02-16T23:25:54","slug":"bluedolphins-appartmenti-suites-santorini","status":"publish","type":"page","link":"https:\/\/www.bluedolphins.gr\/it\/bluedolphins-appartmenti-suites-santorini\/","title":{"rendered":"BlueDolphins Appartmenti &amp; Suites | Santorini"},"content":{"rendered":"<h4 data-toolset-blocks-heading=\"1\" data-last-update=\"1.4\"><em>Un hotel che vi toglier\u00e0 il fiato con la sua vista meravigliosa sul bellissimo paesaggio di santorini e i colorati paesini. Momenti di relax nella Jacuzzi al chiuso e nelle accoglienti camere fornite di tutto ci\u00f2 che desideri!<\/em><\/h4>\n<p>Perch\u00e9 soggiornare a <strong>Blue<\/strong> <strong>Dolphins<\/strong>?<\/p>\n<p>Perch\u00e9 qui ti sentirai come a casa diventando parte della nostra famiglia! Dopotutto, non \u00e8 questo il vero significato di ospitalit\u00e0 calda e genuina?<\/p>\n<p>Il nostro complesso boutique, composto da camere doppie standard, case grotta e suite, si trova proprio al centro di quest&#8217;isola davvero magica e mistica, a Firostefani, con vista sul famoso vulcano e sul Mar Egeo. Viaggiando in coppia o in gruppo di familiari\/amici, potrete staccare dalla routine quotidiana e godervi una <strong>vacanza in Grecia<\/strong> che non dimenticherete mai. Poich\u00e9 riteniamo che la famiglia sia una benedizione, i bambini di tutte le et\u00e0 sono i benvenuti!  <\/p>\n<h3>Perch\u00e9 soggiornare a Blue Dolphins: Un&#8217;esperienza unica vi aspetta<\/h3>\n<p>Tutte le camere sono arredate nello stile tradizionale di Santorini e si affacciano sulla Caldera e sul mar Egeo. Sono fornite di tutti i comfort e molte camere recentemente rinnovate uniscono la nostra tradizionale ospitalit\u00e0 con quella contemporanea.<\/p>\n<p>Il Blue Dolphins Hotel offre la tipica <strong>colazione greca<\/strong> per iniziare la giornata con ingredienti freschi e locali. La <strong>colazione<\/strong> viene servita privatamente sul vostro balcone, che offre <a href=\"http:\/\/www.bluedolphins.gr\/photo-from-santorini\/\"><br \/>\n  <strong>vista mozzafiato sulla caldera<\/strong><br \/>\n<\/a>, il vulcano di <a href=\"http:\/\/www.bluedolphins.gr\/the-island-of-santorini\/\"><br \/>\n  <strong>Santorini<\/strong><br \/>\n<\/a>, il <strong>Mar Egeo<\/strong> e il villaggio di <strong>Firostefani<\/strong>.<\/p>\n<p>Il nostro esperto staff locale accoglie tutti i nostri ospiti con un sorriso sincero e si impegna al massimo per garantire un soggiorno piacevole e confortevole a Santorini. Il nostro unico scopo e la nostra indulgenza derivano dalla consapevolezza che ogni viaggiatore che soggiorna al Blue Dolphins Hotel trova tutto ci\u00f2 che pu\u00f2 richiedere e anche di pi\u00f9. A tal fine, abbiamo creato una variet\u00e0 di servizi personalizzati che soddisfano le esigenze e i desideri di tutti i viaggiatori, e ci impegniamo costantemente per elevare l&#8217;esperienza di soggiorno del Blue Dolphins Hotel per soddisfare gli standard pi\u00f9 elevati.<\/p>\n<p>Situato nella meravigliosa Firostefani, Blue Dolphins offre la possibilit\u00e0 ai nostri ospiti di godere della tranquillit\u00e0 del paese, ma anche di raggiungere a piedi la citt\u00e0 principale di Fira in 10 minuti, dove potrete trovare negozi, ristoranti, musei e locali.<\/p>\n<p>Circondati del lusso dei nostri servizi personalizzati e concediti il piacere di vivere un\u2019esperienza incredibile!<\/p>\n<p>\t\t\t<iframe loading=\"lazy\"\n\t\t\t\t\tsrc=\"https:\/\/maps.google.com\/maps?q=36.4276873914109%2C%2025.427674418979652&#038;t=m&#038;z=16&#038;output=embed&#038;iwloc=near\"\n\t\t\t\t\ttitle=\"36.4276873914109, 25.427674418979652\"\n\t\t\t\t\taria-label=\"36.4276873914109, 25.427674418979652\"\n\t\t\t><\/iframe><\/p>\n<h2>Blue Dolphins dista da:<\/h2>\n<p><strong>Oia<\/strong>: 9km<\/p>\n<p><strong>Fira<\/strong> (citt\u00e0 principale): 2km (10&#8242; a piedi)<\/p>\n<p><strong>Porto<\/strong>: 15km<\/p>\n<p><strong>Areoporto<\/strong>: 10km<\/p>\n<p><strong>Bus stop<\/strong>: 200m<\/p>\n<p><strong>Spiaggia pi\u00f9 vicina<\/strong>: 3km<\/p>\n<p><a href=\"http:\/\/www.bluedolphins.gr\/beach-of-santorini\/\"><strong>Spiaggia di Perivolos<\/strong><\/a>, <a href=\"http:\/\/www.bluedolphins.gr\/beach-of-santorini\/\"><strong>spiaggia di Perissa<\/strong><\/a> and la <a href=\"http:\/\/www.bluedolphins.gr\/beach-of-santorini\/\"><strong>spiaggia Rossa<\/strong><\/a>: 15km<\/p>\n","protected":false},"excerpt":{"rendered":"<p>Un hotel che vi toglier\u00e0 il fiato con la sua vista meravigliosa sul bellissimo paesaggio di santorini e i colorati paesini. Momenti di relax nella Jacuzzi al chiuso e nelle accoglienti camere fornite di tutto ci\u00f2 che desideri! Perch\u00e9 soggiornare a Blue Dolphins? Perch\u00e9 qui ti sentirai come a casa diventando parte della nostra famiglia! [&hellip;]<\/p>\n","protected":false},"author":5,"featured_media":9300,"parent":0,"menu_order":0,"comment_status":"closed","ping_status":"closed","template":"","meta":{"ocean_post_layout":"","ocean_both_sidebars_style":"","ocean_both_sidebars_content_width":0,"ocean_both_sidebars_sidebars_width":0,"ocean_sidebar":"0","ocean_second_sidebar":"0","ocean_disable_margins":"enable","ocean_add_body_class":"","ocean_shortcode_before_top_bar":"","ocean_shortcode_after_top_bar":"","ocean_shortcode_before_header":"","ocean_shortcode_after_header":"","ocean_has_shortcode":"","ocean_shortcode_after_title":"","ocean_shortcode_before_footer_widgets":"","ocean_shortcode_after_footer_widgets":"","ocean_shortcode_before_footer_bottom":"","ocean_shortcode_after_footer_bottom":"","ocean_display_top_bar":"default","ocean_display_header":"default","ocean_header_style":"","ocean_center_header_left_menu":"0","ocean_custom_header_template":"0","ocean_custom_logo":0,"ocean_custom_retina_logo":0,"ocean_custom_logo_max_width":0,"ocean_custom_logo_tablet_max_width":0,"ocean_custom_logo_mobile_max_width":0,"ocean_custom_logo_max_height":0,"ocean_custom_logo_tablet_max_height":0,"ocean_custom_logo_mobile_max_height":0,"ocean_header_custom_menu":"0","ocean_menu_typo_font_family":"0","ocean_menu_typo_font_subset":"","ocean_menu_typo_font_size":0,"ocean_menu_typo_font_size_tablet":0,"ocean_menu_typo_font_size_mobile":0,"ocean_menu_typo_font_size_unit":"px","ocean_menu_typo_font_weight":"","ocean_menu_typo_font_weight_tablet":"","ocean_menu_typo_font_weight_mobile":"","ocean_menu_typo_transform":"","ocean_menu_typo_transform_tablet":"","ocean_menu_typo_transform_mobile":"","ocean_menu_typo_line_height":0,"ocean_menu_typo_line_height_tablet":0,"ocean_menu_typo_line_height_mobile":0,"ocean_menu_typo_line_height_unit":"","ocean_menu_typo_spacing":0,"ocean_menu_typo_spacing_tablet":0,"ocean_menu_typo_spacing_mobile":0,"ocean_menu_typo_spacing_unit":"","ocean_menu_link_color":"","ocean_menu_link_color_hover":"","ocean_menu_link_color_active":"","ocean_menu_link_background":"","ocean_menu_link_hover_background":"","ocean_menu_link_active_background":"","ocean_menu_social_links_bg":"","ocean_menu_social_hover_links_bg":"","ocean_menu_social_links_color":"","ocean_menu_social_hover_links_color":"","ocean_disable_title":"on","ocean_disable_heading":"default","ocean_post_title":"","ocean_post_subheading":"","ocean_post_title_style":"","ocean_post_title_background_color":"","ocean_post_title_background":0,"ocean_post_title_bg_image_position":"","ocean_post_title_bg_image_attachment":"","ocean_post_title_bg_image_repeat":"","ocean_post_title_bg_image_size":"","ocean_post_title_height":0,"ocean_post_title_bg_overlay":0.5,"ocean_post_title_bg_overlay_color":"","ocean_disable_breadcrumbs":"off","ocean_breadcrumbs_color":"","ocean_breadcrumbs_separator_color":"","ocean_breadcrumbs_links_color":"","ocean_breadcrumbs_links_hover_color":"","ocean_display_footer_widgets":"default","ocean_display_footer_bottom":"default","ocean_custom_footer_template":"0","osh_disable_topbar_sticky":"default","osh_disable_header_sticky":"default","osh_sticky_header_style":"default","osh_sticky_header_effect":"","osh_custom_sticky_logo":0,"osh_custom_retina_sticky_logo":0,"osh_custom_sticky_logo_height":0,"osh_background_color":"","osh_links_color":"","osh_links_hover_color":"","osh_links_active_color":"","osh_links_bg_color":"","osh_links_hover_bg_color":"","osh_links_active_bg_color":"","osh_menu_social_links_color":"","osh_menu_social_hover_links_color":"","footnotes":""},"class_list":["post-11269","page","type-page","status-publish","has-post-thumbnail","hentry","entry","has-media"],"_links":{"self":[{"href":"https:\/\/www.bluedolphins.gr\/it\/wp-json\/wp\/v2\/pages\/11269","targetHints":{"allow":["GET"]}}],"collection":[{"href":"https:\/\/www.bluedolphins.gr\/it\/wp-json\/wp\/v2\/pages"}],"about":[{"href":"https:\/\/www.bluedolphins.gr\/it\/wp-json\/wp\/v2\/types\/page"}],"author":[{"embeddable":true,"href":"https:\/\/www.bluedolphins.gr\/it\/wp-json\/wp\/v2\/users\/5"}],"replies":[{"embeddable":true,"href":"https:\/\/www.bluedolphins.gr\/it\/wp-json\/wp\/v2\/comments?post=11269"}],"version-history":[{"count":0,"href":"https:\/\/www.bluedolphins.gr\/it\/wp-json\/wp\/v2\/pages\/11269\/revisions"}],"wp:featuredmedia":[{"embeddable":true,"href":"https:\/\/www.bluedolphins.gr\/it\/wp-json\/wp\/v2\/media\/9300"}],"wp:attachment":[{"href":"https:\/\/www.bluedolphins.gr\/it\/wp-json\/wp\/v2\/media?parent=11269"}],"curies":[{"name":"wp","href":"https:\/\/api.w.org\/{rel}","templated":true}]}}