{"id":11782,"date":"2021-01-21T15:47:25","date_gmt":"2021-01-21T13:47:25","guid":{"rendered":"https:\/\/www.bluedolphins.gr\/nos-autres-hotels-a-santorin\/"},"modified":"2026-02-17T02:28:47","modified_gmt":"2026-02-17T00:28:47","slug":"nos-autres-hotels-a-santorin","status":"publish","type":"page","link":"https:\/\/www.bluedolphins.gr\/fr\/nos-autres-hotels-a-santorin\/","title":{"rendered":"Nos autres h\u00f4tels \u00e0 Santorin"},"content":{"rendered":"\n<div class=\"wp-block-toolset-blocks-container tb-container\" data-toolset-blocks-container=\"7072042c9d95e1c003f8b7a3ebf65333\"><div class=\"tb-container-inner\"><\/div><\/div>\n\n<p><strong>Blue Dolphins<\/strong> poss\u00e8de le Grand View Hotel &amp; Pool dans la Caldera et les maisons de vacances Casa Grande dans le village traditionnel de Megalochori.<\/p>\n\n<h2 class=\"wp-block-heading\" style=\"font-size:40px\">H\u00f4tel Grand View et piscine<\/h2>\n\n<div class=\"tb-gallery\" data-toolset-blocks-gallery=\"b146c68a2dbb80f06af9a0fccc110e0d\"><ul class=\"tb-gallery tb-gallery--grid\"><li class=\"tb-gallery__cell\"><div class=\"tb-brick__content\"><figure><a href=\"https:\/\/bluedolphins.gr\/wp-content\/uploads\/2021\/01\/grand-view-hotel-santorini-3.jpg\" data-lightbox=\"a53af362-08fe-4cf4-aad0-db25672626c0\" target=\"_blank\" rel=\"noopener\"><img fetchpriority=\"high\" decoding=\"async\" width=\"600\" height=\"420\" src=\"https:\/\/bluedolphins.gr\/wp-content\/uploads\/2021\/01\/grand-view-hotel-santorini-3.jpg\" alt=\"h&#xF4;tel grand view santorin 3\" data-id=\"5316\" data-full-url=\"https:\/\/bluedolphins.gr\/wp-content\/uploads\/2021\/01\/grand-view-hotel-santorini-3.jpg\" data-link=\"https:\/\/bluedolphins.gr\/our-other-hotels-in-santorini\/grand-view-hotel-santorini-3\/\" class=\"wp-image-5316\" srcset=\"https:\/\/www.bluedolphins.gr\/wp-content\/uploads\/2021\/01\/grand-view-hotel-santorini-3.jpg 600w, https:\/\/www.bluedolphins.gr\/wp-content\/uploads\/2021\/01\/grand-view-hotel-santorini-3-300x210.jpg 300w\" sizes=\"(max-width: 600px) 100vw, 600px\" \/><\/a><\/figure><\/div><\/li><li class=\"tb-gallery__cell\"><div class=\"tb-brick__content\"><figure><a href=\"https:\/\/bluedolphins.gr\/wp-content\/uploads\/2021\/01\/grand-view-hotel-santorini.jpg\" data-lightbox=\"a53af362-08fe-4cf4-aad0-db25672626c0\" target=\"_blank\" rel=\"noopener\"><img decoding=\"async\" width=\"600\" height=\"420\" src=\"https:\/\/bluedolphins.gr\/wp-content\/uploads\/2021\/01\/grand-view-hotel-santorini.jpg\" alt=\"h&#xF4;tel grand view santorin\" data-id=\"5314\" data-full-url=\"https:\/\/bluedolphins.gr\/wp-content\/uploads\/2021\/01\/grand-view-hotel-santorini.jpg\" data-link=\"https:\/\/bluedolphins.gr\/our-other-hotels-in-santorini\/grand-view-hotel-santorini\/\" class=\"wp-image-5314\" srcset=\"https:\/\/www.bluedolphins.gr\/wp-content\/uploads\/2021\/01\/grand-view-hotel-santorini.jpg 600w, https:\/\/www.bluedolphins.gr\/wp-content\/uploads\/2021\/01\/grand-view-hotel-santorini-300x210.jpg 300w\" sizes=\"(max-width: 600px) 100vw, 600px\" \/><\/a><\/figure><\/div><\/li><\/ul><\/div>\n\n<p>Tous les h\u00f4tels b\u00e9n\u00e9ficient des meilleurs commentaires sur les sites consultatifs Tripadvisor et Bookings. N&rsquo;oubliez pas de consulter les offres sp\u00e9ciales pour les r\u00e9servations en ligne.<\/p>\n\n<p><strong>Grand View<\/strong> est situ\u00e9 dans un lieu magique \u00e0 Megalochori. Profitez de la Caldera &amp; Sunset depuis votre balcon priv\u00e9. <\/p>\n\n<p>Venez vivre l&rsquo;exp\u00e9rience des villas avec piscine priv\u00e9e et des suites avec jacuzzi et le bar de la piscine toute la journ\u00e9e en face du volcan.<\/p>\n\n<p>Visitez le site : <a href=\"http:\/\/www.grandview.gr\/\" target=\"_blank\" rel=\"noreferrer noopener\">www.grandview.gr<\/a><\/p>\n\n<p><\/p>\n\n<h2 class=\"wp-block-heading\" style=\"font-size:40px\">Casa Grande Maisons de vacances<\/h2>\n\n<div class=\"tb-gallery\" data-toolset-blocks-gallery=\"9962632ffec33d86de2e1f3be6730038\"><ul class=\"tb-gallery tb-gallery--grid\"><li class=\"tb-gallery__cell\"><div class=\"tb-brick__content\"><figure><a href=\"https:\/\/bluedolphins.gr\/wp-content\/uploads\/2021\/01\/casasantorini-1.jpg\" data-lightbox=\"e360d3e9-c4d1-422e-83c4-89d9eba53fdb\" target=\"_blank\" rel=\"noopener\"><img decoding=\"async\" width=\"600\" height=\"900\" src=\"https:\/\/bluedolphins.gr\/wp-content\/uploads\/2021\/01\/casasantorini-1.jpg\" alt=\"casasantorini 1\" data-id=\"5318\" data-full-url=\"https:\/\/bluedolphins.gr\/wp-content\/uploads\/2021\/01\/casasantorini-1.jpg\" data-link=\"https:\/\/bluedolphins.gr\/our-other-hotels-in-santorini\/casasantorini-1\/\" class=\"wp-image-5318\" srcset=\"https:\/\/www.bluedolphins.gr\/wp-content\/uploads\/2021\/01\/casasantorini-1.jpg 600w, https:\/\/www.bluedolphins.gr\/wp-content\/uploads\/2021\/01\/casasantorini-1-200x300.jpg 200w\" sizes=\"(max-width: 600px) 100vw, 600px\" \/><\/a><\/figure><\/div><\/li><li class=\"tb-gallery__cell\"><div class=\"tb-brick__content\"><figure><a href=\"https:\/\/bluedolphins.gr\/wp-content\/uploads\/2021\/01\/casasantorini-2.jpg\" data-lightbox=\"e360d3e9-c4d1-422e-83c4-89d9eba53fdb\" target=\"_blank\" rel=\"noopener\"><img loading=\"lazy\" decoding=\"async\" width=\"800\" height=\"442\" src=\"https:\/\/bluedolphins.gr\/wp-content\/uploads\/2021\/01\/casasantorini-2.jpg\" alt=\"casasantorini 2\" data-id=\"5319\" data-full-url=\"https:\/\/bluedolphins.gr\/wp-content\/uploads\/2021\/01\/casasantorini-2.jpg\" data-link=\"https:\/\/bluedolphins.gr\/our-other-hotels-in-santorini\/casasantorini-2\/\" class=\"wp-image-5319\" srcset=\"https:\/\/www.bluedolphins.gr\/wp-content\/uploads\/2021\/01\/casasantorini-2.jpg 800w, https:\/\/www.bluedolphins.gr\/wp-content\/uploads\/2021\/01\/casasantorini-2-300x166.jpg 300w, https:\/\/www.bluedolphins.gr\/wp-content\/uploads\/2021\/01\/casasantorini-2-768x424.jpg 768w\" sizes=\"(max-width: 800px) 100vw, 800px\" \/><\/a><\/figure><\/div><\/li><\/ul><\/div>\n\n<p><strong>Casa Grande<\/strong> est un complexe de maisons dans le village traditionnel de Megalochori. <\/p>\n\n<p>Elle compte 5 unit\u00e9s pouvant accueillir jusqu&rsquo;\u00e0 20 personnes en groupe ou individuellement, tout en profitant de l&rsquo;intimit\u00e9.<\/p>\n\n<p>Il y a des vignobles, des restaurants, des bars \u00e0 champagne, des boutiques et des sup\u00e9rettes \u00e0 5 minutes \u00e0 pied.<\/p>\n\n<p>Il est ouvert toute l&rsquo;ann\u00e9e.<\/p>\n\n<p>Visitez le site : <a href=\"http:\/\/www.casasantorini.gr\/\" target=\"_blank\" rel=\"noreferrer noopener\">www.casasantorini.gr<\/a><\/p>\n","protected":false},"excerpt":{"rendered":"<p>Blue Dolphins poss\u00e8de le Grand View Hotel &amp; Pool dans la Caldera et les maisons de vacances Casa Grande dans le village traditionnel de Megalochori. H\u00f4tel Grand View et piscine Tous les h\u00f4tels b\u00e9n\u00e9ficient des meilleurs commentaires sur les sites consultatifs Tripadvisor et Bookings. N&rsquo;oubliez pas de consulter les offres sp\u00e9ciales pour les r\u00e9servations en [&hellip;]<\/p>\n","protected":false},"author":5,"featured_media":0,"parent":0,"menu_order":0,"comment_status":"closed","ping_status":"closed","template":"","meta":{"ocean_post_layout":"","ocean_both_sidebars_style":"","ocean_both_sidebars_content_width":0,"ocean_both_sidebars_sidebars_width":0,"ocean_sidebar":"0","ocean_second_sidebar":"0","ocean_disable_margins":"enable","ocean_add_body_class":"","ocean_shortcode_before_top_bar":"","ocean_shortcode_after_top_bar":"","ocean_shortcode_before_header":"","ocean_shortcode_after_header":"","ocean_has_shortcode":"","ocean_shortcode_after_title":"","ocean_shortcode_before_footer_widgets":"","ocean_shortcode_after_footer_widgets":"","ocean_shortcode_before_footer_bottom":"","ocean_shortcode_after_footer_bottom":"","ocean_display_top_bar":"default","ocean_display_header":"default","ocean_header_style":"","ocean_center_header_left_menu":"0","ocean_custom_header_template":"0","ocean_custom_logo":0,"ocean_custom_retina_logo":0,"ocean_custom_logo_max_width":0,"ocean_custom_logo_tablet_max_width":0,"ocean_custom_logo_mobile_max_width":0,"ocean_custom_logo_max_height":0,"ocean_custom_logo_tablet_max_height":0,"ocean_custom_logo_mobile_max_height":0,"ocean_header_custom_menu":"0","ocean_menu_typo_font_family":"0","ocean_menu_typo_font_subset":"","ocean_menu_typo_font_size":0,"ocean_menu_typo_font_size_tablet":0,"ocean_menu_typo_font_size_mobile":0,"ocean_menu_typo_font_size_unit":"px","ocean_menu_typo_font_weight":"","ocean_menu_typo_font_weight_tablet":"","ocean_menu_typo_font_weight_mobile":"","ocean_menu_typo_transform":"","ocean_menu_typo_transform_tablet":"","ocean_menu_typo_transform_mobile":"","ocean_menu_typo_line_height":0,"ocean_menu_typo_line_height_tablet":0,"ocean_menu_typo_line_height_mobile":0,"ocean_menu_typo_line_height_unit":"","ocean_menu_typo_spacing":0,"ocean_menu_typo_spacing_tablet":0,"ocean_menu_typo_spacing_mobile":0,"ocean_menu_typo_spacing_unit":"","ocean_menu_link_color":"","ocean_menu_link_color_hover":"","ocean_menu_link_color_active":"","ocean_menu_link_background":"","ocean_menu_link_hover_background":"","ocean_menu_link_active_background":"","ocean_menu_social_links_bg":"","ocean_menu_social_hover_links_bg":"","ocean_menu_social_links_color":"","ocean_menu_social_hover_links_color":"","ocean_disable_title":"default","ocean_disable_heading":"default","ocean_post_title":"","ocean_post_subheading":"","ocean_post_title_style":"","ocean_post_title_background_color":"","ocean_post_title_background":0,"ocean_post_title_bg_image_position":"","ocean_post_title_bg_image_attachment":"","ocean_post_title_bg_image_repeat":"","ocean_post_title_bg_image_size":"","ocean_post_title_height":0,"ocean_post_title_bg_overlay":0.5,"ocean_post_title_bg_overlay_color":"","ocean_disable_breadcrumbs":"default","ocean_breadcrumbs_color":"","ocean_breadcrumbs_separator_color":"","ocean_breadcrumbs_links_color":"","ocean_breadcrumbs_links_hover_color":"","ocean_display_footer_widgets":"default","ocean_display_footer_bottom":"default","ocean_custom_footer_template":"0","osh_disable_topbar_sticky":"default","osh_disable_header_sticky":"default","osh_sticky_header_style":"default","osh_sticky_header_effect":"","osh_custom_sticky_logo":0,"osh_custom_retina_sticky_logo":0,"osh_custom_sticky_logo_height":0,"osh_background_color":"","osh_links_color":"","osh_links_hover_color":"","osh_links_active_color":"","osh_links_bg_color":"","osh_links_hover_bg_color":"","osh_links_active_bg_color":"","osh_menu_social_links_color":"","osh_menu_social_hover_links_color":"","footnotes":""},"class_list":["post-11782","page","type-page","status-publish","hentry","entry"],"_links":{"self":[{"href":"https:\/\/www.bluedolphins.gr\/fr\/wp-json\/wp\/v2\/pages\/11782","targetHints":{"allow":["GET"]}}],"collection":[{"href":"https:\/\/www.bluedolphins.gr\/fr\/wp-json\/wp\/v2\/pages"}],"about":[{"href":"https:\/\/www.bluedolphins.gr\/fr\/wp-json\/wp\/v2\/types\/page"}],"author":[{"embeddable":true,"href":"https:\/\/www.bluedolphins.gr\/fr\/wp-json\/wp\/v2\/users\/5"}],"replies":[{"embeddable":true,"href":"https:\/\/www.bluedolphins.gr\/fr\/wp-json\/wp\/v2\/comments?post=11782"}],"version-history":[{"count":0,"href":"https:\/\/www.bluedolphins.gr\/fr\/wp-json\/wp\/v2\/pages\/11782\/revisions"}],"wp:attachment":[{"href":"https:\/\/www.bluedolphins.gr\/fr\/wp-json\/wp\/v2\/media?parent=11782"}],"curies":[{"name":"wp","href":"https:\/\/api.w.org\/{rel}","templated":true}]}}