{"id":11774,"date":"2015-12-26T17:46:24","date_gmt":"2015-12-26T15:46:24","guid":{"rendered":"https:\/\/www.bluedolphins.gr\/politiques-des-hotels\/"},"modified":"2024-01-26T21:16:28","modified_gmt":"2024-01-26T19:16:28","slug":"politiques-des-hotels","status":"publish","type":"page","link":"https:\/\/www.bluedolphins.gr\/fr\/politiques-des-hotels\/","title":{"rendered":"Politiques des h\u00f4tels"},"content":{"rendered":"\n<div class=\"wp-block-toolset-blocks-container tb-container\" data-toolset-blocks-container=\"84451cfe5afd8ca66a698af39f254542\"><div class=\"tb-container-inner\">\n<h5 class=\"wp-block-heading\" style=\"font-size:24px\">\n          <strong>CONDITIONS G\u00c9N\u00c9RALES DE L&rsquo;H\u00d4TEL <\/strong>\n        <\/h5>\n\n\n\n<p><strong>Heure d&rsquo;arriv\u00e9e : 15h00<\/strong> (enregistrement anticip\u00e9 uniquement selon disponibilit\u00e9)<br\/><strong>Heure de d\u00e9part : 11h00<\/strong> (la bagagerie est disponible gratuitement et le d\u00e9part tardif est \u00e9galement possible selon disponibilit\u00e9) <\/p>\n\n\n\n<h5 class=\"wp-block-heading\" style=\"font-size:24px\">\n          <strong>Politique relative aux enfants<\/strong>\n        <\/h5>\n\n\n\n<p>Les enfants de tous \u00e2ges sont accueillis et h\u00e9berg\u00e9s gratuitement jusqu&rsquo;\u00e0 5 ans.<br\/>Les enfants \u00e2g\u00e9s de 6 \u00e0 12 ans doivent payer un suppl\u00e9ment de 25 euros par nuit.<br\/>Les enfants de plus de 12 ans sont factur\u00e9s comme les adultes, avec un suppl\u00e9ment de 50 euros par nuit.<br\/>Tout type de lit suppl\u00e9mentaire\/b\u00e9b\u00e9 est disponible sur demande et doit \u00eatre confirm\u00e9 par l&rsquo;h\u00f4tel.<\/p>\n\n\n\n<h5 class=\"wp-block-heading\" style=\"font-size:24px\">\n          <strong>m\u00e9thodes de payement<\/strong>\n        <\/h5>\n\n\n\n<p>Visa, Mastercard, American Express, Paypal sont accept\u00e9s pour le paiement<br\/>L&rsquo;h\u00f4tel se r\u00e9serve le droit d&rsquo;effectuer une pr\u00e9-autorisation de la carte de cr\u00e9dit \u00e0 tout moment avant la date d&rsquo;arriv\u00e9e<br\/>Vous devrez pr\u00e9senter la carte de cr\u00e9dit utilis\u00e9e pour la r\u00e9servation et le paiement lors de l&rsquo;enregistrement. Si la carte de cr\u00e9dit n&rsquo;est pas disponible, veuillez noter que l&rsquo;h\u00f4tel d\u00e9bitera une carte diff\u00e9rente et remboursera le montant total sur la carte de cr\u00e9dit initiale. Les copies et les photos de cartes de cr\u00e9dit ainsi que les cartes de cr\u00e9dit de tiers ne sont pas acceptables. <\/p>\n<\/div><\/div>\n","protected":false},"excerpt":{"rendered":"","protected":false},"author":5,"featured_media":0,"parent":0,"menu_order":0,"comment_status":"closed","ping_status":"closed","template":"","meta":{"ocean_post_layout":"","ocean_both_sidebars_style":"","ocean_both_sidebars_content_width":0,"ocean_both_sidebars_sidebars_width":0,"ocean_sidebar":"0","ocean_second_sidebar":"0","ocean_disable_margins":"enable","ocean_add_body_class":"","ocean_shortcode_before_top_bar":"","ocean_shortcode_after_top_bar":"","ocean_shortcode_before_header":"","ocean_shortcode_after_header":"","ocean_has_shortcode":"","ocean_shortcode_after_title":"","ocean_shortcode_before_footer_widgets":"","ocean_shortcode_after_footer_widgets":"","ocean_shortcode_before_footer_bottom":"","ocean_shortcode_after_footer_bottom":"","ocean_display_top_bar":"default","ocean_display_header":"default","ocean_header_style":"","ocean_center_header_left_menu":"0","ocean_custom_header_template":"0","ocean_custom_logo":0,"ocean_custom_retina_logo":0,"ocean_custom_logo_max_width":0,"ocean_custom_logo_tablet_max_width":0,"ocean_custom_logo_mobile_max_width":0,"ocean_custom_logo_max_height":0,"ocean_custom_logo_tablet_max_height":0,"ocean_custom_logo_mobile_max_height":0,"ocean_header_custom_menu":"0","ocean_menu_typo_font_family":"0","ocean_menu_typo_font_subset":"","ocean_menu_typo_font_size":0,"ocean_menu_typo_font_size_tablet":0,"ocean_menu_typo_font_size_mobile":0,"ocean_menu_typo_font_size_unit":"px","ocean_menu_typo_font_weight":"","ocean_menu_typo_font_weight_tablet":"","ocean_menu_typo_font_weight_mobile":"","ocean_menu_typo_transform":"","ocean_menu_typo_transform_tablet":"","ocean_menu_typo_transform_mobile":"","ocean_menu_typo_line_height":0,"ocean_menu_typo_line_height_tablet":0,"ocean_menu_typo_line_height_mobile":0,"ocean_menu_typo_line_height_unit":"","ocean_menu_typo_spacing":0,"ocean_menu_typo_spacing_tablet":0,"ocean_menu_typo_spacing_mobile":0,"ocean_menu_typo_spacing_unit":"","ocean_menu_link_color":"","ocean_menu_link_color_hover":"","ocean_menu_link_color_active":"","ocean_menu_link_background":"","ocean_menu_link_hover_background":"","ocean_menu_link_active_background":"","ocean_menu_social_links_bg":"","ocean_menu_social_hover_links_bg":"","ocean_menu_social_links_color":"","ocean_menu_social_hover_links_color":"","ocean_disable_title":"default","ocean_disable_heading":"default","ocean_post_title":"","ocean_post_subheading":"","ocean_post_title_style":"","ocean_post_title_background_color":"","ocean_post_title_background":0,"ocean_post_title_bg_image_position":"","ocean_post_title_bg_image_attachment":"","ocean_post_title_bg_image_repeat":"","ocean_post_title_bg_image_size":"","ocean_post_title_height":0,"ocean_post_title_bg_overlay":0.5,"ocean_post_title_bg_overlay_color":"","ocean_disable_breadcrumbs":"default","ocean_breadcrumbs_color":"","ocean_breadcrumbs_separator_color":"","ocean_breadcrumbs_links_color":"","ocean_breadcrumbs_links_hover_color":"","ocean_display_footer_widgets":"default","ocean_display_footer_bottom":"default","ocean_custom_footer_template":"0","osh_disable_topbar_sticky":"default","osh_disable_header_sticky":"default","osh_sticky_header_style":"default","osh_sticky_header_effect":"","osh_custom_sticky_logo":0,"osh_custom_retina_sticky_logo":0,"osh_custom_sticky_logo_height":0,"osh_background_color":"","osh_links_color":"","osh_links_hover_color":"","osh_links_active_color":"","osh_links_bg_color":"","osh_links_hover_bg_color":"","osh_links_active_bg_color":"","osh_menu_social_links_color":"","osh_menu_social_hover_links_color":"","footnotes":""},"class_list":["post-11774","page","type-page","status-publish","hentry","entry"],"_links":{"self":[{"href":"https:\/\/www.bluedolphins.gr\/fr\/wp-json\/wp\/v2\/pages\/11774","targetHints":{"allow":["GET"]}}],"collection":[{"href":"https:\/\/www.bluedolphins.gr\/fr\/wp-json\/wp\/v2\/pages"}],"about":[{"href":"https:\/\/www.bluedolphins.gr\/fr\/wp-json\/wp\/v2\/types\/page"}],"author":[{"embeddable":true,"href":"https:\/\/www.bluedolphins.gr\/fr\/wp-json\/wp\/v2\/users\/5"}],"replies":[{"embeddable":true,"href":"https:\/\/www.bluedolphins.gr\/fr\/wp-json\/wp\/v2\/comments?post=11774"}],"version-history":[{"count":0,"href":"https:\/\/www.bluedolphins.gr\/fr\/wp-json\/wp\/v2\/pages\/11774\/revisions"}],"wp:attachment":[{"href":"https:\/\/www.bluedolphins.gr\/fr\/wp-json\/wp\/v2\/media?parent=11774"}],"curies":[{"name":"wp","href":"https:\/\/api.w.org\/{rel}","templated":true}]}}