{"id":11767,"date":"2016-09-15T16:38:49","date_gmt":"2016-09-15T13:38:49","guid":{"rendered":"https:\/\/www.bluedolphins.gr\/plan-du-site-blue-dolphins\/"},"modified":"2022-10-03T23:38:40","modified_gmt":"2022-10-03T20:38:40","slug":"plan-du-site-blue-dolphins","status":"publish","type":"page","link":"https:\/\/www.bluedolphins.gr\/fr\/plan-du-site-blue-dolphins\/","title":{"rendered":"Plan du site Blue Dolphins"},"content":{"rendered":"\n<div class=\"wp-block-toolset-blocks-container tb-container\" data-toolset-blocks-container=\"84451cfe5afd8ca66a698af39f254542\"><div class=\"tb-container-inner\"><div class=\"wsp-container\"><h2 class=\"wsp-pages-title\">Pages<\/h2>\n<ul class=\"wsp-pages-list\">\n<li class=\"page_item page-item-11712\"><a href=\"https:\/\/www.bluedolphins.gr\/fr\/appartements-ile-de-santorin-grece-hebergement-avec-vue-sur-la-caldeira-et-jacuzzi\/\">Appartements \u00cele de Santorin (Gr\u00e8ce) | H\u00e9bergement avec vue sur la caldeira et jacuzzi<\/a><\/li>\n<li class=\"page_item page-item-11713 current_page_parent\"><a href=\"https:\/\/www.bluedolphins.gr\/fr\/blog-voyages-actualites-santorin\/\">blog voyages actualit\u00e9s santorin<\/a><\/li>\n<li class=\"page_item page-item-11714\"><a href=\"https:\/\/www.bluedolphins.gr\/fr\/bluedolphins-appartements-suites-santorin\/\">BlueDolphins Appartements &amp; Suites | Santorin<\/a><\/li>\n<li class=\"page_item page-item-11722\"><a href=\"https:\/\/www.bluedolphins.gr\/fr\/contact-et-localisation\/\">Contact et localisation<\/a><\/li>\n<li class=\"page_item page-item-11726\"><a href=\"https:\/\/www.bluedolphins.gr\/fr\/covid-19-i-sejour-en-toute-securite\/\">COVID-19 I S\u00e9jour en toute s\u00e9curit\u00e9<\/a><\/li>\n<li class=\"page_item page-item-11612\"><a href=\"https:\/\/www.bluedolphins.gr\/fr\/espa\/\">ESPA<\/a><\/li>\n<li class=\"page_item page-item-11780\"><a href=\"https:\/\/www.bluedolphins.gr\/fr\/experience-de-la-piscine\/\">Exp\u00e9rience de la piscine\u200b<\/a><\/li>\n<li class=\"page_item page-item-11729\"><a href=\"https:\/\/www.bluedolphins.gr\/fr\/experiences-sortir-et-se-deplacer-a-santorin\/\">Exp\u00e9riences &#8211; Sortir et se d\u00e9placer \u00e0 Santorin<\/a><\/li>\n<li class=\"page_item page-item-11757\"><a href=\"https:\/\/www.bluedolphins.gr\/fr\/grand-view-hotel-jumeaux-santorin\/\">Grand View | H\u00f4tel Jumeaux Santorin<\/a><\/li>\n<li class=\"page_item page-item-11708\"><a href=\"https:\/\/www.bluedolphins.gr\/fr\/hebergement\/\">H\u00e9bergement<\/a><\/li>\n<li class=\"page_item page-item-11759\"><a href=\"https:\/\/www.bluedolphins.gr\/fr\/\">H\u00e9bergement \u00e0 l&rsquo;h\u00f4tel Firostefani<\/a><\/li>\n<li class=\"page_item page-item-11728\"><a href=\"https:\/\/www.bluedolphins.gr\/fr\/lexperience-quoi-faire-a-santorin\/\">L&rsquo;exp\u00e9rience- Quoi faire \u00e0 Santorin<\/a><\/li>\n<li class=\"page_item page-item-11765\"><a href=\"https:\/\/www.bluedolphins.gr\/fr\/lhistoire-de-santorin\/\">L&rsquo;histoire de Santorin<\/a><\/li>\n<li class=\"page_item page-item-11761\"><a href=\"https:\/\/www.bluedolphins.gr\/fr\/mariage-a-santorin\/\">Mariage \u00e0 Santorin<\/a><\/li>\n<li class=\"page_item page-item-11732\"><a href=\"https:\/\/www.bluedolphins.gr\/fr\/merci\/\">Merci<\/a><\/li>\n<li class=\"page_item page-item-11734\"><a href=\"https:\/\/www.bluedolphins.gr\/fr\/merci-bulletin\/\">Merci Bulletin<\/a><\/li>\n<li class=\"page_item page-item-11782\"><a href=\"https:\/\/www.bluedolphins.gr\/fr\/nos-autres-hotels-a-santorin\/\">Nos autres h\u00f4tels \u00e0 Santorin<\/a><\/li>\n<li class=\"page_item page-item-11776\"><a href=\"https:\/\/www.bluedolphins.gr\/fr\/notre-video\/\">Notre vid\u00e9o<\/a><\/li>\n<li class=\"page_item page-item-11738\"><a href=\"https:\/\/www.bluedolphins.gr\/fr\/offres-speciales\/\">Offres sp\u00e9ciales<\/a><\/li>\n<li class=\"page_item page-item-11718\"><a href=\"https:\/\/www.bluedolphins.gr\/fr\/petit-dejeuner-avec-vue-sur-la-caldeira-a-santorin\/\">Petit-d\u00e9jeuner avec vue sur la caldeira \u00e0 Santorin<\/a><\/li>\n<li class=\"page_item page-item-11778\"><a href=\"https:\/\/www.bluedolphins.gr\/fr\/photos-de-santorin\/\">Photos de Santorin<\/a><\/li>\n<li class=\"page_item page-item-11767\"><a href=\"https:\/\/www.bluedolphins.gr\/fr\/plan-du-site-blue-dolphins\/\">Plan du site Blue Dolphins<\/a><\/li>\n<li class=\"page_item page-item-11774\"><a href=\"https:\/\/www.bluedolphins.gr\/fr\/politiques-des-hotels\/\">Politiques des h\u00f4tels<\/a><\/li>\n<li class=\"page_item page-item-11769\"><a href=\"https:\/\/www.bluedolphins.gr\/fr\/santorin\/\">Santorin<\/a><\/li>\n<li class=\"page_item page-item-11763\"><a href=\"https:\/\/www.bluedolphins.gr\/fr\/service-de-transfert-vers-bluedolphins\/\">Service de transfert vers Bluedolphins<\/a><\/li>\n<li class=\"page_item page-item-11771\"><a href=\"https:\/\/www.bluedolphins.gr\/fr\/tarifs-prestations\/\">Tarifs &amp; Prestations<\/a><\/li>\n<li class=\"page_item page-item-11737\"><a href=\"https:\/\/www.bluedolphins.gr\/fr\/voyages-actualites\/\">Voyages &amp; Actualit\u00e9s<\/a><\/li>\n<\/ul>\n<h2 class=\"wsp-posts-title\">Articles par cat\u00e9gorie<\/h2>\n<ul class=\"wsp-posts-list\">\n\t<li><strong class=\"wsp-category-title\">Cat\u00e9gorie\u00a0: <a href=\"https:\/\/www.bluedolphins.gr\/fr\/ce-quil-faut-faire\/\">Ce qu&#039;il faut faire<\/a><\/strong>\n<ul class=\"wsp-posts-list\">\t\t<li class=\"wsp-post\"><a href=\"https:\/\/www.bluedolphins.gr\/oia\/\">Oia Santorini<\/a><\/li>\n\t\t<li class=\"wsp-post\"><a href=\"https:\/\/www.bluedolphins.gr\/fr\/oia\/\">Oia Santorin<\/a><\/li>\n\t\t<li class=\"wsp-post\"><a href=\"https:\/\/www.bluedolphins.gr\/firostefani\/\">Firostefani<\/a><\/li>\n\t\t<li class=\"wsp-post\"><a href=\"https:\/\/www.bluedolphins.gr\/fr\/firostefani\/\">Firostefani<\/a><\/li>\n\t\t<li class=\"wsp-post\"><a href=\"https:\/\/www.bluedolphins.gr\/fr\/3-things-to-do-in-santorini-during-autumn-and-winter\/\">3 choses \u00e0 faire \u00e0 Santorin en automne et en hiver<\/a><\/li>\n\t\t<li class=\"wsp-post\"><a href=\"https:\/\/www.bluedolphins.gr\/fr\/plage-de-santorin\/\">Plages de Santorin<\/a><\/li>\n\t\t<li class=\"wsp-post\"><a href=\"https:\/\/www.bluedolphins.gr\/fr\/plongee-a-santorin\/\">Plong\u00e9e \u00e0 Santorin<\/a><\/li>\n\t\t<li class=\"wsp-post\"><a href=\"https:\/\/www.bluedolphins.gr\/fr\/ancienne-thira-santorin\/\">Ancienne Thira | Santorin<\/a><\/li>\n<\/ul><\/li>\n\t<li><strong class=\"wsp-category-title\">Cat\u00e9gorie\u00a0: <a href=\"https:\/\/www.bluedolphins.gr\/fr\/informations-utiles\/\">Informations utiles<\/a><\/strong>\n<ul class=\"wsp-posts-list\">\t\t<li class=\"wsp-post\"><a href=\"https:\/\/www.bluedolphins.gr\/fr\/planifiez-votre-voyage-a-santorin\/\">Planifiez votre voyage \u00e0 Santorin<\/a><\/li>\n<\/ul><\/li>\n\t<li><strong class=\"wsp-category-title\">Cat\u00e9gorie\u00a0: <a href=\"https:\/\/www.bluedolphins.gr\/fr\/non-classifiee\/\">Non classifi\u00e9(e)<\/a><\/strong>\n<ul class=\"wsp-posts-list\">\t\t<li class=\"wsp-post\"><a href=\"https:\/\/www.bluedolphins.gr\/fr\/santorini-corona-sans-virus\/\">Santorini Corona sans virus<\/a><\/li>\n\t\t<li class=\"wsp-post\"><a href=\"https:\/\/www.bluedolphins.gr\/fr\/pyrgos-kasteli\/\">Pyrgos\/Kasteli<\/a><\/li>\n\t\t<li class=\"wsp-post\"><a href=\"https:\/\/www.bluedolphins.gr\/fr\/covid-19-i-sejour-en-toute-securite\/\">COVID-19 I S\u00e9jour en toute s\u00e9curit\u00e9<\/a><\/li>\n\t\t<li class=\"wsp-post\"><a href=\"https:\/\/www.bluedolphins.gr\/fr\/reserver-un-guide-personnel\/\">R\u00e9server un guide personnel<\/a><\/li>\n<\/ul><\/li>\n\t<li><strong class=\"wsp-category-title\">Cat\u00e9gorie\u00a0: <a href=\"https:\/\/www.bluedolphins.gr\/fr\/nouvelles\/\">Nouvelles<\/a><\/strong>\n<ul class=\"wsp-posts-list\">\t\t<li class=\"wsp-post\"><a href=\"https:\/\/www.bluedolphins.gr\/fr\/thomas-miller-ancien-ambassadeur-des-etats-unis-en-grece\/\">Thomas Miller Ancien &#8211; Ambassadeur des \u00c9tats-Unis en Gr\u00e8ce<\/a><\/li>\n\t\t<li class=\"wsp-post\"><a href=\"https:\/\/www.bluedolphins.gr\/fr\/red-bull-art-of-motion-santorini-2015\/\">Red Bull Art of Motion Santorini 2015<\/a><\/li>\n\t\t<li class=\"wsp-post\"><a href=\"https:\/\/www.bluedolphins.gr\/fr\/sigrun-et-arnar-gretarsson-a-santorin\/\">Sigrun et Arnar Gretarsson \u00e0 Santorin<\/a><\/li>\n\t\t<li class=\"wsp-post\"><a href=\"https:\/\/www.bluedolphins.gr\/fr\/le-groupe-de-musique-onirama-de-thessalonique\/\">Le groupe de musique Onirama de Thessalonique<\/a><\/li>\n\t\t<li class=\"wsp-post\"><a href=\"https:\/\/www.bluedolphins.gr\/fr\/ambassadeur-du-bagladesh\/\">Ambassadeur du Bagladesh<\/a><\/li>\n\t\t<li class=\"wsp-post\"><a href=\"https:\/\/www.bluedolphins.gr\/fr\/experts-en-volcans-et-tremblements-de-terre-chez-bluedolphins\/\">Experts en volcans et tremblements de terre chez Bluedolphins<\/a><\/li>\n\t\t<li class=\"wsp-post\"><a href=\"https:\/\/www.bluedolphins.gr\/fr\/red-bull-art-of-motion-santorini-2016\/\">Red Bull Art of Motion | Santorini 2016<\/a><\/li>\n<\/ul><\/li>\n<\/ul>\n<h2 class=\"wsp-accommodations-title\">Accommodations<\/h2>\n<ul class=\"wsp-accommodations-list\">\n<li><a href=\"https:\/\/www.bluedolphins.gr\/fr\/accommodation\/yposkafo-jacuzzi-house-oia\/\">Yposkafo Jacuzzi House \u2013 Oia<\/a><\/li>\n<li><a href=\"https:\/\/www.bluedolphins.gr\/fr\/accommodation\/suite-lune-de-miel-avec-jacuzzi-et-terrasse-privee\/\">Suite Lune de Miel avec Jacuzzi et Terrasse Priv\u00e9e<\/a><\/li>\n<li><a href=\"https:\/\/www.bluedolphins.gr\/fr\/accommodation\/suites-familiales-avec-balcon-prive\/\">Suites Familiales avec Balcon Priv\u00e9<\/a><\/li>\n<li><a href=\"https:\/\/www.bluedolphins.gr\/fr\/accommodation\/suite-romantique-avec-balcon-prive\/\">Suite Romantique Avec Balcon Priv\u00e9<\/a><\/li>\n<li><a href=\"https:\/\/www.bluedolphins.gr\/fr\/accommodation\/canava-cave-house-avec-terrasse-privee\/\">Grotte de Canava avec jacuzzi<\/a><\/li>\n<li><a href=\"https:\/\/www.bluedolphins.gr\/fr\/accommodation\/hideaway-cave-house-avec-jacuzzi-prive-imerovigli\/\">Hideaway Cave House avec jacuzzi priv\u00e9 - Imerovigli<\/a><\/li>\n<li><a href=\"https:\/\/www.bluedolphins.gr\/fr\/accommodation\/chambre-double-standard\/\">Chambre double standard avec vue sur la mer - Tarif non remboursable - Petit d\u00e9jeuner<\/a><\/li>\n<\/ul>\n<\/div>\n<\/div><\/div>\n","protected":false},"excerpt":{"rendered":"","protected":false},"author":5,"featured_media":0,"parent":0,"menu_order":0,"comment_status":"closed","ping_status":"closed","template":"","meta":{"ocean_post_layout":"","ocean_both_sidebars_style":"","ocean_both_sidebars_content_width":0,"ocean_both_sidebars_sidebars_width":0,"ocean_sidebar":"0","ocean_second_sidebar":"0","ocean_disable_margins":"enable","ocean_add_body_class":"","ocean_shortcode_before_top_bar":"","ocean_shortcode_after_top_bar":"","ocean_shortcode_before_header":"","ocean_shortcode_after_header":"","ocean_has_shortcode":"","ocean_shortcode_after_title":"","ocean_shortcode_before_footer_widgets":"","ocean_shortcode_after_footer_widgets":"","ocean_shortcode_before_footer_bottom":"","ocean_shortcode_after_footer_bottom":"","ocean_display_top_bar":"default","ocean_display_header":"default","ocean_header_style":"","ocean_center_header_left_menu":"0","ocean_custom_header_template":"0","ocean_custom_logo":0,"ocean_custom_retina_logo":0,"ocean_custom_logo_max_width":0,"ocean_custom_logo_tablet_max_width":0,"ocean_custom_logo_mobile_max_width":0,"ocean_custom_logo_max_height":0,"ocean_custom_logo_tablet_max_height":0,"ocean_custom_logo_mobile_max_height":0,"ocean_header_custom_menu":"0","ocean_menu_typo_font_family":"0","ocean_menu_typo_font_subset":"","ocean_menu_typo_font_size":0,"ocean_menu_typo_font_size_tablet":0,"ocean_menu_typo_font_size_mobile":0,"ocean_menu_typo_font_size_unit":"px","ocean_menu_typo_font_weight":"","ocean_menu_typo_font_weight_tablet":"","ocean_menu_typo_font_weight_mobile":"","ocean_menu_typo_transform":"","ocean_menu_typo_transform_tablet":"","ocean_menu_typo_transform_mobile":"","ocean_menu_typo_line_height":0,"ocean_menu_typo_line_height_tablet":0,"ocean_menu_typo_line_height_mobile":0,"ocean_menu_typo_line_height_unit":"","ocean_menu_typo_spacing":0,"ocean_menu_typo_spacing_tablet":0,"ocean_menu_typo_spacing_mobile":0,"ocean_menu_typo_spacing_unit":"","ocean_menu_link_color":"","ocean_menu_link_color_hover":"","ocean_menu_link_color_active":"","ocean_menu_link_background":"","ocean_menu_link_hover_background":"","ocean_menu_link_active_background":"","ocean_menu_social_links_bg":"","ocean_menu_social_hover_links_bg":"","ocean_menu_social_links_color":"","ocean_menu_social_hover_links_color":"","ocean_disable_title":"default","ocean_disable_heading":"default","ocean_post_title":"","ocean_post_subheading":"","ocean_post_title_style":"","ocean_post_title_background_color":"","ocean_post_title_background":0,"ocean_post_title_bg_image_position":"","ocean_post_title_bg_image_attachment":"","ocean_post_title_bg_image_repeat":"","ocean_post_title_bg_image_size":"","ocean_post_title_height":0,"ocean_post_title_bg_overlay":0.5,"ocean_post_title_bg_overlay_color":"","ocean_disable_breadcrumbs":"default","ocean_breadcrumbs_color":"","ocean_breadcrumbs_separator_color":"","ocean_breadcrumbs_links_color":"","ocean_breadcrumbs_links_hover_color":"","ocean_display_footer_widgets":"default","ocean_display_footer_bottom":"default","ocean_custom_footer_template":"0","osh_disable_topbar_sticky":"default","osh_disable_header_sticky":"default","osh_sticky_header_style":"default","osh_sticky_header_effect":"","osh_custom_sticky_logo":0,"osh_custom_retina_sticky_logo":0,"osh_custom_sticky_logo_height":0,"osh_background_color":"","osh_links_color":"","osh_links_hover_color":"","osh_links_active_color":"","osh_links_bg_color":"","osh_links_hover_bg_color":"","osh_links_active_bg_color":"","osh_menu_social_links_color":"","osh_menu_social_hover_links_color":"","footnotes":""},"class_list":["post-11767","page","type-page","status-publish","hentry","entry"],"_links":{"self":[{"href":"https:\/\/www.bluedolphins.gr\/fr\/wp-json\/wp\/v2\/pages\/11767","targetHints":{"allow":["GET"]}}],"collection":[{"href":"https:\/\/www.bluedolphins.gr\/fr\/wp-json\/wp\/v2\/pages"}],"about":[{"href":"https:\/\/www.bluedolphins.gr\/fr\/wp-json\/wp\/v2\/types\/page"}],"author":[{"embeddable":true,"href":"https:\/\/www.bluedolphins.gr\/fr\/wp-json\/wp\/v2\/users\/5"}],"replies":[{"embeddable":true,"href":"https:\/\/www.bluedolphins.gr\/fr\/wp-json\/wp\/v2\/comments?post=11767"}],"version-history":[{"count":0,"href":"https:\/\/www.bluedolphins.gr\/fr\/wp-json\/wp\/v2\/pages\/11767\/revisions"}],"wp:attachment":[{"href":"https:\/\/www.bluedolphins.gr\/fr\/wp-json\/wp\/v2\/media?parent=11767"}],"curies":[{"name":"wp","href":"https:\/\/api.w.org\/{rel}","templated":true}]}}