{"id":11763,"date":"2016-05-30T17:08:24","date_gmt":"2016-05-30T14:08:24","guid":{"rendered":"https:\/\/www.bluedolphins.gr\/service-de-transfert-vers-bluedolphins\/"},"modified":"2022-10-03T23:40:30","modified_gmt":"2022-10-03T20:40:30","slug":"service-de-transfert-vers-bluedolphins","status":"publish","type":"page","link":"https:\/\/www.bluedolphins.gr\/fr\/service-de-transfert-vers-bluedolphins\/","title":{"rendered":"Service de transfert vers Bluedolphins"},"content":{"rendered":"\n<div class=\"wp-block-toolset-blocks-container tb-container\" data-toolset-blocks-container=\"2b2d0d7d27e0c72d8203e563cc8c26ae\"><div class=\"tb-container-inner\">\n<div class=\"tb-fields-and-text\" data-toolset-blocks-fields-and-text=\"3e1d2592ce20bdf2bf813c9dfa44c991\">\n          <p>Pour votre arriv\u00e9e ou votre d\u00e9part de l&rsquo;\u00eele de Santorin, la flotte de Blue Dolphins est \u00e0 votre disposition pour des transferts directs et fiables. Toujours en concertation avec vous, nous vous emm\u00e8nerons partout sur l&rsquo;\u00eele que vous souhaitez visiter.<\/p>\n          \n\n          <p>Nous pouvons organiser pour vous un <strong>service de transfert partag\u00e9<\/strong> depuis le port ou l&rsquo;a\u00e9roport, ou <strong>un service de transfert priv\u00e9<\/strong> , au cas o\u00f9 vous souhaiteriez profiter d&rsquo;un trajet plus exclusif.<\/p>\n          \n\n          <p>De plus, nous vous proposons un <strong>service de taxi<\/strong> car les taxis de Santorin sont tr\u00e8s occup\u00e9s pendant la saison. Notre h\u00f4tel propose ce type de service. Notre chauffeur peut vous emmener \u00e0 n&rsquo;importe quel endroit de l&rsquo;\u00eele que vous demandez.<\/p>\n          \n\n          <p>Laissez-nous vous guider avec le <strong>Blue Dolphins Tour<\/strong> : En choisissant le Blue Dolphins Tour, vous aurez la possibilit\u00e9 d&rsquo;avoir votre propre chauffeur pendant 4 \u00e0 5 heures (on ne peut pas faire plus priv\u00e9) qui vous emm\u00e8nera parmi les endroits cach\u00e9s de l&rsquo;\u00eele ainsi que les c\u00e9l\u00e8bres. Vous visiterez des vignobles, des plages, des petits villages pittoresques, des monast\u00e8res et si vous choisissez le d\u00e9jeuner ou le d\u00eener, vous d\u00e9couvrirez la cuisine grecque la plus \u00e9tonnante dans l&rsquo;un des meilleurs restaurants de l&rsquo;\u00eele.<\/p>\n          \n\n          <p>R\u00e9servez une <strong>voiture de location<\/strong> aupr\u00e8s de nos confr\u00e8res, livr\u00e9e au port-a\u00e9roport au meilleur prix disponible.<\/p>\n        <\/div>\n<\/div><\/div>\n","protected":false},"excerpt":{"rendered":"","protected":false},"author":5,"featured_media":0,"parent":0,"menu_order":0,"comment_status":"closed","ping_status":"closed","template":"","meta":{"ocean_post_layout":"","ocean_both_sidebars_style":"","ocean_both_sidebars_content_width":0,"ocean_both_sidebars_sidebars_width":0,"ocean_sidebar":"0","ocean_second_sidebar":"0","ocean_disable_margins":"enable","ocean_add_body_class":"","ocean_shortcode_before_top_bar":"","ocean_shortcode_after_top_bar":"","ocean_shortcode_before_header":"","ocean_shortcode_after_header":"","ocean_has_shortcode":"","ocean_shortcode_after_title":"","ocean_shortcode_before_footer_widgets":"","ocean_shortcode_after_footer_widgets":"","ocean_shortcode_before_footer_bottom":"","ocean_shortcode_after_footer_bottom":"","ocean_display_top_bar":"default","ocean_display_header":"default","ocean_header_style":"","ocean_center_header_left_menu":"0","ocean_custom_header_template":"0","ocean_custom_logo":0,"ocean_custom_retina_logo":0,"ocean_custom_logo_max_width":0,"ocean_custom_logo_tablet_max_width":0,"ocean_custom_logo_mobile_max_width":0,"ocean_custom_logo_max_height":0,"ocean_custom_logo_tablet_max_height":0,"ocean_custom_logo_mobile_max_height":0,"ocean_header_custom_menu":"0","ocean_menu_typo_font_family":"0","ocean_menu_typo_font_subset":"","ocean_menu_typo_font_size":0,"ocean_menu_typo_font_size_tablet":0,"ocean_menu_typo_font_size_mobile":0,"ocean_menu_typo_font_size_unit":"px","ocean_menu_typo_font_weight":"","ocean_menu_typo_font_weight_tablet":"","ocean_menu_typo_font_weight_mobile":"","ocean_menu_typo_transform":"","ocean_menu_typo_transform_tablet":"","ocean_menu_typo_transform_mobile":"","ocean_menu_typo_line_height":0,"ocean_menu_typo_line_height_tablet":0,"ocean_menu_typo_line_height_mobile":0,"ocean_menu_typo_line_height_unit":"","ocean_menu_typo_spacing":0,"ocean_menu_typo_spacing_tablet":0,"ocean_menu_typo_spacing_mobile":0,"ocean_menu_typo_spacing_unit":"","ocean_menu_link_color":"","ocean_menu_link_color_hover":"","ocean_menu_link_color_active":"","ocean_menu_link_background":"","ocean_menu_link_hover_background":"","ocean_menu_link_active_background":"","ocean_menu_social_links_bg":"","ocean_menu_social_hover_links_bg":"","ocean_menu_social_links_color":"","ocean_menu_social_hover_links_color":"","ocean_disable_title":"default","ocean_disable_heading":"default","ocean_post_title":"","ocean_post_subheading":"","ocean_post_title_style":"","ocean_post_title_background_color":"","ocean_post_title_background":0,"ocean_post_title_bg_image_position":"","ocean_post_title_bg_image_attachment":"","ocean_post_title_bg_image_repeat":"","ocean_post_title_bg_image_size":"","ocean_post_title_height":0,"ocean_post_title_bg_overlay":0.5,"ocean_post_title_bg_overlay_color":"","ocean_disable_breadcrumbs":"default","ocean_breadcrumbs_color":"","ocean_breadcrumbs_separator_color":"","ocean_breadcrumbs_links_color":"","ocean_breadcrumbs_links_hover_color":"","ocean_display_footer_widgets":"default","ocean_display_footer_bottom":"default","ocean_custom_footer_template":"0","osh_disable_topbar_sticky":"default","osh_disable_header_sticky":"default","osh_sticky_header_style":"default","osh_sticky_header_effect":"","osh_custom_sticky_logo":0,"osh_custom_retina_sticky_logo":0,"osh_custom_sticky_logo_height":0,"osh_background_color":"","osh_links_color":"","osh_links_hover_color":"","osh_links_active_color":"","osh_links_bg_color":"","osh_links_hover_bg_color":"","osh_links_active_bg_color":"","osh_menu_social_links_color":"","osh_menu_social_hover_links_color":"","footnotes":""},"class_list":["post-11763","page","type-page","status-publish","hentry","entry"],"_links":{"self":[{"href":"https:\/\/www.bluedolphins.gr\/fr\/wp-json\/wp\/v2\/pages\/11763","targetHints":{"allow":["GET"]}}],"collection":[{"href":"https:\/\/www.bluedolphins.gr\/fr\/wp-json\/wp\/v2\/pages"}],"about":[{"href":"https:\/\/www.bluedolphins.gr\/fr\/wp-json\/wp\/v2\/types\/page"}],"author":[{"embeddable":true,"href":"https:\/\/www.bluedolphins.gr\/fr\/wp-json\/wp\/v2\/users\/5"}],"replies":[{"embeddable":true,"href":"https:\/\/www.bluedolphins.gr\/fr\/wp-json\/wp\/v2\/comments?post=11763"}],"version-history":[{"count":0,"href":"https:\/\/www.bluedolphins.gr\/fr\/wp-json\/wp\/v2\/pages\/11763\/revisions"}],"wp:attachment":[{"href":"https:\/\/www.bluedolphins.gr\/fr\/wp-json\/wp\/v2\/media?parent=11763"}],"curies":[{"name":"wp","href":"https:\/\/api.w.org\/{rel}","templated":true}]}}