{"id":11714,"date":"2015-12-18T05:10:23","date_gmt":"2015-12-18T03:10:23","guid":{"rendered":"https:\/\/www.bluedolphins.gr\/bluedolphins-appartements-suites-santorin\/"},"modified":"2026-02-17T01:25:53","modified_gmt":"2026-02-16T23:25:53","slug":"bluedolphins-appartements-suites-santorin","status":"publish","type":"page","link":"https:\/\/www.bluedolphins.gr\/fr\/bluedolphins-appartements-suites-santorin\/","title":{"rendered":"BlueDolphins Appartements &amp; Suites | Santorin"},"content":{"rendered":"<h4 data-toolset-blocks-heading=\"1\" data-last-update=\"1.4\"><em>Un h\u00f4tel \u00e0 couper le souffle : des vues charmantes sur le magnifique paysage naturel de Santorin et ses villages color\u00e9s. Des moments de d\u00e9tente dans des jacuzzis ext\u00e9rieurs et des chambres confortables avec tout ce que vous d\u00e9sirez !<\/em><\/h4>\n<p>Pourquoi s\u00e9journer \u00e0 <strong>Blue<\/strong> <strong>Dolphins<\/strong>?<\/p>\n<p>Faites comme chez vous et faites partie de notre famille! Apr\u00e8s tout, n&rsquo;est-ce pas le vrai sens de l&rsquo;hospitalit\u00e9 chaleureuse et authentique ?<\/p>\n<p>Notre complexe principal, compos\u00e9 de chambres doubles standard, de maisons troglodytes et de suites, est situ\u00e9 en plein milieu de cette \u00eele vraiment magique et mystique, \u00e0 Firostefani, surplombant le c\u00e9l\u00e8bre volcan et la mer \u00c9g\u00e9e. Que vous voyagiez en couple ou en groupe de famille\/amis, vous pourrez faire une pause dans votre routine quotidienne et profiter de <strong>vacances en Gr\u00e8ce<\/strong> que vous n&rsquo;oublierez jamais. Nous pensons que la famille est une b\u00e9n\u00e9diction, les enfants de tous \u00e2ges sont les bienvenus ! <\/p>\n<h3>Pourquoi s\u00e9journer \u00e0 Blue Dolphins : Une exp\u00e9rience unique vous attend<\/h3>\n<p>Toutes les chambres sont con\u00e7ues dans un style traditionnel de Santorin avec vue sur la Caldeira et la mer \u00c9g\u00e9e, \u00e9quip\u00e9es de toutes les commodit\u00e9s n\u00e9cessaires et la plupart de celles r\u00e9cemment r\u00e9nov\u00e9es, offrent \u00e0 nos clients la tradition avec une hospitalit\u00e9 contemporaine !<\/p>\n<p>Le Blue Dolphins Hotel propose un petit- <strong>d\u00e9jeuner grec<\/strong> typique pour commencer votre journ\u00e9e \u00e0 base d&rsquo;ingr\u00e9dients frais et locaux. Le petit- <strong>d\u00e9jeuner<\/strong> est servi en priv\u00e9 sur votre balcon, offrant <a href=\"http:\/\/www.bluedolphins.gr\/photo-from-santorini\/\"><strong>une vue imprenable sur la caldeira<\/strong><\/a> , le volcan de <a href=\"http:\/\/www.bluedolphins.gr\/the-island-of-santorini\/\"><strong>Santorin<\/strong><\/a> , <strong>la mer \u00c9g\u00e9e<\/strong> et le village de <strong>Firostefani<\/strong> .<\/p>\n<p>Notre personnel local expert accueille tous nos clients avec un sourire sinc\u00e8re et d\u00e9ploie tous nos efforts pour assurer le s\u00e9jour le plus agr\u00e9able et le plus confortable \u00e0 Santorin. Notre seul objectif et notre indulgence viennent du fait que chaque voyageur s\u00e9journant au Blue Dolphins Hotel trouve tout ce dont il a besoin et m\u00eame plus. \u00c0 cette fin, nous avons cr\u00e9\u00e9 une vari\u00e9t\u00e9 de services personnalis\u00e9s couvrant tous les besoins et souhaits des voyageurs, et nous nous effor\u00e7ons continuellement d&rsquo;\u00e9lever l&rsquo;exp\u00e9rience d&rsquo;h\u00e9bergement du Blue Dolphins Hotel pour r\u00e9pondre aux normes les plus \u00e9lev\u00e9es.<\/p>\n<p>Situ\u00e9 dans le charmant village de Firostefani, l&rsquo;h\u00f4tel Blue Dolphins permet \u00e0 ses clients la de rejoindre la ville principale de Fira avec ses boutique commerces, ses restaurants, ses mus\u00e9es et sa vie nocturne \u00e0 seulement 10 minutes de marche tout en b\u00e9n\u00e9ficiant d&rsquo;une tranquillit\u00e9 \u00e0 l&rsquo;\u00e9cart de l&rsquo;agitation du centre.<\/p>\n<p>Laissez-vous tenter par le luxe de services et d&rsquo;\u00e9quipements personnalis\u00e9s et profitez de tous les privil\u00e8ges d&rsquo;une exp\u00e9rience de voyage vraiment incroyable!<\/p>\n<p>\t\t\t<iframe loading=\"lazy\"\n\t\t\t\t\tsrc=\"https:\/\/maps.google.com\/maps?q=36.4276873914109%2C%2025.427674418979652&#038;t=m&#038;z=16&#038;output=embed&#038;iwloc=near\"\n\t\t\t\t\ttitle=\"36.4276873914109, 25.427674418979652\"\n\t\t\t\t\taria-label=\"36.4276873914109, 25.427674418979652\"\n\t\t\t><\/iframe><\/p>\n<h2>Distance des dauphins bleus \u00e0 partir de :<\/h2>\n<p><strong>O\u00efa<\/strong> : 9km<\/p>\n<p><strong>Fira<\/strong> (ville principale) : 2km (10&prime; \u00e0 pied)<\/p>\n<p><strong>Port<\/strong> : 15km<\/p>\n<p><strong>A\u00e9roport<\/strong> : 10km<\/p>\n<p><strong>Arr\u00eat de bus<\/strong> : 200m<\/p>\n<p><strong>Plage la plus proche<\/strong> : 3km<\/p>\n<p><a href=\"http:\/\/www.bluedolphins.gr\/beach-of-santorini\/\"><strong>Plage de Perivolos, plage<\/strong><\/a> de <a href=\"http:\/\/www.bluedolphins.gr\/beach-of-santorini\/\"><strong>Perissa et plage<\/strong><\/a> <a href=\"http:\/\/www.bluedolphins.gr\/beach-of-santorini\/\"><strong>rouge<\/strong><\/a> : 15km<\/p>\n","protected":false},"excerpt":{"rendered":"<p>Un h\u00f4tel \u00e0 couper le souffle : des vues charmantes sur le magnifique paysage naturel de Santorin et ses villages color\u00e9s. Des moments de d\u00e9tente dans des jacuzzis ext\u00e9rieurs et des chambres confortables avec tout ce que vous d\u00e9sirez ! Pourquoi s\u00e9journer \u00e0 Blue Dolphins? Faites comme chez vous et faites partie de notre famille! [&hellip;]<\/p>\n","protected":false},"author":5,"featured_media":9298,"parent":0,"menu_order":0,"comment_status":"closed","ping_status":"closed","template":"","meta":{"ocean_post_layout":"","ocean_both_sidebars_style":"","ocean_both_sidebars_content_width":0,"ocean_both_sidebars_sidebars_width":0,"ocean_sidebar":"0","ocean_second_sidebar":"0","ocean_disable_margins":"enable","ocean_add_body_class":"","ocean_shortcode_before_top_bar":"","ocean_shortcode_after_top_bar":"","ocean_shortcode_before_header":"","ocean_shortcode_after_header":"","ocean_has_shortcode":"","ocean_shortcode_after_title":"","ocean_shortcode_before_footer_widgets":"","ocean_shortcode_after_footer_widgets":"","ocean_shortcode_before_footer_bottom":"","ocean_shortcode_after_footer_bottom":"","ocean_display_top_bar":"default","ocean_display_header":"default","ocean_header_style":"","ocean_center_header_left_menu":"0","ocean_custom_header_template":"0","ocean_custom_logo":0,"ocean_custom_retina_logo":0,"ocean_custom_logo_max_width":0,"ocean_custom_logo_tablet_max_width":0,"ocean_custom_logo_mobile_max_width":0,"ocean_custom_logo_max_height":0,"ocean_custom_logo_tablet_max_height":0,"ocean_custom_logo_mobile_max_height":0,"ocean_header_custom_menu":"0","ocean_menu_typo_font_family":"0","ocean_menu_typo_font_subset":"","ocean_menu_typo_font_size":0,"ocean_menu_typo_font_size_tablet":0,"ocean_menu_typo_font_size_mobile":0,"ocean_menu_typo_font_size_unit":"px","ocean_menu_typo_font_weight":"","ocean_menu_typo_font_weight_tablet":"","ocean_menu_typo_font_weight_mobile":"","ocean_menu_typo_transform":"","ocean_menu_typo_transform_tablet":"","ocean_menu_typo_transform_mobile":"","ocean_menu_typo_line_height":0,"ocean_menu_typo_line_height_tablet":0,"ocean_menu_typo_line_height_mobile":0,"ocean_menu_typo_line_height_unit":"","ocean_menu_typo_spacing":0,"ocean_menu_typo_spacing_tablet":0,"ocean_menu_typo_spacing_mobile":0,"ocean_menu_typo_spacing_unit":"","ocean_menu_link_color":"","ocean_menu_link_color_hover":"","ocean_menu_link_color_active":"","ocean_menu_link_background":"","ocean_menu_link_hover_background":"","ocean_menu_link_active_background":"","ocean_menu_social_links_bg":"","ocean_menu_social_hover_links_bg":"","ocean_menu_social_links_color":"","ocean_menu_social_hover_links_color":"","ocean_disable_title":"on","ocean_disable_heading":"default","ocean_post_title":"","ocean_post_subheading":"","ocean_post_title_style":"","ocean_post_title_background_color":"","ocean_post_title_background":0,"ocean_post_title_bg_image_position":"","ocean_post_title_bg_image_attachment":"","ocean_post_title_bg_image_repeat":"","ocean_post_title_bg_image_size":"","ocean_post_title_height":0,"ocean_post_title_bg_overlay":0.5,"ocean_post_title_bg_overlay_color":"","ocean_disable_breadcrumbs":"off","ocean_breadcrumbs_color":"","ocean_breadcrumbs_separator_color":"","ocean_breadcrumbs_links_color":"","ocean_breadcrumbs_links_hover_color":"","ocean_display_footer_widgets":"default","ocean_display_footer_bottom":"default","ocean_custom_footer_template":"0","osh_disable_topbar_sticky":"default","osh_disable_header_sticky":"default","osh_sticky_header_style":"default","osh_sticky_header_effect":"","osh_custom_sticky_logo":0,"osh_custom_retina_sticky_logo":0,"osh_custom_sticky_logo_height":0,"osh_background_color":"","osh_links_color":"","osh_links_hover_color":"","osh_links_active_color":"","osh_links_bg_color":"","osh_links_hover_bg_color":"","osh_links_active_bg_color":"","osh_menu_social_links_color":"","osh_menu_social_hover_links_color":"","footnotes":""},"class_list":["post-11714","page","type-page","status-publish","has-post-thumbnail","hentry","entry","has-media"],"_links":{"self":[{"href":"https:\/\/www.bluedolphins.gr\/fr\/wp-json\/wp\/v2\/pages\/11714","targetHints":{"allow":["GET"]}}],"collection":[{"href":"https:\/\/www.bluedolphins.gr\/fr\/wp-json\/wp\/v2\/pages"}],"about":[{"href":"https:\/\/www.bluedolphins.gr\/fr\/wp-json\/wp\/v2\/types\/page"}],"author":[{"embeddable":true,"href":"https:\/\/www.bluedolphins.gr\/fr\/wp-json\/wp\/v2\/users\/5"}],"replies":[{"embeddable":true,"href":"https:\/\/www.bluedolphins.gr\/fr\/wp-json\/wp\/v2\/comments?post=11714"}],"version-history":[{"count":0,"href":"https:\/\/www.bluedolphins.gr\/fr\/wp-json\/wp\/v2\/pages\/11714\/revisions"}],"wp:featuredmedia":[{"embeddable":true,"href":"https:\/\/www.bluedolphins.gr\/fr\/wp-json\/wp\/v2\/media\/9298"}],"wp:attachment":[{"href":"https:\/\/www.bluedolphins.gr\/fr\/wp-json\/wp\/v2\/media?parent=11714"}],"curies":[{"name":"wp","href":"https:\/\/api.w.org\/{rel}","templated":true}]}}