{"id":11712,"date":"2012-07-05T13:10:58","date_gmt":"2012-07-05T10:10:58","guid":{"rendered":"https:\/\/www.bluedolphins.gr\/appartements-ile-de-santorin-grece-hebergement-avec-vue-sur-la-caldeira-et-jacuzzi\/"},"modified":"2022-10-03T23:56:22","modified_gmt":"2022-10-03T20:56:22","slug":"appartements-ile-de-santorin-grece-hebergement-avec-vue-sur-la-caldeira-et-jacuzzi","status":"publish","type":"page","link":"https:\/\/www.bluedolphins.gr\/fr\/appartements-ile-de-santorin-grece-hebergement-avec-vue-sur-la-caldeira-et-jacuzzi\/","title":{"rendered":"Appartements \u00cele de Santorin (Gr\u00e8ce) | H\u00e9bergement avec vue sur la caldeira et jacuzzi"},"content":{"rendered":"<div class=\"container-fluid \">\n<div class=\"ddl-full-width-row row slider ddl-frontend-editor-row ddl-frontend-editor-editable\" data-id=\"3742\" data-name=\"Slider\" data-type=\"row\" data-layout_slug=\"layout-for-\" data-kind=\"Row\">\n                <\/div>\n<\/div>\n<div class=\"full-bg welcome ddl-frontend-editor-row ddl-frontend-editor-editable\" data-id=\"3917\" data-name=\"Row 12\" data-type=\"row\" data-layout_slug=\"layout-for-\" data-kind=\"Row\">\n<div class=\"container \">\n<div class=\"row\">\n<div class=\"col-sm-8 ddl-frontend-editor-cell ddl-frontend-editor-editable js-ddl-frontend-editor-cell col-sm-offset-2\" data-id=\"s4481\" data-name=\"Visual editor 2\" data-type=\"cell-text\" data-layout_slug=\"\" data-kind=\"Cell\">\n<h1 style=\"text-align: center;\">Bienvenue aux Blue Dolphins<\/h1>\n<p style=\"text-align: center;\"><strong>Suites<\/strong> <strong>romantiques, jacuzzi et<\/strong> lune de miel juste en face de <strong>Caldera<\/strong> : visitez un lieu qui vous coupera le souffle. Les <strong>appartements Blue Dolphins \u00e0<\/strong> <strong>Santorin<\/strong> vous laisseront vous interroger sur la sagesse de la main invisible qui a cr\u00e9\u00e9 une telle beaut\u00e9.<\/p>\n<p style=\"text-align: center;\">L&rsquo; <strong>\u00eele de Santorin<\/strong> est un lieu vraiment magique et mystique et les <strong>Blue Dolphins Apartments &amp; Suites<\/strong> sont situ\u00e9es au c\u0153ur de cette destination magique : profitez de la <strong>vue imprenable sur le coucher<\/strong> de soleil sur <strong>Caldera<\/strong> dans nos <strong>luxueuses villas<\/strong> .<\/p>\n<p style=\"text-align: center;\">Situ\u00e9 \u00e0 <strong>Firostefani<\/strong> et surplombant le c\u00e9l\u00e8bre volcan et la <strong>mer \u00c9g\u00e9e<\/strong> , vous pourrez go\u00fbter \u00e0 la tranquillit\u00e9 de la nature et faire une pause dans la routine quotidienne en regardant simplement depuis votre <strong>h\u00e9bergement exclusif dans les appartements Blue Dolphins Suites<\/strong> .<\/p>\n<\/div>\n<\/div>\n<\/div>\n<\/div>\n<div class=\"container-fluid \">\n<div class=\"ddl-full-width-row row titolo-parallax ddl-frontend-editor-row ddl-frontend-editor-editable\" data-id=\"2811\" data-name=\"Row 7\" data-type=\"row\" data-layout_slug=\"layout-for-\" data-kind=\"Row\">\n<div class=\"col-sm-12 titolo-parellax ddl-frontend-editor-cell ddl-frontend-editor-editable js-ddl-frontend-editor-cell\" data-id=\"s2787\" data-name=\"Visual editor 5\" data-type=\"cell-text\" data-layout_slug=\"\" data-kind=\"Cell\">[parallax-scroll id=\u00a0\u00bb1505&Prime;]<\/div>\n<\/div>\n<\/div>\n<div class=\"full-bg home-room ddl-frontend-editor-row ddl-frontend-editor-editable\" data-id=\"2367\" data-name=\"Suites\" data-type=\"row\" data-layout_slug=\"layout-for-\" data-kind=\"Row\">\n<div class=\"container \">\n<div class=\"row\">\n<div class=\"col-sm-12 ddl-frontend-editor-cell ddl-frontend-editor-editable js-ddl-frontend-editor-cell\" data-id=\"s2026\" data-name=\"Suites-home copy\" data-type=\"views-content-grid-cell\" data-layout_slug=\"\" data-kind=\"Cell\"><!- Vue introuvable -><\/div>\n<\/div>\n<\/div>\n<\/div>\n<div class=\"container-fluid \">\n<div class=\"ddl-full-width-row row paralax-home ddl-frontend-editor-row ddl-frontend-editor-editable\" data-id=\"2860\" data-name=\"Row 8\" data-type=\"row\" data-layout_slug=\"layout-for-\" data-kind=\"Row\">\n<div class=\"col-sm-12 titolo-parellax ddl-frontend-editor-cell ddl-frontend-editor-editable js-ddl-frontend-editor-cell\" data-id=\"s2836\" data-name=\"Visual editor 6\" data-type=\"cell-text\" data-layout_slug=\"\" data-kind=\"Cell\">[parallax-scroll id=\u00a0\u00bb1754&Prime;]<\/div>\n<\/div>\n<\/div>\n<div class=\"full-bg home-room ddl-frontend-editor-row ddl-frontend-editor-editable\" data-id=\"3079\" data-name=\"Camere\" data-type=\"row\" data-layout_slug=\"layout-for-\" data-kind=\"Row\">\n<div class=\"container \">\n<div class=\"row\">\n<div class=\"col-sm-12 ddl-frontend-editor-cell ddl-frontend-editor-editable js-ddl-frontend-editor-cell\" data-id=\"s3055\" data-name=\"Rooms-home copy\" data-type=\"views-content-grid-cell\" data-layout_slug=\"\" data-kind=\"Cell\"><!- Vue introuvable -><\/div>\n<\/div>\n<\/div>\n<\/div>\n<div class=\"container-fluid \">\n<div class=\"ddl-full-width-row row breakfast ddl-frontend-editor-row ddl-frontend-editor-editable\" data-id=\"8296\" data-name=\"Row 11\" data-type=\"row\" data-layout_slug=\"layout-for-\" data-kind=\"Row\">\n<div class=\"col-sm-12 ddl-frontend-editor-cell ddl-frontend-editor-editable js-ddl-frontend-editor-cell\" data-id=\"s8272\" data-name=\"Visual Editor\" data-type=\"cell-text\" data-layout_slug=\"\" data-kind=\"Cell\">\n<p>[parallax-scroll id=\u00a0\u00bb2071&Prime;]<\/p>\n<\/div>\n<\/div>\n<\/div>\n<div class=\"container-fluid \">\n<div class=\"ddl-full-width-row row enjoying ddl-frontend-editor-row ddl-frontend-editor-editable\" data-id=\"2990\" data-name=\"Row 9\" data-type=\"row\" data-layout_slug=\"layout-for-\" data-kind=\"Row\">\n<div class=\"col-sm-12 ddl-frontend-editor-cell ddl-frontend-editor-editable js-ddl-frontend-editor-cell\" data-id=\"s2966\" data-name=\"Visual editor 7\" data-type=\"cell-text\" data-layout_slug=\"\" data-kind=\"Cell\">\n<h1 style=\"text-align: center;\">Profiter de Santorin<\/h1>\n<h3 style=\"text-align: center;\">Nouvelles et \u00e9v\u00e9nements sur l&rsquo;\u00eele de Santorin<\/h3>\n<\/div>\n<\/div>\n<\/div>\n<div class=\"container-fluid \">\n<div class=\"ddl-full-width-row row ddl-frontend-editor-row ddl-frontend-editor-editable\" data-id=\"3469\" data-name=\"Notizie\" data-type=\"row\" data-layout_slug=\"layout-for-\" data-kind=\"Row\">\n<div class=\"col-sm-12 ddl-frontend-editor-cell ddl-frontend-editor-editable js-ddl-frontend-editor-cell\" data-id=\"s3445\" data-name=\"Categories - Slider copy\" data-type=\"views-content-grid-cell\" data-layout_slug=\"\" data-kind=\"Cell\"><!- Vue introuvable -><\/div>\n<\/div>\n<\/div>\n","protected":false},"excerpt":{"rendered":"<p>Bienvenue aux Blue Dolphins Suites romantiques, jacuzzi et lune de miel juste en face de Caldera : visitez un lieu qui vous coupera le souffle. Les appartements Blue Dolphins \u00e0 Santorin vous laisseront vous interroger sur la sagesse de la main invisible qui a cr\u00e9\u00e9 une telle beaut\u00e9. L&rsquo; \u00eele de Santorin est un lieu [&hellip;]<\/p>\n","protected":false},"author":5,"featured_media":0,"parent":0,"menu_order":0,"comment_status":"closed","ping_status":"closed","template":"","meta":{"ocean_post_layout":"","ocean_both_sidebars_style":"","ocean_both_sidebars_content_width":0,"ocean_both_sidebars_sidebars_width":0,"ocean_sidebar":"","ocean_second_sidebar":"","ocean_disable_margins":"enable","ocean_add_body_class":"","ocean_shortcode_before_top_bar":"","ocean_shortcode_after_top_bar":"","ocean_shortcode_before_header":"","ocean_shortcode_after_header":"","ocean_has_shortcode":"","ocean_shortcode_after_title":"","ocean_shortcode_before_footer_widgets":"","ocean_shortcode_after_footer_widgets":"","ocean_shortcode_before_footer_bottom":"","ocean_shortcode_after_footer_bottom":"","ocean_display_top_bar":"default","ocean_display_header":"default","ocean_header_style":"","ocean_center_header_left_menu":"","ocean_custom_header_template":"","ocean_custom_logo":0,"ocean_custom_retina_logo":0,"ocean_custom_logo_max_width":0,"ocean_custom_logo_tablet_max_width":0,"ocean_custom_logo_mobile_max_width":0,"ocean_custom_logo_max_height":0,"ocean_custom_logo_tablet_max_height":0,"ocean_custom_logo_mobile_max_height":0,"ocean_header_custom_menu":"","ocean_menu_typo_font_family":"","ocean_menu_typo_font_subset":"","ocean_menu_typo_font_size":0,"ocean_menu_typo_font_size_tablet":0,"ocean_menu_typo_font_size_mobile":0,"ocean_menu_typo_font_size_unit":"px","ocean_menu_typo_font_weight":"","ocean_menu_typo_font_weight_tablet":"","ocean_menu_typo_font_weight_mobile":"","ocean_menu_typo_transform":"","ocean_menu_typo_transform_tablet":"","ocean_menu_typo_transform_mobile":"","ocean_menu_typo_line_height":0,"ocean_menu_typo_line_height_tablet":0,"ocean_menu_typo_line_height_mobile":0,"ocean_menu_typo_line_height_unit":"","ocean_menu_typo_spacing":0,"ocean_menu_typo_spacing_tablet":0,"ocean_menu_typo_spacing_mobile":0,"ocean_menu_typo_spacing_unit":"","ocean_menu_link_color":"","ocean_menu_link_color_hover":"","ocean_menu_link_color_active":"","ocean_menu_link_background":"","ocean_menu_link_hover_background":"","ocean_menu_link_active_background":"","ocean_menu_social_links_bg":"","ocean_menu_social_hover_links_bg":"","ocean_menu_social_links_color":"","ocean_menu_social_hover_links_color":"","ocean_disable_title":"default","ocean_disable_heading":"default","ocean_post_title":"","ocean_post_subheading":"","ocean_post_title_style":"","ocean_post_title_background_color":"","ocean_post_title_background":0,"ocean_post_title_bg_image_position":"","ocean_post_title_bg_image_attachment":"","ocean_post_title_bg_image_repeat":"","ocean_post_title_bg_image_size":"","ocean_post_title_height":0,"ocean_post_title_bg_overlay":0.5,"ocean_post_title_bg_overlay_color":"","ocean_disable_breadcrumbs":"default","ocean_breadcrumbs_color":"","ocean_breadcrumbs_separator_color":"","ocean_breadcrumbs_links_color":"","ocean_breadcrumbs_links_hover_color":"","ocean_display_footer_widgets":"default","ocean_display_footer_bottom":"default","ocean_custom_footer_template":"","osh_disable_topbar_sticky":"default","osh_disable_header_sticky":"default","osh_sticky_header_style":"default","osh_sticky_header_effect":"","osh_custom_sticky_logo":0,"osh_custom_retina_sticky_logo":0,"osh_custom_sticky_logo_height":0,"osh_background_color":"","osh_links_color":"","osh_links_hover_color":"","osh_links_active_color":"","osh_links_bg_color":"","osh_links_hover_bg_color":"","osh_links_active_bg_color":"","osh_menu_social_links_color":"","osh_menu_social_hover_links_color":"","footnotes":""},"class_list":["post-11712","page","type-page","status-publish","hentry","entry"],"_links":{"self":[{"href":"https:\/\/www.bluedolphins.gr\/fr\/wp-json\/wp\/v2\/pages\/11712","targetHints":{"allow":["GET"]}}],"collection":[{"href":"https:\/\/www.bluedolphins.gr\/fr\/wp-json\/wp\/v2\/pages"}],"about":[{"href":"https:\/\/www.bluedolphins.gr\/fr\/wp-json\/wp\/v2\/types\/page"}],"author":[{"embeddable":true,"href":"https:\/\/www.bluedolphins.gr\/fr\/wp-json\/wp\/v2\/users\/5"}],"replies":[{"embeddable":true,"href":"https:\/\/www.bluedolphins.gr\/fr\/wp-json\/wp\/v2\/comments?post=11712"}],"version-history":[{"count":0,"href":"https:\/\/www.bluedolphins.gr\/fr\/wp-json\/wp\/v2\/pages\/11712\/revisions"}],"wp:attachment":[{"href":"https:\/\/www.bluedolphins.gr\/fr\/wp-json\/wp\/v2\/media?parent=11712"}],"curies":[{"name":"wp","href":"https:\/\/api.w.org\/{rel}","templated":true}]}}