{"id":11858,"date":"2016-05-27T21:27:54","date_gmt":"2016-05-27T18:27:54","guid":{"rendered":"https:\/\/www.bluedolphins.gr\/grand-view-partner-hotel-santorini\/"},"modified":"2022-10-03T23:42:06","modified_gmt":"2022-10-03T20:42:06","slug":"grand-view-partner-hotel-santorini","status":"publish","type":"page","link":"https:\/\/www.bluedolphins.gr\/de\/grand-view-partner-hotel-santorini\/","title":{"rendered":"Grand View | Partner-hotel Santorini"},"content":{"rendered":"<h1 style=\"text-align: center;\">Grand View, unser bew\u00e4hrtes Schwesterhotel!!!<\/h1>\n<p style=\"text-align: center;\">Bestbewertet auf Trip Advisor Megalochori, hat einen Pool mit Blick auf die Caldera und den Sonnenuntergang.<\/p>\n<h2 style=\"text-align: center;\"><b><span lang=\"EN-US\">Private luxuri\u00f6se Poolvilla \u2013 perfekt f\u00fcr Hochzeitsreisende!<\/span><\/b><\/h2>\n<h3 style=\"text-align: center;\"><span lang=\"EN-US\">Sonderangebote f\u00fcr die<b>Online-Buchung<\/b>:<br \/>\n<\/span><a href=\"https:\/\/www.grandview.gr\" target=\"_blank\" rel=\"noopener noreferrer\">www.grandview.gr<\/a><\/h3>\n<p style=\"text-align: center;\">Genie\u00dfen Sie Ihr Abendessen bei Sonnenuntergang in der Pool Bar\/Restaurant und erhalten Sie 15 % RABATT!!!<\/p>\n<p>&nbsp;<\/p>\n<p style=\"text-align: left;\">[justified_image_grid preset=&#8220;4&#8243; ids=&#8220;2260,2259,2261,2262,2257,2256,2258&#8243; row_height=&#8220;200&#8243; last_row=&#8220;match-center&#8220;]<\/p>\n<div id='gallery-1' class='gallery galleryid-11858 gallery-columns-3 gallery-size-thumbnail'><figure class='gallery-item'>\n\t\t\t<div class='gallery-icon landscape'>\n\t\t\t\t<a href=\"https:\/\/www.bluedolphins.gr\/de\/santorini-hotel-grand-view-jacuzzi-2\/\"><img decoding=\"async\" width=\"150\" height=\"150\" src=\"https:\/\/www.bluedolphins.gr\/wp-content\/uploads\/2016\/05\/santorini-hotel-grand-view-jacuzzi-2-150x150.jpg\" class=\"attachment-thumbnail size-thumbnail\" alt=\"\" aria-describedby=\"gallery-1-9547\" \/><\/a>\n\t\t\t<\/div>\n\t\t\t\t<figcaption class='wp-caption-text gallery-caption' id='gallery-1-9547'>\n\t\t\t\t| Blue Dolphins Apartments | Santorini Island Greece\n\t\t\t\t<\/figcaption><\/figure><figure class='gallery-item'>\n\t\t\t<div class='gallery-icon landscape'>\n\t\t\t\t<a href=\"https:\/\/www.bluedolphins.gr\/de\/santorini-hotel-grand-view-veranda-2\/\"><img decoding=\"async\" width=\"150\" height=\"150\" src=\"https:\/\/www.bluedolphins.gr\/wp-content\/uploads\/2016\/05\/santorini-hotel-grand-view-veranda-2-150x150.jpg\" class=\"attachment-thumbnail size-thumbnail\" alt=\"\" \/><\/a>\n\t\t\t<\/div><\/figure><figure class='gallery-item'>\n\t\t\t<div class='gallery-icon landscape'>\n\t\t\t\t<a href=\"https:\/\/www.bluedolphins.gr\/de\/santorini-hotel-grand-view-1-2-2\/\"><img decoding=\"async\" width=\"150\" height=\"150\" src=\"https:\/\/www.bluedolphins.gr\/wp-content\/uploads\/2016\/05\/santorini-hotel-grand-view-1-1-2-150x150.jpg\" class=\"attachment-thumbnail size-thumbnail\" alt=\"\" \/><\/a>\n\t\t\t<\/div><\/figure><figure class='gallery-item'>\n\t\t\t<div class='gallery-icon landscape'>\n\t\t\t\t<a href=\"https:\/\/www.bluedolphins.gr\/de\/santorini-hotel-grand-view-2\/\"><img loading=\"lazy\" decoding=\"async\" width=\"150\" height=\"150\" src=\"https:\/\/www.bluedolphins.gr\/wp-content\/uploads\/2016\/05\/santorini-hotel-grand-view-3-150x150.jpg\" class=\"attachment-thumbnail size-thumbnail\" alt=\"\" \/><\/a>\n\t\t\t<\/div><\/figure><figure class='gallery-item'>\n\t\t\t<div class='gallery-icon landscape'>\n\t\t\t\t<a href=\"https:\/\/www.bluedolphins.gr\/de\/santorini-hotel-grand-view-bathroom-2-2\/\"><img loading=\"lazy\" decoding=\"async\" width=\"150\" height=\"150\" src=\"https:\/\/www.bluedolphins.gr\/wp-content\/uploads\/2016\/05\/santorini-hotel-grand-view-bathroom-2-2-150x150.jpg\" class=\"attachment-thumbnail size-thumbnail\" alt=\"\" \/><\/a>\n\t\t\t<\/div><\/figure><figure class='gallery-item'>\n\t\t\t<div class='gallery-icon landscape'>\n\t\t\t\t<a href=\"https:\/\/www.bluedolphins.gr\/de\/santorini-hotel-grand-view-room-2\/\"><img loading=\"lazy\" decoding=\"async\" width=\"150\" height=\"150\" src=\"https:\/\/www.bluedolphins.gr\/wp-content\/uploads\/2016\/05\/santorini-hotel-grand-view-room-2-150x150.jpg\" class=\"attachment-thumbnail size-thumbnail\" alt=\"\" \/><\/a>\n\t\t\t<\/div><\/figure><figure class='gallery-item'>\n\t\t\t<div class='gallery-icon landscape'>\n\t\t\t\t<a href=\"https:\/\/www.bluedolphins.gr\/de\/santorini-hotel-grand-view-bathroom-3\/\"><img loading=\"lazy\" decoding=\"async\" width=\"150\" height=\"150\" src=\"https:\/\/www.bluedolphins.gr\/wp-content\/uploads\/2016\/05\/santorini-hotel-grand-view-bathroom-3-150x150.jpg\" class=\"attachment-thumbnail size-thumbnail\" alt=\"\" \/><\/a>\n\t\t\t<\/div><\/figure>\n\t\t<\/div>\n\n<p style=\"text-align: center;\">\n","protected":false},"excerpt":{"rendered":"<p>Grand View, unser bew\u00e4hrtes Schwesterhotel!!! Bestbewertet auf Trip Advisor Megalochori, hat einen Pool mit Blick auf die Caldera und den Sonnenuntergang. Private luxuri\u00f6se Poolvilla \u2013 perfekt f\u00fcr Hochzeitsreisende! Sonderangebote f\u00fcr dieOnline-Buchung: www.grandview.gr Genie\u00dfen Sie Ihr Abendessen bei Sonnenuntergang in der Pool Bar\/Restaurant und erhalten Sie 15 % RABATT!!! &nbsp; [justified_image_grid preset=&#8220;4&#8243; ids=&#8220;2260,2259,2261,2262,2257,2256,2258&#8243; row_height=&#8220;200&#8243; last_row=&#8220;match-center&#8220;]<\/p>\n","protected":false},"author":5,"featured_media":10178,"parent":0,"menu_order":0,"comment_status":"closed","ping_status":"closed","template":"","meta":{"ocean_post_layout":"","ocean_both_sidebars_style":"","ocean_both_sidebars_content_width":0,"ocean_both_sidebars_sidebars_width":0,"ocean_sidebar":"","ocean_second_sidebar":"","ocean_disable_margins":"enable","ocean_add_body_class":"","ocean_shortcode_before_top_bar":"","ocean_shortcode_after_top_bar":"","ocean_shortcode_before_header":"","ocean_shortcode_after_header":"","ocean_has_shortcode":"","ocean_shortcode_after_title":"","ocean_shortcode_before_footer_widgets":"","ocean_shortcode_after_footer_widgets":"","ocean_shortcode_before_footer_bottom":"","ocean_shortcode_after_footer_bottom":"","ocean_display_top_bar":"default","ocean_display_header":"default","ocean_header_style":"","ocean_center_header_left_menu":"","ocean_custom_header_template":"","ocean_custom_logo":0,"ocean_custom_retina_logo":0,"ocean_custom_logo_max_width":0,"ocean_custom_logo_tablet_max_width":0,"ocean_custom_logo_mobile_max_width":0,"ocean_custom_logo_max_height":0,"ocean_custom_logo_tablet_max_height":0,"ocean_custom_logo_mobile_max_height":0,"ocean_header_custom_menu":"","ocean_menu_typo_font_family":"","ocean_menu_typo_font_subset":"","ocean_menu_typo_font_size":0,"ocean_menu_typo_font_size_tablet":0,"ocean_menu_typo_font_size_mobile":0,"ocean_menu_typo_font_size_unit":"px","ocean_menu_typo_font_weight":"","ocean_menu_typo_font_weight_tablet":"","ocean_menu_typo_font_weight_mobile":"","ocean_menu_typo_transform":"","ocean_menu_typo_transform_tablet":"","ocean_menu_typo_transform_mobile":"","ocean_menu_typo_line_height":0,"ocean_menu_typo_line_height_tablet":0,"ocean_menu_typo_line_height_mobile":0,"ocean_menu_typo_line_height_unit":"","ocean_menu_typo_spacing":0,"ocean_menu_typo_spacing_tablet":0,"ocean_menu_typo_spacing_mobile":0,"ocean_menu_typo_spacing_unit":"","ocean_menu_link_color":"","ocean_menu_link_color_hover":"","ocean_menu_link_color_active":"","ocean_menu_link_background":"","ocean_menu_link_hover_background":"","ocean_menu_link_active_background":"","ocean_menu_social_links_bg":"","ocean_menu_social_hover_links_bg":"","ocean_menu_social_links_color":"","ocean_menu_social_hover_links_color":"","ocean_disable_title":"default","ocean_disable_heading":"default","ocean_post_title":"","ocean_post_subheading":"","ocean_post_title_style":"","ocean_post_title_background_color":"","ocean_post_title_background":0,"ocean_post_title_bg_image_position":"","ocean_post_title_bg_image_attachment":"","ocean_post_title_bg_image_repeat":"","ocean_post_title_bg_image_size":"","ocean_post_title_height":0,"ocean_post_title_bg_overlay":0.5,"ocean_post_title_bg_overlay_color":"","ocean_disable_breadcrumbs":"default","ocean_breadcrumbs_color":"","ocean_breadcrumbs_separator_color":"","ocean_breadcrumbs_links_color":"","ocean_breadcrumbs_links_hover_color":"","ocean_display_footer_widgets":"default","ocean_display_footer_bottom":"default","ocean_custom_footer_template":"","osh_disable_topbar_sticky":"default","osh_disable_header_sticky":"default","osh_sticky_header_style":"default","osh_sticky_header_effect":"","osh_custom_sticky_logo":0,"osh_custom_retina_sticky_logo":0,"osh_custom_sticky_logo_height":0,"osh_background_color":"","osh_links_color":"","osh_links_hover_color":"","osh_links_active_color":"","osh_links_bg_color":"","osh_links_hover_bg_color":"","osh_links_active_bg_color":"","osh_menu_social_links_color":"","osh_menu_social_hover_links_color":"","footnotes":""},"class_list":["post-11858","page","type-page","status-publish","has-post-thumbnail","hentry","entry","has-media"],"_links":{"self":[{"href":"https:\/\/www.bluedolphins.gr\/de\/wp-json\/wp\/v2\/pages\/11858","targetHints":{"allow":["GET"]}}],"collection":[{"href":"https:\/\/www.bluedolphins.gr\/de\/wp-json\/wp\/v2\/pages"}],"about":[{"href":"https:\/\/www.bluedolphins.gr\/de\/wp-json\/wp\/v2\/types\/page"}],"author":[{"embeddable":true,"href":"https:\/\/www.bluedolphins.gr\/de\/wp-json\/wp\/v2\/users\/5"}],"replies":[{"embeddable":true,"href":"https:\/\/www.bluedolphins.gr\/de\/wp-json\/wp\/v2\/comments?post=11858"}],"version-history":[{"count":0,"href":"https:\/\/www.bluedolphins.gr\/de\/wp-json\/wp\/v2\/pages\/11858\/revisions"}],"wp:featuredmedia":[{"embeddable":true,"href":"https:\/\/www.bluedolphins.gr\/de\/wp-json\/wp\/v2\/media\/10178"}],"wp:attachment":[{"href":"https:\/\/www.bluedolphins.gr\/de\/wp-json\/wp\/v2\/media?parent=11858"}],"curies":[{"name":"wp","href":"https:\/\/api.w.org\/{rel}","templated":true}]}}