{"id":11851,"date":"2016-07-26T09:01:18","date_gmt":"2016-07-26T06:01:18","guid":{"rendered":"https:\/\/www.bluedolphins.gr\/fruehstueck-mit-blick-auf-die-caldera-in-santorini\/"},"modified":"2026-02-16T21:51:05","modified_gmt":"2026-02-16T19:51:05","slug":"fruehstueck-mit-blick-auf-die-caldera-in-santorini","status":"publish","type":"page","link":"https:\/\/www.bluedolphins.gr\/de\/fruehstueck-mit-blick-auf-die-caldera-in-santorini\/","title":{"rendered":"Fr\u00fchst\u00fcck mit Blick auf die Caldera in Santorini"},"content":{"rendered":"\t\t<div data-elementor-type=\"wp-page\" data-elementor-id=\"11851\" class=\"elementor elementor-11851 elementor-2507\" data-elementor-settings=\"{&quot;ha_cmc_init_switcher&quot;:&quot;no&quot;}\" data-elementor-post-type=\"page\">\n\t\t\t\t\t\t<section class=\"elementor-section elementor-top-section elementor-element elementor-element-93bb978 elementor-section-stretched elementor-section-full_width elementor-section-height-min-height elementor-section-height-default elementor-section-items-middle\" data-id=\"93bb978\" data-element_type=\"section\" data-e-type=\"section\" data-settings=\"{&quot;stretch_section&quot;:&quot;section-stretched&quot;,&quot;_ha_eqh_enable&quot;:false}\">\n\t\t\t\t\t\t<div class=\"elementor-container elementor-column-gap-default\">\n\t\t\t\t\t<div class=\"elementor-column elementor-col-100 elementor-top-column elementor-element elementor-element-b29414d\" data-id=\"b29414d\" data-element_type=\"column\" data-e-type=\"column\" data-settings=\"{&quot;background_background&quot;:&quot;classic&quot;}\">\n\t\t\t<div class=\"elementor-widget-wrap elementor-element-populated\">\n\t\t\t\t\t<div class=\"elementor-background-overlay\"><\/div>\n\t\t\t\t\t\t<div class=\"elementor-element elementor-element-02bcdc0 elementor-widget elementor-widget-heading\" data-id=\"02bcdc0\" data-element_type=\"widget\" data-e-type=\"widget\" data-widget_type=\"heading.default\">\n\t\t\t\t<div class=\"elementor-widget-container\">\n\t\t\t\t\t<h2 class=\"elementor-heading-title elementor-size-default\">Fr\u00fchst\u00fcck mit Blick auf die Caldera in Santorini<\/h2>\t\t\t\t<\/div>\n\t\t\t\t<\/div>\n\t\t\t\t\t<\/div>\n\t\t<\/div>\n\t\t\t\t\t<\/div>\n\t\t<\/section>\n\t\t\t\t<section class=\"elementor-section elementor-top-section elementor-element elementor-element-ec97751 elementor-section-boxed elementor-section-height-default elementor-section-height-default\" data-id=\"ec97751\" data-element_type=\"section\" data-e-type=\"section\" data-settings=\"{&quot;_ha_eqh_enable&quot;:false}\">\n\t\t\t\t\t\t<div class=\"elementor-container elementor-column-gap-default\">\n\t\t\t\t\t<div class=\"elementor-column elementor-col-100 elementor-top-column elementor-element elementor-element-2ce157e\" data-id=\"2ce157e\" data-element_type=\"column\" data-e-type=\"column\">\n\t\t\t<div class=\"elementor-widget-wrap elementor-element-populated\">\n\t\t\t\t\t\t<div class=\"elementor-element elementor-element-4b8152d elementor-widget elementor-widget-heading\" data-id=\"4b8152d\" data-element_type=\"widget\" data-e-type=\"widget\" data-widget_type=\"heading.default\">\n\t\t\t\t<div class=\"elementor-widget-container\">\n\t\t\t\t\t<h2 class=\"elementor-heading-title elementor-size-default\">Typisch traditionell griechisch oder international?<\/h2>\t\t\t\t<\/div>\n\t\t\t\t<\/div>\n\t\t\t\t<div class=\"elementor-element elementor-element-968cdc3 elementor-widget elementor-widget-text-editor\" data-id=\"968cdc3\" data-element_type=\"widget\" data-e-type=\"widget\" data-widget_type=\"text-editor.default\">\n\t\t\t\t<div class=\"elementor-widget-container\">\n\t\t\t\t\t\t\t\t\t<p>Starten Sie in den Tag mit einem k\u00f6stlichen Fr\u00fchst\u00fcck und einem herausragenden Blick auf das dunkelblaue Meer und die Caldera.<\/p>\n<p><strong>Blue Dolphins<\/strong> bietet ein typisch <strong>griechisches Fr\u00fchst\u00fcck<\/strong> mit einer gro\u00dfz\u00fcgigen Auswahl an M\u00fcsli, frischem Obst, griechischem Joghurt, griechischem Honig aus der Stadt Olympia, frisch gebackenen Kuchen, Keksen &amp; Marmeladen, gebratenen, gekochten Eiern, K\u00e4se, Schinken, Putenfleisch und verschiedenen Aufschnitten, frisch gekochtem Geb\u00e4ck sowie frisch gepresstem Orangensaft. Marmeladen, gebratene und gekochte Eier, K\u00e4se, Schinken, Putenfleisch und verschiedene andere Aufschnitte, frisch gebackenes Geb\u00e4ck sowie frisch gepresster Orangensaft, Gem\u00fcse der Saison wie Kirschtomaten, Kapern, Paprika usw. zusammen mit extra nativem Oliven\u00f6l und lokalem Oregano, frisches Brot mit Butter, Kaffee (Filterkaffee, Espresso, Cappuccino klassisch oder freddo, griechischer Kaffee, Frappe usw.), Tee, Milch usw.<\/p>\n<p>All diese s\u00fc\u00dfen Versuchungen und frisch zubereiteten K\u00f6stlichkeiten werden <strong>zu Ihrer gew\u00fcnschten Zeit zwischen 08:30 und 10:30 Uhr auf Ihrem Zimmer<\/strong> serviert, aber Sie k\u00f6nnen sich auch f\u00fcr ein <strong>Fr\u00fchst\u00fcck zum Mitnehmen entscheiden, das am besten zu Ihrem Santorini-<\/strong> Reiseplan passt!<\/p>\t\t\t\t\t\t\t\t<\/div>\n\t\t\t\t<\/div>\n\t\t\t\t\t<\/div>\n\t\t<\/div>\n\t\t\t\t\t<\/div>\n\t\t<\/section>\n\t\t\t\t<section class=\"elementor-section elementor-top-section elementor-element elementor-element-2a640a36 elementor-section-boxed elementor-section-height-default elementor-section-height-default\" data-id=\"2a640a36\" data-element_type=\"section\" data-e-type=\"section\" data-settings=\"{&quot;_ha_eqh_enable&quot;:false}\">\n\t\t\t\t\t\t<div class=\"elementor-container elementor-column-gap-default\">\n\t\t\t\t\t<div class=\"elementor-column elementor-col-100 elementor-top-column elementor-element elementor-element-50a3b80b\" data-id=\"50a3b80b\" data-element_type=\"column\" data-e-type=\"column\">\n\t\t\t<div class=\"elementor-widget-wrap elementor-element-populated\">\n\t\t\t\t\t\t<div class=\"elementor-element elementor-element-19109a17 elementor-widget elementor-widget-text-editor\" data-id=\"19109a17\" data-element_type=\"widget\" data-e-type=\"widget\" data-widget_type=\"text-editor.default\">\n\t\t\t\t<div class=\"elementor-widget-container\">\n\t\t\t\t\t\t\t\t\t<p><\/p>\n<div class=\"wp-block-toolset-blocks-container tb-container\" data-toolset-blocks-container=\"1\">\n<div class=\"tb-container-inner\">\n<p><\/p>\n<p><\/p>\n<div class=\"wp-block-image\"> <\/div>\n<p><\/p>\n<figure class=\"wp-block-gallery columns-2 is-cropped\">\n<ul class=\"blocks-gallery-grid\">\n<li class=\"blocks-gallery-item\">\n<figure><img fetchpriority=\"high\" decoding=\"async\" width=\"1000\" height=\"667\" class=\"wp-image-2965\" src=\"https:\/\/bluedolphins.gr\/wp-content\/uploads\/2019\/07\/continental-breakfast-santorini-17-2.jpg\" alt=\"kontinentales fr\u00fchst\u00fcck santorini 17\" data-id=\"2965\" srcset=\"https:\/\/www.bluedolphins.gr\/wp-content\/uploads\/2019\/07\/continental-breakfast-santorini-17-2.jpg 1000w, https:\/\/www.bluedolphins.gr\/wp-content\/uploads\/2019\/07\/continental-breakfast-santorini-17-2-300x200.jpg 300w, https:\/\/www.bluedolphins.gr\/wp-content\/uploads\/2019\/07\/continental-breakfast-santorini-17-2-768x512.jpg 768w\" sizes=\"(max-width: 1000px) 100vw, 1000px\" \/><\/figure>\n<\/li>\n<li class=\"blocks-gallery-item\">\n<figure><img decoding=\"async\" width=\"1000\" height=\"667\" class=\"wp-image-2962\" src=\"https:\/\/bluedolphins.gr\/wp-content\/uploads\/2019\/07\/continental-breakfast-santorini-18-2.jpg\" alt=\"kontinentales fr\u00fchst\u00fcck santorini 18\" data-id=\"2962\" srcset=\"https:\/\/www.bluedolphins.gr\/wp-content\/uploads\/2019\/07\/continental-breakfast-santorini-18-2.jpg 1000w, https:\/\/www.bluedolphins.gr\/wp-content\/uploads\/2019\/07\/continental-breakfast-santorini-18-2-300x200.jpg 300w, https:\/\/www.bluedolphins.gr\/wp-content\/uploads\/2019\/07\/continental-breakfast-santorini-18-2-768x512.jpg 768w\" sizes=\"(max-width: 1000px) 100vw, 1000px\" \/><\/figure>\n<\/li>\n<\/ul>\n<\/figure>\n<p><\/p>\n<figure class=\"wp-block-gallery columns-5 is-cropped\">\n<ul class=\"blocks-gallery-grid\">\n<li class=\"blocks-gallery-item\">\n<figure><img decoding=\"async\" width=\"1000\" height=\"667\" class=\"wp-image-2968\" src=\"https:\/\/bluedolphins.gr\/wp-content\/uploads\/2019\/07\/breakfast-santorini-bluedolphins08-2.jpg\" alt=\"fr\u00fchst\u00fcck santorini bluedolphins08\" data-id=\"2968\" srcset=\"https:\/\/www.bluedolphins.gr\/wp-content\/uploads\/2019\/07\/breakfast-santorini-bluedolphins08-2.jpg 1000w, https:\/\/www.bluedolphins.gr\/wp-content\/uploads\/2019\/07\/breakfast-santorini-bluedolphins08-2-300x200.jpg 300w, https:\/\/www.bluedolphins.gr\/wp-content\/uploads\/2019\/07\/breakfast-santorini-bluedolphins08-2-768x512.jpg 768w\" sizes=\"(max-width: 1000px) 100vw, 1000px\" \/><\/figure>\n<\/li>\n<li class=\"blocks-gallery-item\">\n<figure><img loading=\"lazy\" decoding=\"async\" width=\"1000\" height=\"667\" class=\"wp-image-2969\" src=\"https:\/\/bluedolphins.gr\/wp-content\/uploads\/2019\/07\/breakfast-santorini-bluedolphins12-2.jpg\" alt=\"fr\u00fchst\u00fcck santorini blaudelfine12\" data-id=\"2969\" srcset=\"https:\/\/www.bluedolphins.gr\/wp-content\/uploads\/2019\/07\/breakfast-santorini-bluedolphins12-2.jpg 1000w, https:\/\/www.bluedolphins.gr\/wp-content\/uploads\/2019\/07\/breakfast-santorini-bluedolphins12-2-300x200.jpg 300w, https:\/\/www.bluedolphins.gr\/wp-content\/uploads\/2019\/07\/breakfast-santorini-bluedolphins12-2-768x512.jpg 768w\" sizes=\"(max-width: 1000px) 100vw, 1000px\" \/><\/figure>\n<\/li>\n<li class=\"blocks-gallery-item\">\n<figure><img loading=\"lazy\" decoding=\"async\" width=\"1000\" height=\"667\" class=\"wp-image-2970\" src=\"https:\/\/bluedolphins.gr\/wp-content\/uploads\/2019\/07\/breakfast-santorini-bluedolphins07-2.jpg\" alt=\"fr\u00fchst\u00fcck santorini bluedolphins07\" data-id=\"2970\" srcset=\"https:\/\/www.bluedolphins.gr\/wp-content\/uploads\/2019\/07\/breakfast-santorini-bluedolphins07-2.jpg 1000w, https:\/\/www.bluedolphins.gr\/wp-content\/uploads\/2019\/07\/breakfast-santorini-bluedolphins07-2-300x200.jpg 300w, https:\/\/www.bluedolphins.gr\/wp-content\/uploads\/2019\/07\/breakfast-santorini-bluedolphins07-2-768x512.jpg 768w\" sizes=\"(max-width: 1000px) 100vw, 1000px\" \/><\/figure>\n<\/li>\n<li class=\"blocks-gallery-item\">\n<figure><img loading=\"lazy\" decoding=\"async\" width=\"1000\" height=\"667\" class=\"wp-image-2971\" src=\"https:\/\/bluedolphins.gr\/wp-content\/uploads\/2019\/07\/breakfast-santorini-bluedolphins11-2.jpg\" alt=\"fr\u00fchst\u00fcck santorini bluedolphins11\" data-id=\"2971\" srcset=\"https:\/\/www.bluedolphins.gr\/wp-content\/uploads\/2019\/07\/breakfast-santorini-bluedolphins11-2.jpg 1000w, https:\/\/www.bluedolphins.gr\/wp-content\/uploads\/2019\/07\/breakfast-santorini-bluedolphins11-2-300x200.jpg 300w, https:\/\/www.bluedolphins.gr\/wp-content\/uploads\/2019\/07\/breakfast-santorini-bluedolphins11-2-768x512.jpg 768w\" sizes=\"(max-width: 1000px) 100vw, 1000px\" \/><\/figure>\n<\/li>\n<li class=\"blocks-gallery-item\">\n<figure><img loading=\"lazy\" decoding=\"async\" width=\"1000\" height=\"667\" class=\"wp-image-2972\" src=\"https:\/\/bluedolphins.gr\/wp-content\/uploads\/2019\/07\/breakfast-santorini-bluedolphins06-2.jpg\" alt=\"fr\u00fchst\u00fcck santorini bluedolphins06\" data-id=\"2972\" srcset=\"https:\/\/www.bluedolphins.gr\/wp-content\/uploads\/2019\/07\/breakfast-santorini-bluedolphins06-2.jpg 1000w, https:\/\/www.bluedolphins.gr\/wp-content\/uploads\/2019\/07\/breakfast-santorini-bluedolphins06-2-300x200.jpg 300w, https:\/\/www.bluedolphins.gr\/wp-content\/uploads\/2019\/07\/breakfast-santorini-bluedolphins06-2-768x512.jpg 768w\" sizes=\"(max-width: 1000px) 100vw, 1000px\" \/><\/figure>\n<\/li>\n<li class=\"blocks-gallery-item\">\n<figure><img loading=\"lazy\" decoding=\"async\" width=\"1000\" height=\"667\" class=\"wp-image-2973\" src=\"https:\/\/bluedolphins.gr\/wp-content\/uploads\/2019\/07\/breakfast-santorini-bluedolphins10-2.jpg\" alt=\"fr\u00fchst\u00fcck santorini bluedolphins10\" data-id=\"2973\" srcset=\"https:\/\/www.bluedolphins.gr\/wp-content\/uploads\/2019\/07\/breakfast-santorini-bluedolphins10-2.jpg 1000w, https:\/\/www.bluedolphins.gr\/wp-content\/uploads\/2019\/07\/breakfast-santorini-bluedolphins10-2-300x200.jpg 300w, https:\/\/www.bluedolphins.gr\/wp-content\/uploads\/2019\/07\/breakfast-santorini-bluedolphins10-2-768x512.jpg 768w\" sizes=\"(max-width: 1000px) 100vw, 1000px\" \/><\/figure>\n<\/li>\n<li class=\"blocks-gallery-item\">\n<figure><img loading=\"lazy\" decoding=\"async\" width=\"1000\" height=\"667\" class=\"wp-image-2974\" src=\"https:\/\/bluedolphins.gr\/wp-content\/uploads\/2019\/07\/breakfast-santorini-bluedolphins14-2.jpg\" alt=\"fr\u00fchst\u00fcck santorini bluedolphins14\" data-id=\"2974\" srcset=\"https:\/\/www.bluedolphins.gr\/wp-content\/uploads\/2019\/07\/breakfast-santorini-bluedolphins14-2.jpg 1000w, https:\/\/www.bluedolphins.gr\/wp-content\/uploads\/2019\/07\/breakfast-santorini-bluedolphins14-2-300x200.jpg 300w, https:\/\/www.bluedolphins.gr\/wp-content\/uploads\/2019\/07\/breakfast-santorini-bluedolphins14-2-768x512.jpg 768w\" sizes=\"(max-width: 1000px) 100vw, 1000px\" \/><\/figure>\n<\/li>\n<li class=\"blocks-gallery-item\">\n<figure><img loading=\"lazy\" decoding=\"async\" width=\"1000\" height=\"667\" class=\"wp-image-2975\" src=\"https:\/\/bluedolphins.gr\/wp-content\/uploads\/2019\/07\/breakfast-santorini-bluedolphins05-2.jpg\" alt=\"fr\u00fchst\u00fcck santorini bluedolphins05\" data-id=\"2975\" srcset=\"https:\/\/www.bluedolphins.gr\/wp-content\/uploads\/2019\/07\/breakfast-santorini-bluedolphins05-2.jpg 1000w, https:\/\/www.bluedolphins.gr\/wp-content\/uploads\/2019\/07\/breakfast-santorini-bluedolphins05-2-300x200.jpg 300w, https:\/\/www.bluedolphins.gr\/wp-content\/uploads\/2019\/07\/breakfast-santorini-bluedolphins05-2-768x512.jpg 768w\" sizes=\"(max-width: 1000px) 100vw, 1000px\" \/><\/figure>\n<\/li>\n<li class=\"blocks-gallery-item\">\n<figure><img loading=\"lazy\" decoding=\"async\" width=\"1000\" height=\"667\" class=\"wp-image-2976\" src=\"https:\/\/bluedolphins.gr\/wp-content\/uploads\/2019\/07\/breakfast-santorini-bluedolphins09-2.jpg\" alt=\"fr\u00fchst\u00fcck santorini bluedolphins09\" data-id=\"2976\" srcset=\"https:\/\/www.bluedolphins.gr\/wp-content\/uploads\/2019\/07\/breakfast-santorini-bluedolphins09-2.jpg 1000w, https:\/\/www.bluedolphins.gr\/wp-content\/uploads\/2019\/07\/breakfast-santorini-bluedolphins09-2-300x200.jpg 300w, https:\/\/www.bluedolphins.gr\/wp-content\/uploads\/2019\/07\/breakfast-santorini-bluedolphins09-2-768x512.jpg 768w\" sizes=\"(max-width: 1000px) 100vw, 1000px\" \/><\/figure>\n<\/li>\n<li class=\"blocks-gallery-item\">\n<figure><img loading=\"lazy\" decoding=\"async\" width=\"1000\" height=\"667\" class=\"wp-image-2977\" src=\"https:\/\/bluedolphins.gr\/wp-content\/uploads\/2019\/07\/breakfast-santorini-bluedolphins13-2.jpg\" alt=\"fr\u00fchst\u00fcck santorini bluedolphins13\" data-id=\"2977\" srcset=\"https:\/\/www.bluedolphins.gr\/wp-content\/uploads\/2019\/07\/breakfast-santorini-bluedolphins13-2.jpg 1000w, https:\/\/www.bluedolphins.gr\/wp-content\/uploads\/2019\/07\/breakfast-santorini-bluedolphins13-2-300x200.jpg 300w, https:\/\/www.bluedolphins.gr\/wp-content\/uploads\/2019\/07\/breakfast-santorini-bluedolphins13-2-768x512.jpg 768w\" sizes=\"(max-width: 1000px) 100vw, 1000px\" \/><\/figure>\n<\/li>\n<li class=\"blocks-gallery-item\">\n<figure><img loading=\"lazy\" decoding=\"async\" width=\"1000\" height=\"667\" class=\"wp-image-2978\" src=\"https:\/\/bluedolphins.gr\/wp-content\/uploads\/2019\/07\/breakfast-santorini-bluedolphins04-2.jpg\" alt=\"fr\u00fchst\u00fcck santorini bluedolphins04\" data-id=\"2978\" srcset=\"https:\/\/www.bluedolphins.gr\/wp-content\/uploads\/2019\/07\/breakfast-santorini-bluedolphins04-2.jpg 1000w, https:\/\/www.bluedolphins.gr\/wp-content\/uploads\/2019\/07\/breakfast-santorini-bluedolphins04-2-300x200.jpg 300w, https:\/\/www.bluedolphins.gr\/wp-content\/uploads\/2019\/07\/breakfast-santorini-bluedolphins04-2-768x512.jpg 768w\" sizes=\"(max-width: 1000px) 100vw, 1000px\" \/><\/figure>\n<\/li>\n<li class=\"blocks-gallery-item\">\n<figure><img loading=\"lazy\" decoding=\"async\" width=\"1000\" height=\"667\" class=\"wp-image-2979\" src=\"https:\/\/bluedolphins.gr\/wp-content\/uploads\/2019\/07\/breakfast-santorini-bluedolphins01-2.jpg\" alt=\"fr\u00fchst\u00fcck santorini bluedolphins01\" data-id=\"2979\" srcset=\"https:\/\/www.bluedolphins.gr\/wp-content\/uploads\/2019\/07\/breakfast-santorini-bluedolphins01-2.jpg 1000w, https:\/\/www.bluedolphins.gr\/wp-content\/uploads\/2019\/07\/breakfast-santorini-bluedolphins01-2-300x200.jpg 300w, https:\/\/www.bluedolphins.gr\/wp-content\/uploads\/2019\/07\/breakfast-santorini-bluedolphins01-2-768x512.jpg 768w\" sizes=\"(max-width: 1000px) 100vw, 1000px\" \/><\/figure>\n<\/li>\n<li class=\"blocks-gallery-item\">\n<figure><img loading=\"lazy\" decoding=\"async\" width=\"1000\" height=\"667\" class=\"wp-image-2980\" src=\"https:\/\/bluedolphins.gr\/wp-content\/uploads\/2019\/07\/breakfast-santorini-bluedolphins02-2.jpg\" alt=\"fr\u00fchst\u00fcck santorini bluedolphins02\" data-id=\"2980\" srcset=\"https:\/\/www.bluedolphins.gr\/wp-content\/uploads\/2019\/07\/breakfast-santorini-bluedolphins02-2.jpg 1000w, https:\/\/www.bluedolphins.gr\/wp-content\/uploads\/2019\/07\/breakfast-santorini-bluedolphins02-2-300x200.jpg 300w, https:\/\/www.bluedolphins.gr\/wp-content\/uploads\/2019\/07\/breakfast-santorini-bluedolphins02-2-768x512.jpg 768w\" sizes=\"(max-width: 1000px) 100vw, 1000px\" \/><\/figure>\n<\/li>\n<li class=\"blocks-gallery-item\">\n<figure><img loading=\"lazy\" decoding=\"async\" width=\"1000\" height=\"667\" class=\"wp-image-2981\" src=\"https:\/\/bluedolphins.gr\/wp-content\/uploads\/2019\/07\/breakfast-santorini-bluedolphins03-2.jpg\" alt=\"fr\u00fchst\u00fcck santorini bluedolphins03\" data-id=\"2981\" srcset=\"https:\/\/www.bluedolphins.gr\/wp-content\/uploads\/2019\/07\/breakfast-santorini-bluedolphins03-2.jpg 1000w, https:\/\/www.bluedolphins.gr\/wp-content\/uploads\/2019\/07\/breakfast-santorini-bluedolphins03-2-300x200.jpg 300w, https:\/\/www.bluedolphins.gr\/wp-content\/uploads\/2019\/07\/breakfast-santorini-bluedolphins03-2-768x512.jpg 768w\" sizes=\"(max-width: 1000px) 100vw, 1000px\" \/><\/figure>\n<\/li>\n<\/ul>\n<\/figure>\n<p><\/p>\n<p><\/p>\n<figure class=\"wp-block-gallery columns-5 is-cropped\">\n<ul class=\"blocks-gallery-grid\">\n<li class=\"blocks-gallery-item\">\n<figure><img loading=\"lazy\" decoding=\"async\" width=\"1000\" height=\"668\" class=\"wp-image-2081\" src=\"https:\/\/bluedolphins.gr\/wp-content\/uploads\/2016\/05\/Santorini-accommodation-Best-Breakfast-7-2.jpg\" alt=\"Santorini Unterkunft | Bestes griechisches und internationales Fr\u00fchst\u00fcck\" data-id=\"2081\" srcset=\"https:\/\/www.bluedolphins.gr\/wp-content\/uploads\/2016\/05\/Santorini-accommodation-Best-Breakfast-7-2.jpg 1000w, https:\/\/www.bluedolphins.gr\/wp-content\/uploads\/2016\/05\/Santorini-accommodation-Best-Breakfast-7-2-300x200.jpg 300w, https:\/\/www.bluedolphins.gr\/wp-content\/uploads\/2016\/05\/Santorini-accommodation-Best-Breakfast-7-2-768x513.jpg 768w\" sizes=\"(max-width: 1000px) 100vw, 1000px\" \/><\/figure>\n<\/li>\n<li class=\"blocks-gallery-item\">\n<figure><img loading=\"lazy\" decoding=\"async\" width=\"1000\" height=\"668\" class=\"wp-image-2080\" src=\"https:\/\/bluedolphins.gr\/wp-content\/uploads\/2016\/05\/Santorini-accommodation-Best-Breakfast-6-2.jpg\" alt=\"Santorini Apartments &amp; Suiten | Bestes griechisches und internationales Fr\u00fchst\u00fcck\" data-id=\"2080\" srcset=\"https:\/\/www.bluedolphins.gr\/wp-content\/uploads\/2016\/05\/Santorini-accommodation-Best-Breakfast-6-2.jpg 1000w, https:\/\/www.bluedolphins.gr\/wp-content\/uploads\/2016\/05\/Santorini-accommodation-Best-Breakfast-6-2-300x200.jpg 300w, https:\/\/www.bluedolphins.gr\/wp-content\/uploads\/2016\/05\/Santorini-accommodation-Best-Breakfast-6-2-768x513.jpg 768w\" sizes=\"(max-width: 1000px) 100vw, 1000px\" \/><\/figure>\n<\/li>\n<li class=\"blocks-gallery-item\">\n<figure><img loading=\"lazy\" decoding=\"async\" width=\"1000\" height=\"668\" class=\"wp-image-2079\" src=\"https:\/\/bluedolphins.gr\/wp-content\/uploads\/2016\/05\/Santorini-accommodation-Best-Breakfast-5-2.jpg\" alt=\"Santorini Apartments &amp; Suiten | Bestes griechisches und internationales Fr\u00fchst\u00fcck\" data-id=\"2079\" srcset=\"https:\/\/www.bluedolphins.gr\/wp-content\/uploads\/2016\/05\/Santorini-accommodation-Best-Breakfast-5-2.jpg 1000w, https:\/\/www.bluedolphins.gr\/wp-content\/uploads\/2016\/05\/Santorini-accommodation-Best-Breakfast-5-2-300x200.jpg 300w, https:\/\/www.bluedolphins.gr\/wp-content\/uploads\/2016\/05\/Santorini-accommodation-Best-Breakfast-5-2-768x513.jpg 768w\" sizes=\"(max-width: 1000px) 100vw, 1000px\" \/><\/figure>\n<\/li>\n<li class=\"blocks-gallery-item\">\n<figure><img loading=\"lazy\" decoding=\"async\" width=\"1000\" height=\"668\" class=\"wp-image-2078\" src=\"https:\/\/bluedolphins.gr\/wp-content\/uploads\/2016\/05\/Santorini-accommodation-Best-Breakfast-4-2.jpg\" alt=\"Santorini Apartments &amp; Suiten | Bestes griechisches und internationales Fr\u00fchst\u00fcck\" data-id=\"2078\" srcset=\"https:\/\/www.bluedolphins.gr\/wp-content\/uploads\/2016\/05\/Santorini-accommodation-Best-Breakfast-4-2.jpg 1000w, https:\/\/www.bluedolphins.gr\/wp-content\/uploads\/2016\/05\/Santorini-accommodation-Best-Breakfast-4-2-300x200.jpg 300w, https:\/\/www.bluedolphins.gr\/wp-content\/uploads\/2016\/05\/Santorini-accommodation-Best-Breakfast-4-2-768x513.jpg 768w\" sizes=\"(max-width: 1000px) 100vw, 1000px\" \/><\/figure>\n<\/li>\n<\/ul>\n<\/figure>\n<p><\/p>\n<\/div>\n<\/div>\n<p><\/p>\t\t\t\t\t\t\t\t<\/div>\n\t\t\t\t<\/div>\n\t\t\t\t\t<\/div>\n\t\t<\/div>\n\t\t\t\t\t<\/div>\n\t\t<\/section>\n\t\t\t\t<\/div>\n\t\t","protected":false},"excerpt":{"rendered":"<p>Typisch traditionell griechisch oder international? Starten Sie in den Tag mit einem k\u00f6stlichen Fr\u00fchst\u00fcck und einem herausragenden Blick auf das dunkelblaue Meer und die Caldera. Blue Dolphins bietet ein typisch griechisches Fr\u00fchst\u00fcck mit einer gro\u00dfz\u00fcgigen Auswahl an M\u00fcsli, frischem Obst, griechischem Joghurt, griechischem Honig aus der Stadt Olympia, frisch gebackenen Kuchen, Keksen &amp; Marmeladen, gebratenen, [&hellip;]<\/p>\n","protected":false},"author":5,"featured_media":9259,"parent":0,"menu_order":0,"comment_status":"open","ping_status":"closed","template":"elementor_header_footer","meta":{"ocean_post_layout":"full-width","ocean_both_sidebars_style":"","ocean_both_sidebars_content_width":0,"ocean_both_sidebars_sidebars_width":0,"ocean_sidebar":"0","ocean_second_sidebar":"0","ocean_disable_margins":"enable","ocean_add_body_class":"","ocean_shortcode_before_top_bar":"","ocean_shortcode_after_top_bar":"","ocean_shortcode_before_header":"","ocean_shortcode_after_header":"","ocean_has_shortcode":"","ocean_shortcode_after_title":"","ocean_shortcode_before_footer_widgets":"","ocean_shortcode_after_footer_widgets":"","ocean_shortcode_before_footer_bottom":"","ocean_shortcode_after_footer_bottom":"","ocean_display_top_bar":"aus","ocean_display_header":"default","ocean_header_style":"","ocean_center_header_left_menu":"0","ocean_custom_header_template":"0","ocean_custom_logo":0,"ocean_custom_retina_logo":0,"ocean_custom_logo_max_width":0,"ocean_custom_logo_tablet_max_width":0,"ocean_custom_logo_mobile_max_width":0,"ocean_custom_logo_max_height":0,"ocean_custom_logo_tablet_max_height":0,"ocean_custom_logo_mobile_max_height":0,"ocean_header_custom_menu":"0","ocean_menu_typo_font_family":"0","ocean_menu_typo_font_subset":"","ocean_menu_typo_font_size":0,"ocean_menu_typo_font_size_tablet":0,"ocean_menu_typo_font_size_mobile":0,"ocean_menu_typo_font_size_unit":"px","ocean_menu_typo_font_weight":"","ocean_menu_typo_font_weight_tablet":"","ocean_menu_typo_font_weight_mobile":"","ocean_menu_typo_transform":"","ocean_menu_typo_transform_tablet":"","ocean_menu_typo_transform_mobile":"","ocean_menu_typo_line_height":0,"ocean_menu_typo_line_height_tablet":0,"ocean_menu_typo_line_height_mobile":0,"ocean_menu_typo_line_height_unit":"","ocean_menu_typo_spacing":0,"ocean_menu_typo_spacing_tablet":0,"ocean_menu_typo_spacing_mobile":0,"ocean_menu_typo_spacing_unit":"","ocean_menu_link_color":"","ocean_menu_link_color_hover":"","ocean_menu_link_color_active":"","ocean_menu_link_background":"","ocean_menu_link_hover_background":"","ocean_menu_link_active_background":"","ocean_menu_social_links_bg":"","ocean_menu_social_hover_links_bg":"","ocean_menu_social_links_color":"","ocean_menu_social_hover_links_color":"","ocean_disable_title":"on","ocean_disable_heading":"default","ocean_post_title":"","ocean_post_subheading":"","ocean_post_title_style":"","ocean_post_title_background_color":"","ocean_post_title_background":0,"ocean_post_title_bg_image_position":"","ocean_post_title_bg_image_attachment":"","ocean_post_title_bg_image_repeat":"","ocean_post_title_bg_image_size":"","ocean_post_title_height":0,"ocean_post_title_bg_overlay":0.5,"ocean_post_title_bg_overlay_color":"","ocean_disable_breadcrumbs":"default","ocean_breadcrumbs_color":"","ocean_breadcrumbs_separator_color":"","ocean_breadcrumbs_links_color":"","ocean_breadcrumbs_links_hover_color":"","ocean_display_footer_widgets":"default","ocean_display_footer_bottom":"default","ocean_custom_footer_template":"0","osh_disable_topbar_sticky":"default","osh_disable_header_sticky":"default","osh_sticky_header_style":"default","osh_sticky_header_effect":"","osh_custom_sticky_logo":0,"osh_custom_retina_sticky_logo":0,"osh_custom_sticky_logo_height":0,"osh_background_color":"","osh_links_color":"","osh_links_hover_color":"","osh_links_active_color":"","osh_links_bg_color":"","osh_links_hover_bg_color":"","osh_links_active_bg_color":"","osh_menu_social_links_color":"","osh_menu_social_hover_links_color":"","footnotes":""},"class_list":["post-11851","page","type-page","status-publish","has-post-thumbnail","hentry","entry","has-media"],"_links":{"self":[{"href":"https:\/\/www.bluedolphins.gr\/de\/wp-json\/wp\/v2\/pages\/11851","targetHints":{"allow":["GET"]}}],"collection":[{"href":"https:\/\/www.bluedolphins.gr\/de\/wp-json\/wp\/v2\/pages"}],"about":[{"href":"https:\/\/www.bluedolphins.gr\/de\/wp-json\/wp\/v2\/types\/page"}],"author":[{"embeddable":true,"href":"https:\/\/www.bluedolphins.gr\/de\/wp-json\/wp\/v2\/users\/5"}],"replies":[{"embeddable":true,"href":"https:\/\/www.bluedolphins.gr\/de\/wp-json\/wp\/v2\/comments?post=11851"}],"version-history":[{"count":0,"href":"https:\/\/www.bluedolphins.gr\/de\/wp-json\/wp\/v2\/pages\/11851\/revisions"}],"wp:featuredmedia":[{"embeddable":true,"href":"https:\/\/www.bluedolphins.gr\/de\/wp-json\/wp\/v2\/media\/9259"}],"wp:attachment":[{"href":"https:\/\/www.bluedolphins.gr\/de\/wp-json\/wp\/v2\/media?parent=11851"}],"curies":[{"name":"wp","href":"https:\/\/api.w.org\/{rel}","templated":true}]}}