{"id":11849,"date":"2015-12-18T05:10:23","date_gmt":"2015-12-18T03:10:23","guid":{"rendered":"https:\/\/www.bluedolphins.gr\/bluedolphins-apartments-suiten-santorin\/"},"modified":"2026-02-17T01:26:01","modified_gmt":"2026-02-16T23:26:01","slug":"bluedolphins-apartments-suiten-santorin","status":"publish","type":"page","link":"https:\/\/www.bluedolphins.gr\/de\/bluedolphins-apartments-suiten-santorin\/","title":{"rendered":"BlueDolphins Apartments &amp; Suiten | Santorin"},"content":{"rendered":"<h4 data-toolset-blocks-heading=\"1\" data-last-update=\"1.4\"><em>Ein Hotel, das Ihnen den Atem rauben wird: bezaubernde Ausblicke auf die wundersch\u00f6ne Naturlandschaft von Santorini und seine farbenfrohen D\u00f6rfer. Entspannende Momente in Outdoor-Whirlpools und komfortablen Zimmern mit allem, was Sie sich w\u00fcnschen!<\/em><\/h4>\n<p>Warum im <strong>Blue<\/strong> <strong>Dolphins<\/strong> wohnen?<\/p>\n<p>F\u00fchlen Sie sich wie zu Hause und werden Sie Teil unserer Familie! Ist das nicht die wahre Bedeutung herzlicher und echter Gastfreundschaft?<\/p>\n<p>Unser Boutique-Komplex, bestehend aus Standard-Doppelzimmern, H\u00f6hlenh\u00e4usern und Suiten, befindet sich mitten auf dieser wirklich magischen und mystischen Insel in Firostefani mit Blick auf den ber\u00fchmten Vulkan und die \u00c4g\u00e4is. Wenn Sie entweder zu zweit oder als Gruppe von Familie\/Freunden reisen, k\u00f6nnen Sie eine Pause vom Alltag einlegen und einen <strong>Urlaub in Griechenland<\/strong> genie\u00dfen, den Sie nie vergessen werden. Da wir glauben, dass Familie ein Segen ist, sind Kinder jeden Alters willkommen! <\/p>\n<h3>Warum im Blue Dolphins bleiben: Ein einzigartiges Erlebnis erwartet Sie<\/h3>\n<p>Alle Zimmer sind im traditionellen Stil von Santorin mit Blick auf die Caldera und die \u00c4g\u00e4is gestaltet, ausgestattet mit allen notwendigen Annehmlichkeiten und die meisten davon k\u00fcrzlich renoviert, bieten unseren G\u00e4sten Tradition mit zeitgem\u00e4\u00dfer Gastfreundschaft!<\/p>\n<p>Das Blue Dolphins Hotel bietet ein typisch <strong>griechisches Fr\u00fchst\u00fcck<\/strong> mit frischen und regionalen Zutaten f\u00fcr einen guten Start in den Tag. Das <strong>Fr\u00fchst\u00fcck<\/strong> wird privat auf Ihrem Balkon serviert und bietet einen <a href=\"http:\/\/www.bluedolphins.gr\/photo-from-santorini\/\"><strong>atemberaubenden Blick auf die Caldera<\/strong><\/a> , den Vulkan von <a href=\"http:\/\/www.bluedolphins.gr\/the-island-of-santorini\/\"><strong>Santorini<\/strong><\/a> , die <strong>\u00c4g\u00e4is<\/strong> und das Dorf <strong>Firostefani<\/strong> .<\/p>\n<p>Unser fachkundiges Personal vor Ort begr\u00fc\u00dft alle unsere G\u00e4ste mit einem herzlichen L\u00e4cheln und setzt alles daran, den angenehmsten und komfortabelsten Aufenthalt auf Santorini zu gew\u00e4hrleisten. Unser einziger Zweck und Genuss kommt aus dem Wissen, dass jeder Reisende, der im Blue Dolphins Hotel \u00fcbernachtet, alles findet, was er ben\u00f6tigt, und noch mehr. Zu diesem Zweck haben wir eine Vielzahl von personalisierten Dienstleistungen geschaffen, die alle Bed\u00fcrfnisse und W\u00fcnsche von Reisenden abdecken, und wir sind st\u00e4ndig bestrebt, das Unterbringungserlebnis im Blue Dolphins Hotel auf die h\u00f6chsten Standards zu bringen.<\/p>\n<p>Das Blue Dolphins Hotel liegt im charmanten Dorf Firostefani und bietet unseren G\u00e4sten die Bequemlichkeit, die Hauptstadt von Fira mit allen Gesch\u00e4ften, Restaurants, Museen und dem Nachtleben nur in 10 Minuten zu Fu\u00df zu erreichen, und gleichzeitig die Ruhe abseits der Hektik und Hektik des Zentrums.<\/p>\n<p>Geben Sie sich dem Luxus personalisierter Services und Einrichtungen hin und g\u00f6nnen Sie sich alle Privilegien eines wirklich unglaublichen Reiseerlebnisses!<\/p>\n<p>\t\t\t<iframe loading=\"lazy\"\n\t\t\t\t\tsrc=\"https:\/\/maps.google.com\/maps?q=36.4276873914109%2C%2025.427674418979652&#038;t=m&#038;z=16&#038;output=embed&#038;iwloc=near\"\n\t\t\t\t\ttitle=\"36.4276873914109, 25.427674418979652\"\n\t\t\t\t\taria-label=\"36.4276873914109, 25.427674418979652\"\n\t\t\t><\/iframe><\/p>\n<h2>Blaue Delfine Entfernung von:<\/h2>\n<p><strong>Oia<\/strong> : 9 km<\/p>\n<p><strong>Fira<\/strong> (Hauptstadt): 2 km (10 Fu\u00df)<\/p>\n<p><strong>Hafen<\/strong> : 15 km<\/p>\n<p><strong>Flughafen<\/strong> : 10 km<\/p>\n<p><strong>Bushaltestelle<\/strong> : 200m<\/p>\n<p><strong>N\u00e4chster Strand<\/strong> : 3 km<\/p>\n<p><a href=\"http:\/\/www.bluedolphins.gr\/beach-of-santorini\/\"><strong>Perivolos-Strand<\/strong><\/a> , <a href=\"http:\/\/www.bluedolphins.gr\/beach-of-santorini\/\"><strong>Perissa-Strand<\/strong><\/a> und <a href=\"http:\/\/www.bluedolphins.gr\/beach-of-santorini\/\"><strong>Roter Strand<\/strong><\/a> : 15 km<\/p>\n","protected":false},"excerpt":{"rendered":"<p>Ein Hotel, das Ihnen den Atem rauben wird: bezaubernde Ausblicke auf die wundersch\u00f6ne Naturlandschaft von Santorini und seine farbenfrohen D\u00f6rfer. Entspannende Momente in Outdoor-Whirlpools und komfortablen Zimmern mit allem, was Sie sich w\u00fcnschen! Warum im Blue Dolphins wohnen? F\u00fchlen Sie sich wie zu Hause und werden Sie Teil unserer Familie! Ist das nicht die wahre [&hellip;]<\/p>\n","protected":false},"author":5,"featured_media":9299,"parent":0,"menu_order":0,"comment_status":"closed","ping_status":"closed","template":"","meta":{"ocean_post_layout":"","ocean_both_sidebars_style":"","ocean_both_sidebars_content_width":0,"ocean_both_sidebars_sidebars_width":0,"ocean_sidebar":"0","ocean_second_sidebar":"0","ocean_disable_margins":"enable","ocean_add_body_class":"","ocean_shortcode_before_top_bar":"","ocean_shortcode_after_top_bar":"","ocean_shortcode_before_header":"","ocean_shortcode_after_header":"","ocean_has_shortcode":"","ocean_shortcode_after_title":"","ocean_shortcode_before_footer_widgets":"","ocean_shortcode_after_footer_widgets":"","ocean_shortcode_before_footer_bottom":"","ocean_shortcode_after_footer_bottom":"","ocean_display_top_bar":"default","ocean_display_header":"default","ocean_header_style":"","ocean_center_header_left_menu":"0","ocean_custom_header_template":"0","ocean_custom_logo":0,"ocean_custom_retina_logo":0,"ocean_custom_logo_max_width":0,"ocean_custom_logo_tablet_max_width":0,"ocean_custom_logo_mobile_max_width":0,"ocean_custom_logo_max_height":0,"ocean_custom_logo_tablet_max_height":0,"ocean_custom_logo_mobile_max_height":0,"ocean_header_custom_menu":"0","ocean_menu_typo_font_family":"0","ocean_menu_typo_font_subset":"","ocean_menu_typo_font_size":0,"ocean_menu_typo_font_size_tablet":0,"ocean_menu_typo_font_size_mobile":0,"ocean_menu_typo_font_size_unit":"px","ocean_menu_typo_font_weight":"","ocean_menu_typo_font_weight_tablet":"","ocean_menu_typo_font_weight_mobile":"","ocean_menu_typo_transform":"","ocean_menu_typo_transform_tablet":"","ocean_menu_typo_transform_mobile":"","ocean_menu_typo_line_height":0,"ocean_menu_typo_line_height_tablet":0,"ocean_menu_typo_line_height_mobile":0,"ocean_menu_typo_line_height_unit":"","ocean_menu_typo_spacing":0,"ocean_menu_typo_spacing_tablet":0,"ocean_menu_typo_spacing_mobile":0,"ocean_menu_typo_spacing_unit":"","ocean_menu_link_color":"","ocean_menu_link_color_hover":"","ocean_menu_link_color_active":"","ocean_menu_link_background":"","ocean_menu_link_hover_background":"","ocean_menu_link_active_background":"","ocean_menu_social_links_bg":"","ocean_menu_social_hover_links_bg":"","ocean_menu_social_links_color":"","ocean_menu_social_hover_links_color":"","ocean_disable_title":"on","ocean_disable_heading":"default","ocean_post_title":"","ocean_post_subheading":"","ocean_post_title_style":"","ocean_post_title_background_color":"","ocean_post_title_background":0,"ocean_post_title_bg_image_position":"","ocean_post_title_bg_image_attachment":"","ocean_post_title_bg_image_repeat":"","ocean_post_title_bg_image_size":"","ocean_post_title_height":0,"ocean_post_title_bg_overlay":0.5,"ocean_post_title_bg_overlay_color":"","ocean_disable_breadcrumbs":"off","ocean_breadcrumbs_color":"","ocean_breadcrumbs_separator_color":"","ocean_breadcrumbs_links_color":"","ocean_breadcrumbs_links_hover_color":"","ocean_display_footer_widgets":"default","ocean_display_footer_bottom":"default","ocean_custom_footer_template":"0","osh_disable_topbar_sticky":"default","osh_disable_header_sticky":"default","osh_sticky_header_style":"default","osh_sticky_header_effect":"","osh_custom_sticky_logo":0,"osh_custom_retina_sticky_logo":0,"osh_custom_sticky_logo_height":0,"osh_background_color":"","osh_links_color":"","osh_links_hover_color":"","osh_links_active_color":"","osh_links_bg_color":"","osh_links_hover_bg_color":"","osh_links_active_bg_color":"","osh_menu_social_links_color":"","osh_menu_social_hover_links_color":"","footnotes":""},"class_list":["post-11849","page","type-page","status-publish","has-post-thumbnail","hentry","entry","has-media"],"_links":{"self":[{"href":"https:\/\/www.bluedolphins.gr\/de\/wp-json\/wp\/v2\/pages\/11849","targetHints":{"allow":["GET"]}}],"collection":[{"href":"https:\/\/www.bluedolphins.gr\/de\/wp-json\/wp\/v2\/pages"}],"about":[{"href":"https:\/\/www.bluedolphins.gr\/de\/wp-json\/wp\/v2\/types\/page"}],"author":[{"embeddable":true,"href":"https:\/\/www.bluedolphins.gr\/de\/wp-json\/wp\/v2\/users\/5"}],"replies":[{"embeddable":true,"href":"https:\/\/www.bluedolphins.gr\/de\/wp-json\/wp\/v2\/comments?post=11849"}],"version-history":[{"count":0,"href":"https:\/\/www.bluedolphins.gr\/de\/wp-json\/wp\/v2\/pages\/11849\/revisions"}],"wp:featuredmedia":[{"embeddable":true,"href":"https:\/\/www.bluedolphins.gr\/de\/wp-json\/wp\/v2\/media\/9299"}],"wp:attachment":[{"href":"https:\/\/www.bluedolphins.gr\/de\/wp-json\/wp\/v2\/media?parent=11849"}],"curies":[{"name":"wp","href":"https:\/\/api.w.org\/{rel}","templated":true}]}}