{"id":11847,"date":"2021-01-21T15:47:25","date_gmt":"2021-01-21T13:47:25","guid":{"rendered":"https:\/\/www.bluedolphins.gr\/unsere-anderen-hotels-auf-santorin\/"},"modified":"2026-02-17T02:28:45","modified_gmt":"2026-02-17T00:28:45","slug":"unsere-anderen-hotels-auf-santorin","status":"publish","type":"page","link":"https:\/\/www.bluedolphins.gr\/de\/unsere-anderen-hotels-auf-santorin\/","title":{"rendered":"Unsere anderen Hotels auf Santorin"},"content":{"rendered":"\n<div class=\"wp-block-toolset-blocks-container tb-container\" data-toolset-blocks-container=\"7072042c9d95e1c003f8b7a3ebf65333\"><div class=\"tb-container-inner\"><\/div><\/div>\n\n<p><strong>Blue Dolphins<\/strong> besitzt das Grand View Hotel &amp; Pool in der Caldera und die Casa Grande Vacation Houses im traditionellen Dorf Megalochori.<\/p>\n\n<h2 class=\"wp-block-heading\" style=\"font-size:40px\">Grand View Hotel &amp; Pool<\/h2>\n\n<div class=\"tb-gallery\" data-toolset-blocks-gallery=\"b146c68a2dbb80f06af9a0fccc110e0d\"><ul class=\"tb-gallery tb-gallery--grid\"><li class=\"tb-gallery__cell\"><div class=\"tb-brick__content\"><figure><a href=\"https:\/\/bluedolphins.gr\/wp-content\/uploads\/2021\/01\/grand-view-hotel-santorini-3.jpg\" data-lightbox=\"a53af362-08fe-4cf4-aad0-db25672626c0\" target=\"_blank\" rel=\"noopener\"><img fetchpriority=\"high\" decoding=\"async\" width=\"600\" height=\"420\" src=\"https:\/\/bluedolphins.gr\/wp-content\/uploads\/2021\/01\/grand-view-hotel-santorini-3.jpg\" alt=\"Grand View Hotel Santorini 3\" data-id=\"5316\" data-full-url=\"https:\/\/bluedolphins.gr\/wp-content\/uploads\/2021\/01\/grand-view-hotel-santorini-3.jpg\" data-link=\"https:\/\/bluedolphins.gr\/our-other-hotels-in-santorini\/grand-view-hotel-santorini-3\/\" class=\"wp-image-5316\" srcset=\"https:\/\/www.bluedolphins.gr\/wp-content\/uploads\/2021\/01\/grand-view-hotel-santorini-3.jpg 600w, https:\/\/www.bluedolphins.gr\/wp-content\/uploads\/2021\/01\/grand-view-hotel-santorini-3-300x210.jpg 300w\" sizes=\"(max-width: 600px) 100vw, 600px\" \/><\/a><\/figure><\/div><\/li><li class=\"tb-gallery__cell\"><div class=\"tb-brick__content\"><figure><a href=\"https:\/\/bluedolphins.gr\/wp-content\/uploads\/2021\/01\/grand-view-hotel-santorini.jpg\" data-lightbox=\"a53af362-08fe-4cf4-aad0-db25672626c0\" target=\"_blank\" rel=\"noopener\"><img decoding=\"async\" width=\"600\" height=\"420\" src=\"https:\/\/bluedolphins.gr\/wp-content\/uploads\/2021\/01\/grand-view-hotel-santorini.jpg\" alt=\"grand view hotel santorini\" data-id=\"5314\" data-full-url=\"https:\/\/bluedolphins.gr\/wp-content\/uploads\/2021\/01\/grand-view-hotel-santorini.jpg\" data-link=\"https:\/\/bluedolphins.gr\/our-other-hotels-in-santorini\/grand-view-hotel-santorini\/\" class=\"wp-image-5314\" srcset=\"https:\/\/www.bluedolphins.gr\/wp-content\/uploads\/2021\/01\/grand-view-hotel-santorini.jpg 600w, https:\/\/www.bluedolphins.gr\/wp-content\/uploads\/2021\/01\/grand-view-hotel-santorini-300x210.jpg 300w\" sizes=\"(max-width: 600px) 100vw, 600px\" \/><\/a><\/figure><\/div><\/li><\/ul><\/div>\n\n<p>Alle Hotels genie\u00dfen Top-Kommentare auf den Beratungsseiten von Tripadvisor und Buchungen. Vergessen Sie nicht, die Sonderangebote f\u00fcr Online-Buchungen zu pr\u00fcfen.<\/p>\n\n<p><strong>Grand View<\/strong> liegt an einem magischen Ort in Megalochori. Genie\u00dfen Sie die Caldera und den Sonnenuntergang von Ihrem privaten Balkon aus. <\/p>\n\n<p>Kommen Sie und erleben Sie die privaten Poolvillen und Jacuzzi-Suiten und die ganzt\u00e4gig ge\u00f6ffnete Poolbar vor dem Vulkan.<\/p>\n\n<p>Besuchen Sie die Website: <a href=\"http:\/\/www.grandview.gr\/\" target=\"_blank\" rel=\"noreferrer noopener\">www.grandview.gr<\/a><\/p>\n\n<p><\/p>\n\n<h2 class=\"wp-block-heading\" style=\"font-size:40px\">Casa Grande Ferienh\u00e4user<\/h2>\n\n<div class=\"tb-gallery\" data-toolset-blocks-gallery=\"9962632ffec33d86de2e1f3be6730038\"><ul class=\"tb-gallery tb-gallery--grid\"><li class=\"tb-gallery__cell\"><div class=\"tb-brick__content\"><figure><a href=\"https:\/\/bluedolphins.gr\/wp-content\/uploads\/2021\/01\/casasantorini-1.jpg\" data-lightbox=\"e360d3e9-c4d1-422e-83c4-89d9eba53fdb\" target=\"_blank\" rel=\"noopener\"><img decoding=\"async\" width=\"600\" height=\"900\" src=\"https:\/\/bluedolphins.gr\/wp-content\/uploads\/2021\/01\/casasantorini-1.jpg\" alt=\"Casasantorini 1\" data-id=\"5318\" data-full-url=\"https:\/\/bluedolphins.gr\/wp-content\/uploads\/2021\/01\/casasantorini-1.jpg\" data-link=\"https:\/\/bluedolphins.gr\/our-other-hotels-in-santorini\/casasantorini-1\/\" class=\"wp-image-5318\" srcset=\"https:\/\/www.bluedolphins.gr\/wp-content\/uploads\/2021\/01\/casasantorini-1.jpg 600w, https:\/\/www.bluedolphins.gr\/wp-content\/uploads\/2021\/01\/casasantorini-1-200x300.jpg 200w\" sizes=\"(max-width: 600px) 100vw, 600px\" \/><\/a><\/figure><\/div><\/li><li class=\"tb-gallery__cell\"><div class=\"tb-brick__content\"><figure><a href=\"https:\/\/bluedolphins.gr\/wp-content\/uploads\/2021\/01\/casasantorini-2.jpg\" data-lightbox=\"e360d3e9-c4d1-422e-83c4-89d9eba53fdb\" target=\"_blank\" rel=\"noopener\"><img loading=\"lazy\" decoding=\"async\" width=\"800\" height=\"442\" src=\"https:\/\/bluedolphins.gr\/wp-content\/uploads\/2021\/01\/casasantorini-2.jpg\" alt=\"Casasantorini 2\" data-id=\"5319\" data-full-url=\"https:\/\/bluedolphins.gr\/wp-content\/uploads\/2021\/01\/casasantorini-2.jpg\" data-link=\"https:\/\/bluedolphins.gr\/our-other-hotels-in-santorini\/casasantorini-2\/\" class=\"wp-image-5319\" srcset=\"https:\/\/www.bluedolphins.gr\/wp-content\/uploads\/2021\/01\/casasantorini-2.jpg 800w, https:\/\/www.bluedolphins.gr\/wp-content\/uploads\/2021\/01\/casasantorini-2-300x166.jpg 300w, https:\/\/www.bluedolphins.gr\/wp-content\/uploads\/2021\/01\/casasantorini-2-768x424.jpg 768w\" sizes=\"(max-width: 800px) 100vw, 800px\" \/><\/a><\/figure><\/div><\/li><\/ul><\/div>\n\n<p><strong>Casa Grande<\/strong> ist ein H\u00e4userkomplex in der traditionellen Siedlung Megalochori. <\/p>\n\n<p>Es verf\u00fcgt \u00fcber 5 Einheiten, die bis zu 20 Personen als Gruppe oder einzeln beherbergen k\u00f6nnen und gleichzeitig Privatsph\u00e4re genie\u00dfen.<\/p>\n\n<p>Es gibt Weing\u00fcter, Restaurants, Champagnerbars, Gesch\u00e4fte und Minim\u00e4rkte in 5 Minuten zu Fu\u00df.<\/p>\n\n<p>Es ist ganzj\u00e4hrig ge\u00f6ffnet.<\/p>\n\n<p>Besuchen Sie die Website: <a href=\"http:\/\/www.casasantorini.gr\/\" target=\"_blank\" rel=\"noreferrer noopener\">www.casasantorini.gr<\/a><\/p>\n","protected":false},"excerpt":{"rendered":"<p>Blue Dolphins besitzt das Grand View Hotel &amp; Pool in der Caldera und die Casa Grande Vacation Houses im traditionellen Dorf Megalochori. Grand View Hotel &amp; Pool Alle Hotels genie\u00dfen Top-Kommentare auf den Beratungsseiten von Tripadvisor und Buchungen. Vergessen Sie nicht, die Sonderangebote f\u00fcr Online-Buchungen zu pr\u00fcfen. Grand View liegt an einem magischen Ort in [&hellip;]<\/p>\n","protected":false},"author":5,"featured_media":0,"parent":0,"menu_order":0,"comment_status":"closed","ping_status":"closed","template":"","meta":{"ocean_post_layout":"","ocean_both_sidebars_style":"","ocean_both_sidebars_content_width":0,"ocean_both_sidebars_sidebars_width":0,"ocean_sidebar":"0","ocean_second_sidebar":"0","ocean_disable_margins":"enable","ocean_add_body_class":"","ocean_shortcode_before_top_bar":"","ocean_shortcode_after_top_bar":"","ocean_shortcode_before_header":"","ocean_shortcode_after_header":"","ocean_has_shortcode":"","ocean_shortcode_after_title":"","ocean_shortcode_before_footer_widgets":"","ocean_shortcode_after_footer_widgets":"","ocean_shortcode_before_footer_bottom":"","ocean_shortcode_after_footer_bottom":"","ocean_display_top_bar":"default","ocean_display_header":"default","ocean_header_style":"","ocean_center_header_left_menu":"0","ocean_custom_header_template":"0","ocean_custom_logo":0,"ocean_custom_retina_logo":0,"ocean_custom_logo_max_width":0,"ocean_custom_logo_tablet_max_width":0,"ocean_custom_logo_mobile_max_width":0,"ocean_custom_logo_max_height":0,"ocean_custom_logo_tablet_max_height":0,"ocean_custom_logo_mobile_max_height":0,"ocean_header_custom_menu":"0","ocean_menu_typo_font_family":"0","ocean_menu_typo_font_subset":"","ocean_menu_typo_font_size":0,"ocean_menu_typo_font_size_tablet":0,"ocean_menu_typo_font_size_mobile":0,"ocean_menu_typo_font_size_unit":"px","ocean_menu_typo_font_weight":"","ocean_menu_typo_font_weight_tablet":"","ocean_menu_typo_font_weight_mobile":"","ocean_menu_typo_transform":"","ocean_menu_typo_transform_tablet":"","ocean_menu_typo_transform_mobile":"","ocean_menu_typo_line_height":0,"ocean_menu_typo_line_height_tablet":0,"ocean_menu_typo_line_height_mobile":0,"ocean_menu_typo_line_height_unit":"","ocean_menu_typo_spacing":0,"ocean_menu_typo_spacing_tablet":0,"ocean_menu_typo_spacing_mobile":0,"ocean_menu_typo_spacing_unit":"","ocean_menu_link_color":"","ocean_menu_link_color_hover":"","ocean_menu_link_color_active":"","ocean_menu_link_background":"","ocean_menu_link_hover_background":"","ocean_menu_link_active_background":"","ocean_menu_social_links_bg":"","ocean_menu_social_hover_links_bg":"","ocean_menu_social_links_color":"","ocean_menu_social_hover_links_color":"","ocean_disable_title":"default","ocean_disable_heading":"default","ocean_post_title":"","ocean_post_subheading":"","ocean_post_title_style":"","ocean_post_title_background_color":"","ocean_post_title_background":0,"ocean_post_title_bg_image_position":"","ocean_post_title_bg_image_attachment":"","ocean_post_title_bg_image_repeat":"","ocean_post_title_bg_image_size":"","ocean_post_title_height":0,"ocean_post_title_bg_overlay":0.5,"ocean_post_title_bg_overlay_color":"","ocean_disable_breadcrumbs":"default","ocean_breadcrumbs_color":"","ocean_breadcrumbs_separator_color":"","ocean_breadcrumbs_links_color":"","ocean_breadcrumbs_links_hover_color":"","ocean_display_footer_widgets":"default","ocean_display_footer_bottom":"default","ocean_custom_footer_template":"0","osh_disable_topbar_sticky":"default","osh_disable_header_sticky":"default","osh_sticky_header_style":"default","osh_sticky_header_effect":"","osh_custom_sticky_logo":0,"osh_custom_retina_sticky_logo":0,"osh_custom_sticky_logo_height":0,"osh_background_color":"","osh_links_color":"","osh_links_hover_color":"","osh_links_active_color":"","osh_links_bg_color":"","osh_links_hover_bg_color":"","osh_links_active_bg_color":"","osh_menu_social_links_color":"","osh_menu_social_hover_links_color":"","footnotes":""},"class_list":["post-11847","page","type-page","status-publish","hentry","entry"],"_links":{"self":[{"href":"https:\/\/www.bluedolphins.gr\/de\/wp-json\/wp\/v2\/pages\/11847","targetHints":{"allow":["GET"]}}],"collection":[{"href":"https:\/\/www.bluedolphins.gr\/de\/wp-json\/wp\/v2\/pages"}],"about":[{"href":"https:\/\/www.bluedolphins.gr\/de\/wp-json\/wp\/v2\/types\/page"}],"author":[{"embeddable":true,"href":"https:\/\/www.bluedolphins.gr\/de\/wp-json\/wp\/v2\/users\/5"}],"replies":[{"embeddable":true,"href":"https:\/\/www.bluedolphins.gr\/de\/wp-json\/wp\/v2\/comments?post=11847"}],"version-history":[{"count":0,"href":"https:\/\/www.bluedolphins.gr\/de\/wp-json\/wp\/v2\/pages\/11847\/revisions"}],"wp:attachment":[{"href":"https:\/\/www.bluedolphins.gr\/de\/wp-json\/wp\/v2\/media?parent=11847"}],"curies":[{"name":"wp","href":"https:\/\/api.w.org\/{rel}","templated":true}]}}