{"id":11845,"date":"2016-05-30T17:08:24","date_gmt":"2016-05-30T14:08:24","guid":{"rendered":"https:\/\/www.bluedolphins.gr\/transferservice-zu-bluedolphins\/"},"modified":"2022-10-03T23:42:11","modified_gmt":"2022-10-03T20:42:11","slug":"transferservice-zu-bluedolphins","status":"publish","type":"page","link":"https:\/\/www.bluedolphins.gr\/de\/transferservice-zu-bluedolphins\/","title":{"rendered":"Transferservice zu Bluedolphins"},"content":{"rendered":"\n<div class=\"wp-block-toolset-blocks-container tb-container\" data-toolset-blocks-container=\"2b2d0d7d27e0c72d8203e563cc8c26ae\"><div class=\"tb-container-inner\">\n<div class=\"tb-fields-and-text\" data-toolset-blocks-fields-and-text=\"3e1d2592ce20bdf2bf813c9dfa44c991\">\n          <p>F\u00fcr Ihre Ankunft oder Abreise von der Insel Santorini steht Ihnen die Flotte von Blue Dolphins f\u00fcr direkte und zuverl\u00e4ssige Transfers zur Verf\u00fcgung. Immer in Absprache mit Ihnen bringen wir Sie \u00fcberall auf der Insel hin, die Sie besuchen m\u00f6chten.<\/p>\n          \n\n          <p>Wir k\u00f6nnen f\u00fcr Sie einen <strong>gemeinsamen Transferservice<\/strong> vom Hafen oder Flughafen oder einen <strong>privaten Transferservice<\/strong> arrangieren, falls Sie eine exklusivere Fahrt genie\u00dfen m\u00f6chten.<\/p>\n          \n\n          <p>Dar\u00fcber hinaus bieten wir Ihnen einen Taxiservice an, da die <strong>Taxis<\/strong> auf Santorini w\u00e4hrend der Saison sehr besch\u00e4ftigt sind. Unser Hotel bietet diese Art von Service an. Unser Fahrer kann Sie zu jedem Ort auf der Insel bringen, den Sie w\u00fcnschen.<\/p>\n          \n\n          <p>Lassen Sie sich von uns bei der <strong>Blue Dolphins Tour<\/strong> f\u00fchren: Wenn Sie sich f\u00fcr die Blue Dolphins Tour entscheiden, haben Sie die M\u00f6glichkeit, Ihren eigenen Fahrer f\u00fcr 4-5 Stunden zu haben (privater geht es nicht), der Sie zu den versteckten Orten der Insel bringt sowie die ber\u00fchmten. Sie besuchen Weing\u00fcter, Str\u00e4nde, malerische kleine D\u00f6rfer, Kl\u00f6ster und wenn Sie sich f\u00fcr die Tour mit Mittag- oder Abendessen entscheiden, werden Sie das erstaunlichste griechische Essen in einem der besten Restaurants der Insel erleben.<\/p>\n          \n\n          <p>Reservieren Sie einen <strong>Mietwagen<\/strong> \u00fcber unsere Kollegen, geliefert am Hafen-Flughafen zum besten verf\u00fcgbaren Preis.<\/p>\n        <\/div>\n<\/div><\/div>\n","protected":false},"excerpt":{"rendered":"","protected":false},"author":5,"featured_media":0,"parent":0,"menu_order":0,"comment_status":"closed","ping_status":"closed","template":"","meta":{"ocean_post_layout":"","ocean_both_sidebars_style":"","ocean_both_sidebars_content_width":0,"ocean_both_sidebars_sidebars_width":0,"ocean_sidebar":"0","ocean_second_sidebar":"0","ocean_disable_margins":"enable","ocean_add_body_class":"","ocean_shortcode_before_top_bar":"","ocean_shortcode_after_top_bar":"","ocean_shortcode_before_header":"","ocean_shortcode_after_header":"","ocean_has_shortcode":"","ocean_shortcode_after_title":"","ocean_shortcode_before_footer_widgets":"","ocean_shortcode_after_footer_widgets":"","ocean_shortcode_before_footer_bottom":"","ocean_shortcode_after_footer_bottom":"","ocean_display_top_bar":"default","ocean_display_header":"default","ocean_header_style":"","ocean_center_header_left_menu":"0","ocean_custom_header_template":"0","ocean_custom_logo":0,"ocean_custom_retina_logo":0,"ocean_custom_logo_max_width":0,"ocean_custom_logo_tablet_max_width":0,"ocean_custom_logo_mobile_max_width":0,"ocean_custom_logo_max_height":0,"ocean_custom_logo_tablet_max_height":0,"ocean_custom_logo_mobile_max_height":0,"ocean_header_custom_menu":"0","ocean_menu_typo_font_family":"0","ocean_menu_typo_font_subset":"","ocean_menu_typo_font_size":0,"ocean_menu_typo_font_size_tablet":0,"ocean_menu_typo_font_size_mobile":0,"ocean_menu_typo_font_size_unit":"px","ocean_menu_typo_font_weight":"","ocean_menu_typo_font_weight_tablet":"","ocean_menu_typo_font_weight_mobile":"","ocean_menu_typo_transform":"","ocean_menu_typo_transform_tablet":"","ocean_menu_typo_transform_mobile":"","ocean_menu_typo_line_height":0,"ocean_menu_typo_line_height_tablet":0,"ocean_menu_typo_line_height_mobile":0,"ocean_menu_typo_line_height_unit":"","ocean_menu_typo_spacing":0,"ocean_menu_typo_spacing_tablet":0,"ocean_menu_typo_spacing_mobile":0,"ocean_menu_typo_spacing_unit":"","ocean_menu_link_color":"","ocean_menu_link_color_hover":"","ocean_menu_link_color_active":"","ocean_menu_link_background":"","ocean_menu_link_hover_background":"","ocean_menu_link_active_background":"","ocean_menu_social_links_bg":"","ocean_menu_social_hover_links_bg":"","ocean_menu_social_links_color":"","ocean_menu_social_hover_links_color":"","ocean_disable_title":"default","ocean_disable_heading":"default","ocean_post_title":"","ocean_post_subheading":"","ocean_post_title_style":"","ocean_post_title_background_color":"","ocean_post_title_background":0,"ocean_post_title_bg_image_position":"","ocean_post_title_bg_image_attachment":"","ocean_post_title_bg_image_repeat":"","ocean_post_title_bg_image_size":"","ocean_post_title_height":0,"ocean_post_title_bg_overlay":0.5,"ocean_post_title_bg_overlay_color":"","ocean_disable_breadcrumbs":"default","ocean_breadcrumbs_color":"","ocean_breadcrumbs_separator_color":"","ocean_breadcrumbs_links_color":"","ocean_breadcrumbs_links_hover_color":"","ocean_display_footer_widgets":"default","ocean_display_footer_bottom":"default","ocean_custom_footer_template":"0","osh_disable_topbar_sticky":"default","osh_disable_header_sticky":"default","osh_sticky_header_style":"default","osh_sticky_header_effect":"","osh_custom_sticky_logo":0,"osh_custom_retina_sticky_logo":0,"osh_custom_sticky_logo_height":0,"osh_background_color":"","osh_links_color":"","osh_links_hover_color":"","osh_links_active_color":"","osh_links_bg_color":"","osh_links_hover_bg_color":"","osh_links_active_bg_color":"","osh_menu_social_links_color":"","osh_menu_social_hover_links_color":"","footnotes":""},"class_list":["post-11845","page","type-page","status-publish","hentry","entry"],"_links":{"self":[{"href":"https:\/\/www.bluedolphins.gr\/de\/wp-json\/wp\/v2\/pages\/11845","targetHints":{"allow":["GET"]}}],"collection":[{"href":"https:\/\/www.bluedolphins.gr\/de\/wp-json\/wp\/v2\/pages"}],"about":[{"href":"https:\/\/www.bluedolphins.gr\/de\/wp-json\/wp\/v2\/types\/page"}],"author":[{"embeddable":true,"href":"https:\/\/www.bluedolphins.gr\/de\/wp-json\/wp\/v2\/users\/5"}],"replies":[{"embeddable":true,"href":"https:\/\/www.bluedolphins.gr\/de\/wp-json\/wp\/v2\/comments?post=11845"}],"version-history":[{"count":0,"href":"https:\/\/www.bluedolphins.gr\/de\/wp-json\/wp\/v2\/pages\/11845\/revisions"}],"wp:attachment":[{"href":"https:\/\/www.bluedolphins.gr\/de\/wp-json\/wp\/v2\/media?parent=11845"}],"curies":[{"name":"wp","href":"https:\/\/api.w.org\/{rel}","templated":true}]}}