{"id":11840,"date":"2015-12-18T05:51:47","date_gmt":"2015-12-18T03:51:47","guid":{"rendered":"https:\/\/www.bluedolphins.gr\/die-geschichte-von-santorin\/"},"modified":"2022-10-03T23:56:35","modified_gmt":"2022-10-03T20:56:35","slug":"die-geschichte-von-santorin","status":"publish","type":"page","link":"https:\/\/www.bluedolphins.gr\/de\/die-geschichte-von-santorin\/","title":{"rendered":"Die Geschichte von Santorin"},"content":{"rendered":"\n<div class=\"wp-block-toolset-blocks-container tb-container\" data-toolset-blocks-container=\"152888be40e7295cd730253edc161e71\"><div class=\"tb-container-inner\">\n<figure class=\"wp-block-image tb-image tb-image-dynamic\" data-toolset-blocks-image=\"ce25005d31d4244ae16a426d26d8851f\"><img loading=\"lazy\" decoding=\"async\" width=\"1920\" height=\"775\" loading=\"lazy\" src=\"https:\/\/www.bluedolphins.gr\/wp-content\/uploads\/2015\/12\/santorini-apartments-panoramic-image-island-1-2.jpg\" alt=\"\" class=\"wp-image-9467\" srcset=\"https:\/\/www.bluedolphins.gr\/wp-content\/uploads\/2015\/12\/santorini-apartments-panoramic-image-island-1-2.jpg 1920w, https:\/\/www.bluedolphins.gr\/wp-content\/uploads\/2015\/12\/santorini-apartments-panoramic-image-island-1-2-300x121.jpg 300w, https:\/\/www.bluedolphins.gr\/wp-content\/uploads\/2015\/12\/santorini-apartments-panoramic-image-island-1-2-1024x413.jpg 1024w, https:\/\/www.bluedolphins.gr\/wp-content\/uploads\/2015\/12\/santorini-apartments-panoramic-image-island-1-2-768x310.jpg 768w, https:\/\/www.bluedolphins.gr\/wp-content\/uploads\/2015\/12\/santorini-apartments-panoramic-image-island-1-2-1536x620.jpg 1536w\" sizes=\"auto, (max-width: 1920px) 100vw, 1920px\" \/><div class=\"tb-image-caption\"><figcaption>Die Geschichte von Santorin<\/figcaption><\/div><\/figure>\n\n\n\n<h2 class=\"tb-heading\" data-toolset-blocks-heading=\"df6903916fccae6c23185a61666fd250\" data-last-update=\"1.4\">Die Insel Santorini ist einer der magischsten Orte der Welt. <br\/>Die ersten Bewohner waren <strong>Pr\u00e4hellenen<\/strong> , die 3.000 v. Chr. dort ankamen<\/h2>\n\n\n\n<p>\n          <span style=\"color: #000000;\"><span lang=\"en-GB\">Sie nannten die Insel<\/span> <span lang=\"en-GB\"><b>Stroggyli<\/b><\/span><span lang=\"en-GB\"> (was rund bedeutet) wegen seiner Form. Sp\u00e4ter, als die Ph\u00f6nizier die Insel kolonisierten, angezogen von der Sch\u00f6nheit ihrer Landschaft, gaben sie ihr den Namen <\/span><span lang=\"en-GB\"><b>Kallisti<\/b><\/span> <span lang=\"en-GB\">(was die Sch\u00f6nste bedeutet).<\/span><\/span>\n        <\/p>\n\n\n\n<p>\n          <span style=\"color: #000000;\"><span lang=\"en-GB\">Die Dorer aus Sparta, begleitet von ihrem K\u00f6nig Theras, bewohnten die Insel im Jahr 1115 v. Chr. und \u00e4nderten den Namen in<\/span> <span lang=\"en-GB\"><b>Thera<\/b><\/span><span lang=\"en-GB\">. Um 1.200 n. Chr., unter der fr\u00e4nkischen Besetzung, nahm es den Namen an <\/span><span lang=\"en-GB\"><b>Santa Irene<\/b><\/span> <span lang=\"en-GB\">, nach einer kleinen Kirche in Therassia, daher der Name Santorini.<\/span><\/span>\n        <\/p>\n\n\n\n<p>\n          <span style=\"color: #000000;\"><span lang=\"en-GB\">Der massive katastrophale Ausbruch des Vulkans im Jahr 1450 v. Chr. sollte f\u00fcr immer in die Geschichte der Menschheit eingraviert werden. Der gr\u00f6\u00dfere zentrale Teil der Insel, etwa 80 km\u00b2, <\/span><span lang=\"en-GB\"><b>st\u00fcrzte auf den Meeresgrund<\/b><\/span> <span lang=\"en-GB\">und die Wellen st\u00fcrzten in Deckung und bildeten ein<\/span> <span lang=\"en-GB\"><b>riesiges Becken, das heute Caldera genannt wird<\/b><\/span><span lang=\"en-GB\">. W\u00e4hrend des gewaltigen Ausbruchs verdunkelte sich die gesamte \u00c4g\u00e4is, die Wellen stiegen 250 Meter hoch und erreichten mit einer Geschwindigkeit von 350 km\/h die Insel Kreta und zerst\u00f6rten die Zivilisation von Knossos &amp; Minoan. Unbewiesene Theorien deuten darauf hin, dass dieses Ereignis mit dem Untergang von Atlantis zusammenh\u00e4ngen k\u00f6nnte.<\/span><\/span>\n        <\/p>\n\n\n\n<p>\n          <span style=\"color: #000000;\">\n            <span lang=\"en-GB\">Der Ausbruch f\u00fchrte zum abrupten Stillstand einer voll entwickelten reichen Gesellschaft und einer einzigartigen bl\u00fchenden Zivilisation, beeinflusst von der minoischen Kultur, die auf den Wandmalereien dargestellt ist, und den reichen Funden der Ausgrabungen in Akrotiri.<\/span>\n          <\/span>\n        <\/p>\n\n\n\n<p>\n          <span style=\"color: #000000;\">\n            <span lang=\"en-GB\">In der Antike unterwarf sich Thera den Persern, wurde dann ein Verb\u00fcndeter der Spartaner und wurde 426 v. Chr. Teil der athenischen Dom\u00e4ne. Sp\u00e4ter wurde es von den Ptolem\u00e4ern, den R\u00f6mern, den Byzantinern und den Franken erobert. 1579 wurde Santorini von den T\u00fcrken besetzt und schlie\u00dflich 1832 wurde die Insel Teil Griechenlands.<\/span>\n          <\/span>\n        <\/p>\n\n\n\n<p>\n          <span style=\"color: #000000;\">\n            <span lang=\"en-GB\">\n              <b>Santorin<\/b>\n            <\/span>\n            <span lang=\"en-GB\"> hat heute eine Bev\u00f6lkerung von 10.000 Einwohnern. Die Hauptstadt der Insel ist <\/span>\n            <span lang=\"en-GB\">\n              <b>Fira<\/b>\n            <\/span>\n            <span lang=\"en-GB\">. Eines der elegantesten D\u00f6rfer ist Oia (ausgesprochen Ia), das auf der ganzen Welt f\u00fcr seine bekannt ist <\/span>\n            <span lang=\"en-GB\">\n              <b>einzigartige Sonnenunterg\u00e4nge<\/b>\n            <\/span>\n            <span lang=\"en-GB\">. Die schwarzen Str\u00e4nde, die schroffe Felsstruktur der Klippen und die vulkanischen Farben machen Santorini zu einem au\u00dfergew\u00f6hnlichen Ort f\u00fcr einen Besuch.<\/span>\n          <\/span>\n        <\/p>\n\n\n\n<p>\n          <span style=\"color: #000000;\">\n            <span lang=\"en-GB\">In der Caldera, 400 Meter tief, existiert noch ein gigantischer Krater von 10 km Breite. Die Architektur der Insel ist eng mit den Bed\u00fcrfnissen der Menschen und der Sch\u00f6nheit einer Kykladeninsel verbunden. Der Besucher ist beeindruckt von der <\/span>\n            <span lang=\"en-GB\">\n              <b>traditionelle H\u00e4user, die in den Felsen gebaut wurden<\/b>\n            <\/span>\n            <span lang=\"en-GB\"> pr\u00e4sentieren ihre lebendigen Farben. Es gibt \u00fcber 300 kuppelf\u00f6rmige Kirchen auf der ganzen Insel und nur sehr wenige der beeindruckenden Herrenh\u00e4user, die vor dem schrecklichen Erdbeben von 1956 existierten.<\/span>\n          <\/span>\n        <\/p>\n\n\n\n<p>\n          <span style=\"color: #000000;\"><span lang=\"en-GB\">Santorini ist bezaubernd und romantisch, deshalb kommen Paare aus der ganzen Welt f\u00fcr ihre Flitterwochen hierher. Das Blue Dolphins Hotel verf\u00fcgt \u00fcber ein <\/span><span lang=\"en-GB\"><b>spezielle Suite f\u00fcr Hochzeitsreisende<\/b><\/span> <span lang=\"en-GB\">!<\/span><\/span>\n        <\/p>\n\n\n\n<p>\n          <span style=\"color: #000000;\">\n            <span lang=\"en-GB\">Nach dieser kurzen Reise auf den Spuren der Geschichte w\u00fcnschen wir Ihnen einen angenehmen Aufenthalt auf unserer einzigartigen Insel.<\/span>\n          <\/span>\n        <\/p>\n<\/div><\/div>\n","protected":false},"excerpt":{"rendered":"","protected":false},"author":5,"featured_media":9467,"parent":0,"menu_order":0,"comment_status":"closed","ping_status":"closed","template":"","meta":{"ocean_post_layout":"","ocean_both_sidebars_style":"","ocean_both_sidebars_content_width":0,"ocean_both_sidebars_sidebars_width":0,"ocean_sidebar":"0","ocean_second_sidebar":"0","ocean_disable_margins":"enable","ocean_add_body_class":"","ocean_shortcode_before_top_bar":"","ocean_shortcode_after_top_bar":"","ocean_shortcode_before_header":"","ocean_shortcode_after_header":"","ocean_has_shortcode":"","ocean_shortcode_after_title":"","ocean_shortcode_before_footer_widgets":"","ocean_shortcode_after_footer_widgets":"","ocean_shortcode_before_footer_bottom":"","ocean_shortcode_after_footer_bottom":"","ocean_display_top_bar":"default","ocean_display_header":"default","ocean_header_style":"","ocean_center_header_left_menu":"0","ocean_custom_header_template":"0","ocean_custom_logo":0,"ocean_custom_retina_logo":0,"ocean_custom_logo_max_width":0,"ocean_custom_logo_tablet_max_width":0,"ocean_custom_logo_mobile_max_width":0,"ocean_custom_logo_max_height":0,"ocean_custom_logo_tablet_max_height":0,"ocean_custom_logo_mobile_max_height":0,"ocean_header_custom_menu":"0","ocean_menu_typo_font_family":"0","ocean_menu_typo_font_subset":"","ocean_menu_typo_font_size":0,"ocean_menu_typo_font_size_tablet":0,"ocean_menu_typo_font_size_mobile":0,"ocean_menu_typo_font_size_unit":"px","ocean_menu_typo_font_weight":"","ocean_menu_typo_font_weight_tablet":"","ocean_menu_typo_font_weight_mobile":"","ocean_menu_typo_transform":"","ocean_menu_typo_transform_tablet":"","ocean_menu_typo_transform_mobile":"","ocean_menu_typo_line_height":0,"ocean_menu_typo_line_height_tablet":0,"ocean_menu_typo_line_height_mobile":0,"ocean_menu_typo_line_height_unit":"","ocean_menu_typo_spacing":0,"ocean_menu_typo_spacing_tablet":0,"ocean_menu_typo_spacing_mobile":0,"ocean_menu_typo_spacing_unit":"","ocean_menu_link_color":"","ocean_menu_link_color_hover":"","ocean_menu_link_color_active":"","ocean_menu_link_background":"","ocean_menu_link_hover_background":"","ocean_menu_link_active_background":"","ocean_menu_social_links_bg":"","ocean_menu_social_hover_links_bg":"","ocean_menu_social_links_color":"","ocean_menu_social_hover_links_color":"","ocean_disable_title":"default","ocean_disable_heading":"default","ocean_post_title":"","ocean_post_subheading":"","ocean_post_title_style":"","ocean_post_title_background_color":"","ocean_post_title_background":0,"ocean_post_title_bg_image_position":"","ocean_post_title_bg_image_attachment":"","ocean_post_title_bg_image_repeat":"","ocean_post_title_bg_image_size":"","ocean_post_title_height":0,"ocean_post_title_bg_overlay":0.5,"ocean_post_title_bg_overlay_color":"","ocean_disable_breadcrumbs":"default","ocean_breadcrumbs_color":"","ocean_breadcrumbs_separator_color":"","ocean_breadcrumbs_links_color":"","ocean_breadcrumbs_links_hover_color":"","ocean_display_footer_widgets":"default","ocean_display_footer_bottom":"default","ocean_custom_footer_template":"0","osh_disable_topbar_sticky":"default","osh_disable_header_sticky":"default","osh_sticky_header_style":"default","osh_sticky_header_effect":"","osh_custom_sticky_logo":0,"osh_custom_retina_sticky_logo":0,"osh_custom_sticky_logo_height":0,"osh_background_color":"","osh_links_color":"","osh_links_hover_color":"","osh_links_active_color":"","osh_links_bg_color":"","osh_links_hover_bg_color":"","osh_links_active_bg_color":"","osh_menu_social_links_color":"","osh_menu_social_hover_links_color":"","footnotes":""},"class_list":["post-11840","page","type-page","status-publish","has-post-thumbnail","hentry","entry","has-media"],"_links":{"self":[{"href":"https:\/\/www.bluedolphins.gr\/de\/wp-json\/wp\/v2\/pages\/11840","targetHints":{"allow":["GET"]}}],"collection":[{"href":"https:\/\/www.bluedolphins.gr\/de\/wp-json\/wp\/v2\/pages"}],"about":[{"href":"https:\/\/www.bluedolphins.gr\/de\/wp-json\/wp\/v2\/types\/page"}],"author":[{"embeddable":true,"href":"https:\/\/www.bluedolphins.gr\/de\/wp-json\/wp\/v2\/users\/5"}],"replies":[{"embeddable":true,"href":"https:\/\/www.bluedolphins.gr\/de\/wp-json\/wp\/v2\/comments?post=11840"}],"version-history":[{"count":0,"href":"https:\/\/www.bluedolphins.gr\/de\/wp-json\/wp\/v2\/pages\/11840\/revisions"}],"wp:featuredmedia":[{"embeddable":true,"href":"https:\/\/www.bluedolphins.gr\/de\/wp-json\/wp\/v2\/media\/9467"}],"wp:attachment":[{"href":"https:\/\/www.bluedolphins.gr\/de\/wp-json\/wp\/v2\/media?parent=11840"}],"curies":[{"name":"wp","href":"https:\/\/api.w.org\/{rel}","templated":true}]}}