{"id":11839,"date":"2012-07-05T13:10:58","date_gmt":"2012-07-05T10:10:58","guid":{"rendered":"https:\/\/www.bluedolphins.gr\/ferienwohnungen-insel-santorini-griechenland-unterkunft-mit-blick-auf-die-caldera-und-whirlpool\/"},"modified":"2022-10-03T23:56:09","modified_gmt":"2022-10-03T20:56:09","slug":"ferienwohnungen-insel-santorini-griechenland-unterkunft-mit-blick-auf-die-caldera-und-whirlpool","status":"publish","type":"page","link":"https:\/\/www.bluedolphins.gr\/de\/ferienwohnungen-insel-santorini-griechenland-unterkunft-mit-blick-auf-die-caldera-und-whirlpool\/","title":{"rendered":"Ferienwohnungen Insel Santorini (Griechenland) | Unterkunft mit Blick auf die Caldera und Whirlpool"},"content":{"rendered":"<div class=\"container-fluid \">\n<div class=\"ddl-full-width-row row slider ddl-frontend-editor-row ddl-frontend-editor-editable\" data-id=\"3742\" data-name=\"Slider\" data-type=\"row\" data-layout_slug=\"layout-for-\" data-kind=\"Row\">\n                <\/div>\n<\/div>\n<div class=\"full-bg welcome ddl-frontend-editor-row ddl-frontend-editor-editable\" data-id=\"3917\" data-name=\"Row 12\" data-type=\"row\" data-layout_slug=\"layout-for-\" data-kind=\"Row\">\n<div class=\"container \">\n<div class=\"row\">\n<div class=\"col-sm-8 ddl-frontend-editor-cell ddl-frontend-editor-editable js-ddl-frontend-editor-cell col-sm-offset-2\" data-id=\"s4481\" data-name=\"Visual editor 2\" data-type=\"cell-text\" data-layout_slug=\"\" data-kind=\"Cell\">\n<h1 style=\"text-align: center;\">Willkommen bei Blue Dolphins<\/h1>\n<p style=\"text-align: center;\"><strong>Romantik-,<\/strong> <strong>Jacuzzi- und Flitterwochen-Suiten<\/strong> direkt vor der <strong>Caldera<\/strong> : Besuchen Sie einen Ort, der Ihnen den Atem rauben wird. Die Blue Dolphins <strong>Apartments auf<\/strong> <strong>Santorini<\/strong> werden Sie \u00fcber die Weisheit der unsichtbaren Hand wundern, die eine solche Sch\u00f6nheit geschaffen hat.<\/p>\n<p style=\"text-align: center;\">Die <strong>Insel Santorini<\/strong> ist ein wahrhaft magischer und mystischer Ort und die <strong>Blue Dolphins Apartments &amp; Suites<\/strong> wurden genau in die Mitte dieser Magie gepflanzt: Genie\u00dfen Sie in unseren <strong>luxuri\u00f6sen Villen<\/strong> den atemberaubenden <strong>Blick<\/strong> auf die <strong>Caldera<\/strong> bei Sonnenuntergang.<\/p>\n<p style=\"text-align: center;\">In <strong>Firostefani gelegen<\/strong> und mit Blick auf den ber\u00fchmten Vulkan und das <strong>\u00c4g\u00e4ische Meer<\/strong> , k\u00f6nnen Sie die Ruhe der Natur genie\u00dfen und eine Pause vom Alltag einlegen , indem Sie einfach von Ihrer exklusiven <strong>Unterkunft in den Blue Dolphins Suites Apartments blicken<\/strong> .<\/p>\n<\/div>\n<\/div>\n<\/div>\n<\/div>\n<div class=\"container-fluid \">\n<div class=\"ddl-full-width-row row titolo-parallax ddl-frontend-editor-row ddl-frontend-editor-editable\" data-id=\"2811\" data-name=\"Row 7\" data-type=\"row\" data-layout_slug=\"layout-for-\" data-kind=\"Row\">\n<div class=\"col-sm-12 titolo-parellax ddl-frontend-editor-cell ddl-frontend-editor-editable js-ddl-frontend-editor-cell\" data-id=\"s2787\" data-name=\"Visual editor 5\" data-type=\"cell-text\" data-layout_slug=\"\" data-kind=\"Cell\">[parallax-scroll id=&#8220;1505&#8243;]<\/div>\n<\/div>\n<\/div>\n<div class=\"full-bg home-room ddl-frontend-editor-row ddl-frontend-editor-editable\" data-id=\"2367\" data-name=\"Suites\" data-type=\"row\" data-layout_slug=\"layout-for-\" data-kind=\"Row\">\n<div class=\"container \">\n<div class=\"row\">\n<div class=\"col-sm-12 ddl-frontend-editor-cell ddl-frontend-editor-editable js-ddl-frontend-editor-cell\" data-id=\"s2026\" data-name=\"Suites-home copy\" data-type=\"views-content-grid-cell\" data-layout_slug=\"\" data-kind=\"Cell\"><!- View nicht gefunden -><\/div>\n<\/div>\n<\/div>\n<\/div>\n<div class=\"container-fluid \">\n<div class=\"ddl-full-width-row row paralax-home ddl-frontend-editor-row ddl-frontend-editor-editable\" data-id=\"2860\" data-name=\"Row 8\" data-type=\"row\" data-layout_slug=\"layout-for-\" data-kind=\"Row\">\n<div class=\"col-sm-12 titolo-parellax ddl-frontend-editor-cell ddl-frontend-editor-editable js-ddl-frontend-editor-cell\" data-id=\"s2836\" data-name=\"Visual editor 6\" data-type=\"cell-text\" data-layout_slug=\"\" data-kind=\"Cell\">[parallax-scroll id=&#8220;1754&#8243;]<\/div>\n<\/div>\n<\/div>\n<div class=\"full-bg home-room ddl-frontend-editor-row ddl-frontend-editor-editable\" data-id=\"3079\" data-name=\"Camere\" data-type=\"row\" data-layout_slug=\"layout-for-\" data-kind=\"Row\">\n<div class=\"container \">\n<div class=\"row\">\n<div class=\"col-sm-12 ddl-frontend-editor-cell ddl-frontend-editor-editable js-ddl-frontend-editor-cell\" data-id=\"s3055\" data-name=\"Rooms-home copy\" data-type=\"views-content-grid-cell\" data-layout_slug=\"\" data-kind=\"Cell\"><!- View nicht gefunden -><\/div>\n<\/div>\n<\/div>\n<\/div>\n<div class=\"container-fluid \">\n<div class=\"ddl-full-width-row row breakfast ddl-frontend-editor-row ddl-frontend-editor-editable\" data-id=\"8296\" data-name=\"Row 11\" data-type=\"row\" data-layout_slug=\"layout-for-\" data-kind=\"Row\">\n<div class=\"col-sm-12 ddl-frontend-editor-cell ddl-frontend-editor-editable js-ddl-frontend-editor-cell\" data-id=\"s8272\" data-name=\"Visual Editor\" data-type=\"cell-text\" data-layout_slug=\"\" data-kind=\"Cell\">\n<p>[parallax-scroll id=&#8220;2071&#8243;]<\/p>\n<\/div>\n<\/div>\n<\/div>\n<div class=\"container-fluid \">\n<div class=\"ddl-full-width-row row enjoying ddl-frontend-editor-row ddl-frontend-editor-editable\" data-id=\"2990\" data-name=\"Row 9\" data-type=\"row\" data-layout_slug=\"layout-for-\" data-kind=\"Row\">\n<div class=\"col-sm-12 ddl-frontend-editor-cell ddl-frontend-editor-editable js-ddl-frontend-editor-cell\" data-id=\"s2966\" data-name=\"Visual editor 7\" data-type=\"cell-text\" data-layout_slug=\"\" data-kind=\"Cell\">\n<h1 style=\"text-align: center;\">Santorin genie\u00dfen<\/h1>\n<h3 style=\"text-align: center;\">Neuigkeiten und Veranstaltungen auf der Insel Santorini<\/h3>\n<\/div>\n<\/div>\n<\/div>\n<div class=\"container-fluid \">\n<div class=\"ddl-full-width-row row ddl-frontend-editor-row ddl-frontend-editor-editable\" data-id=\"3469\" data-name=\"Notizie\" data-type=\"row\" data-layout_slug=\"layout-for-\" data-kind=\"Row\">\n<div class=\"col-sm-12 ddl-frontend-editor-cell ddl-frontend-editor-editable js-ddl-frontend-editor-cell\" data-id=\"s3445\" data-name=\"Categories - Slider copy\" data-type=\"views-content-grid-cell\" data-layout_slug=\"\" data-kind=\"Cell\"><!- View nicht gefunden -><\/div>\n<\/div>\n<\/div>\n","protected":false},"excerpt":{"rendered":"<p>Willkommen bei Blue Dolphins Romantik-, Jacuzzi- und Flitterwochen-Suiten direkt vor der Caldera : Besuchen Sie einen Ort, der Ihnen den Atem rauben wird. Die Blue Dolphins Apartments auf Santorini werden Sie \u00fcber die Weisheit der unsichtbaren Hand wundern, die eine solche Sch\u00f6nheit geschaffen hat. Die Insel Santorini ist ein wahrhaft magischer und mystischer Ort und [&hellip;]<\/p>\n","protected":false},"author":5,"featured_media":0,"parent":0,"menu_order":0,"comment_status":"closed","ping_status":"closed","template":"","meta":{"ocean_post_layout":"","ocean_both_sidebars_style":"","ocean_both_sidebars_content_width":0,"ocean_both_sidebars_sidebars_width":0,"ocean_sidebar":"","ocean_second_sidebar":"","ocean_disable_margins":"enable","ocean_add_body_class":"","ocean_shortcode_before_top_bar":"","ocean_shortcode_after_top_bar":"","ocean_shortcode_before_header":"","ocean_shortcode_after_header":"","ocean_has_shortcode":"","ocean_shortcode_after_title":"","ocean_shortcode_before_footer_widgets":"","ocean_shortcode_after_footer_widgets":"","ocean_shortcode_before_footer_bottom":"","ocean_shortcode_after_footer_bottom":"","ocean_display_top_bar":"default","ocean_display_header":"default","ocean_header_style":"","ocean_center_header_left_menu":"","ocean_custom_header_template":"","ocean_custom_logo":0,"ocean_custom_retina_logo":0,"ocean_custom_logo_max_width":0,"ocean_custom_logo_tablet_max_width":0,"ocean_custom_logo_mobile_max_width":0,"ocean_custom_logo_max_height":0,"ocean_custom_logo_tablet_max_height":0,"ocean_custom_logo_mobile_max_height":0,"ocean_header_custom_menu":"","ocean_menu_typo_font_family":"","ocean_menu_typo_font_subset":"","ocean_menu_typo_font_size":0,"ocean_menu_typo_font_size_tablet":0,"ocean_menu_typo_font_size_mobile":0,"ocean_menu_typo_font_size_unit":"px","ocean_menu_typo_font_weight":"","ocean_menu_typo_font_weight_tablet":"","ocean_menu_typo_font_weight_mobile":"","ocean_menu_typo_transform":"","ocean_menu_typo_transform_tablet":"","ocean_menu_typo_transform_mobile":"","ocean_menu_typo_line_height":0,"ocean_menu_typo_line_height_tablet":0,"ocean_menu_typo_line_height_mobile":0,"ocean_menu_typo_line_height_unit":"","ocean_menu_typo_spacing":0,"ocean_menu_typo_spacing_tablet":0,"ocean_menu_typo_spacing_mobile":0,"ocean_menu_typo_spacing_unit":"","ocean_menu_link_color":"","ocean_menu_link_color_hover":"","ocean_menu_link_color_active":"","ocean_menu_link_background":"","ocean_menu_link_hover_background":"","ocean_menu_link_active_background":"","ocean_menu_social_links_bg":"","ocean_menu_social_hover_links_bg":"","ocean_menu_social_links_color":"","ocean_menu_social_hover_links_color":"","ocean_disable_title":"default","ocean_disable_heading":"default","ocean_post_title":"","ocean_post_subheading":"","ocean_post_title_style":"","ocean_post_title_background_color":"","ocean_post_title_background":0,"ocean_post_title_bg_image_position":"","ocean_post_title_bg_image_attachment":"","ocean_post_title_bg_image_repeat":"","ocean_post_title_bg_image_size":"","ocean_post_title_height":0,"ocean_post_title_bg_overlay":0.5,"ocean_post_title_bg_overlay_color":"","ocean_disable_breadcrumbs":"default","ocean_breadcrumbs_color":"","ocean_breadcrumbs_separator_color":"","ocean_breadcrumbs_links_color":"","ocean_breadcrumbs_links_hover_color":"","ocean_display_footer_widgets":"default","ocean_display_footer_bottom":"default","ocean_custom_footer_template":"","osh_disable_topbar_sticky":"default","osh_disable_header_sticky":"default","osh_sticky_header_style":"default","osh_sticky_header_effect":"","osh_custom_sticky_logo":0,"osh_custom_retina_sticky_logo":0,"osh_custom_sticky_logo_height":0,"osh_background_color":"","osh_links_color":"","osh_links_hover_color":"","osh_links_active_color":"","osh_links_bg_color":"","osh_links_hover_bg_color":"","osh_links_active_bg_color":"","osh_menu_social_links_color":"","osh_menu_social_hover_links_color":"","footnotes":""},"class_list":["post-11839","page","type-page","status-publish","hentry","entry"],"_links":{"self":[{"href":"https:\/\/www.bluedolphins.gr\/de\/wp-json\/wp\/v2\/pages\/11839","targetHints":{"allow":["GET"]}}],"collection":[{"href":"https:\/\/www.bluedolphins.gr\/de\/wp-json\/wp\/v2\/pages"}],"about":[{"href":"https:\/\/www.bluedolphins.gr\/de\/wp-json\/wp\/v2\/types\/page"}],"author":[{"embeddable":true,"href":"https:\/\/www.bluedolphins.gr\/de\/wp-json\/wp\/v2\/users\/5"}],"replies":[{"embeddable":true,"href":"https:\/\/www.bluedolphins.gr\/de\/wp-json\/wp\/v2\/comments?post=11839"}],"version-history":[{"count":0,"href":"https:\/\/www.bluedolphins.gr\/de\/wp-json\/wp\/v2\/pages\/11839\/revisions"}],"wp:attachment":[{"href":"https:\/\/www.bluedolphins.gr\/de\/wp-json\/wp\/v2\/media?parent=11839"}],"curies":[{"name":"wp","href":"https:\/\/api.w.org\/{rel}","templated":true}]}}