{"id":11835,"date":"2015-12-26T18:02:20","date_gmt":"2015-12-26T16:02:20","guid":{"rendered":"https:\/\/www.bluedolphins.gr\/hochzeit-auf-santorin\/"},"modified":"2022-10-03T23:42:10","modified_gmt":"2022-10-03T20:42:10","slug":"hochzeit-auf-santorin","status":"publish","type":"page","link":"https:\/\/www.bluedolphins.gr\/de\/hochzeit-auf-santorin\/","title":{"rendered":"Hochzeit auf Santorin"},"content":{"rendered":"\n<div class=\"wp-block-toolset-blocks-container tb-container\" data-toolset-blocks-container=\"a09c434253115c579a93c3709516f144\"><div class=\"tb-container-inner\">\n<figure class=\"wp-block-image tb-image tb-image-dynamic\" data-toolset-blocks-image=\"092516853419e19e0ff4ec2b08417bf6\"><img loading=\"lazy\" decoding=\"async\" width=\"800\" height=\"375\" loading=\"lazy\" src=\"https:\/\/www.bluedolphins.gr\/wp-content\/uploads\/2015\/12\/Lov-Weddings-in-Santorini-3-2.jpg\" alt=\"\" class=\"wp-image-9667\" srcset=\"https:\/\/www.bluedolphins.gr\/wp-content\/uploads\/2015\/12\/Lov-Weddings-in-Santorini-3-2.jpg 800w, https:\/\/www.bluedolphins.gr\/wp-content\/uploads\/2015\/12\/Lov-Weddings-in-Santorini-3-2-300x141.jpg 300w, https:\/\/www.bluedolphins.gr\/wp-content\/uploads\/2015\/12\/Lov-Weddings-in-Santorini-3-2-768x360.jpg 768w\" sizes=\"auto, (max-width: 800px) 100vw, 800px\" \/><\/figure>\n\n\n\n<p><a name=\"_GoBack\"><\/a> <span style=\"color: #000000;\"><span lang=\"en-GB\">K\u00f6nnen Sie sich einen idyllischeren Ort vorstellen als die<\/span> <span lang=\"en-GB\"><b>wundersch\u00f6ne Vulkaninsel Santorini?<\/b><\/span><span lang=\"en-GB\"> f\u00fcr deine hochzeit? Dieser wundersch\u00f6ne, friedliche Ort mit seinen magischen, atemberaubenden Sonnenunterg\u00e4ngen und dem kristallblauen \u00c4g\u00e4ischen Meer ist ein <\/span><span lang=\"en-GB\"><b>Weltklasse-Hochzeitsdestination<\/b><\/span> <span lang=\"en-GB\">und Blue Dolphins Apartments und Suiten k\u00f6nnten ein wertvoller Verb\u00fcndeter sein, um Ihren Traum auf dieser wundersch\u00f6nen Insel wahr werden zu lassen!<\/span><\/span><\/p>\n\n\n\n<p>\n          <span style=\"color: #000000;\"><span lang=\"en-GB\">Egal, ob Sie an einer standesamtlichen Hochzeit auf Santorini, einer orthodoxen Hochzeit, einer katholischen Hochzeit oder einer symbolischen oder einer Gel\u00fcbdeerneuerungszeremonie interessiert sind, unsere Partner stellen Ihnen gerne alle Informationen und die notwendige Sorgfalt zur Verf\u00fcgung,<\/span> <span lang=\"en-GB\"><b>um die Zeremonie und den Empfang<\/b><\/span> <span lang=\"en-GB\">Ihrer Tr\u00e4ume in einem malerischen Rahmen zu organisieren Santorini-Landschaft!<\/span><\/span>\n        <\/p>\n\n\n\n<p>\n          <span style=\"color: #000000;\">\n            <span lang=\"en-GB\">Besuchen Sie unsere erfahrenen Partner, <\/span>\n            <span lang=\"en-GB\">\n              <b>&#8218;Liebe Hochzeiten&#8216;<\/b>\n            <\/span>\n            <span lang=\"en-GB\">, Website unter <strong><a href=\"http:\/\/www.lovwed.com\" target=\"_blank\" rel=\"noopener noreferrer\">www.lovwed.com<\/a><\/strong> oder kontaktieren Sie sie direkt unter <strong><a href=\"mailto:lov@lovwed.com\" target=\"_blank\" rel=\"noopener noreferrer\">lov@lovwed.com<\/a><\/strong> (und denken Sie bitte daran, Ihre Unterkunft in den Blue Dolphins Apartments und Suiten zu erw\u00e4hnen, um 5 % Rabatt auf ihre Dienstleistungen zu erhalten), um eine Hochzeitsveranstaltung genau so zu planen Sie haben in unserer Residenz getr\u00e4umt!<\/span>\n          <\/span>\n        <\/p>\n\n\n\n<figure class=\"wp-block-gallery columns-2 is-cropped wp-block-gallery-1 is-layout-flex wp-block-gallery-is-layout-flex\"><ul class=\"blocks-gallery-grid\"><li class=\"blocks-gallery-item\"><figure><img fetchpriority=\"high\" decoding=\"async\" width=\"960\" height=\"500\" src=\"https:\/\/www.bluedolphins.gr\/wp-content\/uploads\/2015\/12\/Lov-Weddings-in-Santorini-2-2.jpg\" alt=\"Liebe Hochzeiten in Santorini | Insel Santorini Griechenland\" data-id=\"2446\" class=\"wp-image-2446\" srcset=\"https:\/\/www.bluedolphins.gr\/wp-content\/uploads\/2015\/12\/Lov-Weddings-in-Santorini-2-2.jpg 960w, https:\/\/www.bluedolphins.gr\/wp-content\/uploads\/2015\/12\/Lov-Weddings-in-Santorini-2-2-300x156.jpg 300w, https:\/\/www.bluedolphins.gr\/wp-content\/uploads\/2015\/12\/Lov-Weddings-in-Santorini-2-2-768x400.jpg 768w\" sizes=\"(max-width: 960px) 100vw, 960px\" \/><\/figure><\/li><li class=\"blocks-gallery-item\"><figure><img decoding=\"async\" width=\"900\" height=\"469\" src=\"https:\/\/www.bluedolphins.gr\/wp-content\/uploads\/2015\/12\/Lov-Weddings-in-Santorini-11-2.jpg\" alt=\"Liebe Hochzeiten in Santorini | Insel Santorini Griechenland\" data-id=\"2448\" class=\"wp-image-2448\" srcset=\"https:\/\/www.bluedolphins.gr\/wp-content\/uploads\/2015\/12\/Lov-Weddings-in-Santorini-11-2.jpg 900w, https:\/\/www.bluedolphins.gr\/wp-content\/uploads\/2015\/12\/Lov-Weddings-in-Santorini-11-2-300x156.jpg 300w, https:\/\/www.bluedolphins.gr\/wp-content\/uploads\/2015\/12\/Lov-Weddings-in-Santorini-11-2-768x400.jpg 768w\" sizes=\"(max-width: 900px) 100vw, 900px\" \/><\/figure><\/li><\/ul><\/figure>\n<\/div><\/div>\n\n<p><\/p>\n","protected":false},"excerpt":{"rendered":"","protected":false},"author":5,"featured_media":9667,"parent":0,"menu_order":0,"comment_status":"closed","ping_status":"closed","template":"","meta":{"ocean_post_layout":"","ocean_both_sidebars_style":"","ocean_both_sidebars_content_width":0,"ocean_both_sidebars_sidebars_width":0,"ocean_sidebar":"0","ocean_second_sidebar":"0","ocean_disable_margins":"enable","ocean_add_body_class":"","ocean_shortcode_before_top_bar":"","ocean_shortcode_after_top_bar":"","ocean_shortcode_before_header":"","ocean_shortcode_after_header":"","ocean_has_shortcode":"","ocean_shortcode_after_title":"","ocean_shortcode_before_footer_widgets":"","ocean_shortcode_after_footer_widgets":"","ocean_shortcode_before_footer_bottom":"","ocean_shortcode_after_footer_bottom":"","ocean_display_top_bar":"default","ocean_display_header":"default","ocean_header_style":"","ocean_center_header_left_menu":"0","ocean_custom_header_template":"0","ocean_custom_logo":0,"ocean_custom_retina_logo":0,"ocean_custom_logo_max_width":0,"ocean_custom_logo_tablet_max_width":0,"ocean_custom_logo_mobile_max_width":0,"ocean_custom_logo_max_height":0,"ocean_custom_logo_tablet_max_height":0,"ocean_custom_logo_mobile_max_height":0,"ocean_header_custom_menu":"0","ocean_menu_typo_font_family":"0","ocean_menu_typo_font_subset":"","ocean_menu_typo_font_size":0,"ocean_menu_typo_font_size_tablet":0,"ocean_menu_typo_font_size_mobile":0,"ocean_menu_typo_font_size_unit":"px","ocean_menu_typo_font_weight":"","ocean_menu_typo_font_weight_tablet":"","ocean_menu_typo_font_weight_mobile":"","ocean_menu_typo_transform":"","ocean_menu_typo_transform_tablet":"","ocean_menu_typo_transform_mobile":"","ocean_menu_typo_line_height":0,"ocean_menu_typo_line_height_tablet":0,"ocean_menu_typo_line_height_mobile":0,"ocean_menu_typo_line_height_unit":"","ocean_menu_typo_spacing":0,"ocean_menu_typo_spacing_tablet":0,"ocean_menu_typo_spacing_mobile":0,"ocean_menu_typo_spacing_unit":"","ocean_menu_link_color":"","ocean_menu_link_color_hover":"","ocean_menu_link_color_active":"","ocean_menu_link_background":"","ocean_menu_link_hover_background":"","ocean_menu_link_active_background":"","ocean_menu_social_links_bg":"","ocean_menu_social_hover_links_bg":"","ocean_menu_social_links_color":"","ocean_menu_social_hover_links_color":"","ocean_disable_title":"default","ocean_disable_heading":"default","ocean_post_title":"","ocean_post_subheading":"","ocean_post_title_style":"","ocean_post_title_background_color":"","ocean_post_title_background":0,"ocean_post_title_bg_image_position":"","ocean_post_title_bg_image_attachment":"","ocean_post_title_bg_image_repeat":"","ocean_post_title_bg_image_size":"","ocean_post_title_height":0,"ocean_post_title_bg_overlay":0.5,"ocean_post_title_bg_overlay_color":"","ocean_disable_breadcrumbs":"default","ocean_breadcrumbs_color":"","ocean_breadcrumbs_separator_color":"","ocean_breadcrumbs_links_color":"","ocean_breadcrumbs_links_hover_color":"","ocean_display_footer_widgets":"default","ocean_display_footer_bottom":"default","ocean_custom_footer_template":"0","osh_disable_topbar_sticky":"default","osh_disable_header_sticky":"default","osh_sticky_header_style":"default","osh_sticky_header_effect":"","osh_custom_sticky_logo":0,"osh_custom_retina_sticky_logo":0,"osh_custom_sticky_logo_height":0,"osh_background_color":"","osh_links_color":"","osh_links_hover_color":"","osh_links_active_color":"","osh_links_bg_color":"","osh_links_hover_bg_color":"","osh_links_active_bg_color":"","osh_menu_social_links_color":"","osh_menu_social_hover_links_color":"","footnotes":""},"class_list":["post-11835","page","type-page","status-publish","has-post-thumbnail","hentry","entry","has-media"],"_links":{"self":[{"href":"https:\/\/www.bluedolphins.gr\/de\/wp-json\/wp\/v2\/pages\/11835","targetHints":{"allow":["GET"]}}],"collection":[{"href":"https:\/\/www.bluedolphins.gr\/de\/wp-json\/wp\/v2\/pages"}],"about":[{"href":"https:\/\/www.bluedolphins.gr\/de\/wp-json\/wp\/v2\/types\/page"}],"author":[{"embeddable":true,"href":"https:\/\/www.bluedolphins.gr\/de\/wp-json\/wp\/v2\/users\/5"}],"replies":[{"embeddable":true,"href":"https:\/\/www.bluedolphins.gr\/de\/wp-json\/wp\/v2\/comments?post=11835"}],"version-history":[{"count":0,"href":"https:\/\/www.bluedolphins.gr\/de\/wp-json\/wp\/v2\/pages\/11835\/revisions"}],"wp:featuredmedia":[{"embeddable":true,"href":"https:\/\/www.bluedolphins.gr\/de\/wp-json\/wp\/v2\/media\/9667"}],"wp:attachment":[{"href":"https:\/\/www.bluedolphins.gr\/de\/wp-json\/wp\/v2\/media?parent=11835"}],"curies":[{"name":"wp","href":"https:\/\/api.w.org\/{rel}","templated":true}]}}