{"id":11813,"date":"2021-03-09T01:11:03","date_gmt":"2021-03-08T23:11:03","guid":{"rendered":"https:\/\/www.bluedolphins.gr\/covid-19-ein-sicherer-aufenthalt\/"},"modified":"2022-10-03T23:42:09","modified_gmt":"2022-10-03T20:42:09","slug":"covid-19-ein-sicherer-aufenthalt","status":"publish","type":"page","link":"https:\/\/www.bluedolphins.gr\/de\/covid-19-ein-sicherer-aufenthalt\/","title":{"rendered":"COVID 19 | ein sicherer Aufenthalt"},"content":{"rendered":"\n<div class=\"wp-block-toolset-blocks-container tb-container\" data-toolset-blocks-container=\"e04214d6e871e297b8d75dce8e43350a\" data-bg=\"https:\/\/www.bluedolphins.gr\/wp-content\/uploads\/2020\/08\/honeymoon-jacuzzi-suites-private-balcony-santorini-bluedolphins-sl4.jpg\"><div class=\"tb-container-inner\">\n<h1 class=\"tb-heading has-text-color\" data-toolset-blocks-heading=\"eff7971565d489cc046b1715a27c983d\" data-last-update=\"1.4\">COVID 19 | ein sicherer Aufenthalt<\/h1>\n<\/div><\/div>\n\n<div class=\"wp-block-toolset-blocks-container tb-container\" data-toolset-blocks-container=\"516a84e3cc80dde181e02b9fedf7683a\"><div class=\"tb-container-inner\">\n<p>Die Sicherheit und der Schutz unserer G\u00e4ste und Mitarbeitenden waren schon immer und bleiben unsere h\u00f6chste Priorit\u00e4t. Wir tun unser Bestes, um eine sichere Reise f\u00fcr Sie zu erm\u00f6glichen und Ihnen ein H\u00f6chstma\u00df an Flexibilit\u00e4t bei der Buchung zu bieten, da sich die Situation in Bezug auf das neuartige Coronavirus (COVID-19) st\u00e4ndig weiterentwickelt.<\/p>\n\n\n\n<p>In der Zwischenzeit werden wir unser Bestes tun, um optimistisch zu bleiben und uns auf Ihre sicheren bevorstehenden Ferien vorzubereiten. Da unsere Mitarbeitenden und G\u00e4ste im Mittelpunkt unserer Aufmerksamkeit stehen, halten wir uns genau an die Richtlinien der nationalen und lokalen Beh\u00f6rden, um das Wohlergehen, die Gesundheit und die Sicherheit aller Personen in unseren R\u00e4umlichkeiten zu gew\u00e4hrleisten.<\/p>\n\n\n\n<p>Wir wissen, wie wichtig Ihnen Ferien mit Ihrer Familie und Ihren Liebsten sind. Die griechische Sonne, die kykladische Tradition und das breite L\u00e4cheln der \u201eBlue Dolphins\u201c-Crew werden auf Sie warten, um sch\u00f6ne Momente zu teilen und gl\u00fcckliche Erinnerungen zu schaffen, sobald die globalen und lokalen Bedingungen es erlauben.<\/p>\n\n\n\n<div class=\"wp-block-toolset-blocks-container tb-container\" data-toolset-blocks-container=\"ed3832aa6201cbec5b1e5b902dc067e2\">\n<figure class=\"wp-block-image tb-image tb-image-media\" data-toolset-blocks-image=\"276c624fa55f999778e3f6327bd549ba\"><img loading=\"lazy\" decoding=\"async\" width=\"500\" height=\"309\" loading=\"lazy\" src=\"https:\/\/www.bluedolphins.gr\/wp-content\/uploads\/2021\/01\/health-first-Santorini-bluedolphins.jpg\" alt=\"\" class=\"wp-image-11054\" srcset=\"https:\/\/www.bluedolphins.gr\/wp-content\/uploads\/2021\/01\/health-first-Santorini-bluedolphins.jpg 500w, https:\/\/www.bluedolphins.gr\/wp-content\/uploads\/2021\/01\/health-first-Santorini-bluedolphins-300x185.jpg 300w\" sizes=\"auto, (max-width: 500px) 100vw, 500px\" \/><\/figure>\n<\/div>\n\n\n\n<p style=\"font-size:24px\">Wir kombinieren Gesundheits- und Sicherheitsma\u00dfnahmen mit kontinuierlichem Wissen und Unterst\u00fctzung<\/p>\n\n\n\n<p><br\/>\u2022 Protokolle f\u00fcr die Handhygiene: Richtiges und h\u00e4ufiges H\u00e4ndewaschen ist unerl\u00e4sslich, um die Ausbreitung von Viren zu verhindern &#8211; es ist \u00e4u\u00dferst wichtig f\u00fcr den Schutz aller.<br\/>\u2022 Fortlaufende Schulung: Zus\u00e4tzlich zu den Schulungen zu Haushaltsf\u00fchrung und Hygieneprotokollen absolvieren unsere Teammitglieder auch eine erweiterte COVID-19-Schulung.<br\/>\u2022 Wahrung eines angemessenen Abstands im Empfangsbereich.<br\/>\u2022 Die M\u00f6glichkeit zum Ein- und Auschecken in einem offenen Raum.<br\/>\u2022 Reinigungsprodukte und -protokolle: BlueDolphins verwendet Eco-Lab-Reinigungsprodukte und -protokolle, die gegen Viren wirksam sind, einschlie\u00dflich COVID-19.<br\/>\u2022 G\u00e4stezimmer: Unser Hotel verwendet Reinigungs- und Desinfektionsprotokolle, um die Zimmer nach der Abreise jedes Gastes und vor der Ankunft der n\u00e4chsten G\u00e4ste zu reinigen. Dabei achten wir darauf, hochwertige Produkte zu verwenden.<br\/>\u2022 \u00d6ffentliche R\u00e4ume: Unser Hotel hat die H\u00e4ufigkeit der Reinigung und Desinfektion in den \u00f6ffentlichen Bereichen deutlich erh\u00f6ht, wobei der Schwerpunkt auf dem Tresen an der Rezeption, den T\u00fcrgriffen, den \u00f6ffentlichen Toiletten und den Zimmerschl\u00fcsseln liegt.<br\/>\u2022 Personalr\u00e4ume: In den Bereichen, in denen unser Personal &#8222;hinter den Kulissen&#8220; arbeitet, hat unser Hotel die Reinigungsh\u00e4ufigkeit erh\u00f6ht, mit besonderem Augenmerk auf die Bereiche, die h\u00e4ufig ber\u00fchrt werden, wie Personaleing\u00e4nge, Waschr\u00e4ume und Personalb\u00fcros.<\/p>\n\n\n\n<p style=\"font-size:24px\"><br\/>Allgemeine Gesch\u00e4ftsbedingungen<\/p>\n\n\n\n<p><br\/>Unser Haus ergreift Ma\u00dfnahmen zum Schutz der Sicherheit von G\u00e4sten und Personal. Bestimmte Dienstleistungen und Annehmlichkeiten k\u00f6nnen daher eingeschr\u00e4nkt sein.<br\/>Die \u00d6ffnungszeiten der Rezeption und des Service sind reduziert worden.<br\/>Die G\u00e4ste werden gebeten, das Hotel im Voraus \u00fcber ihre Ankunftszeit zu informieren, um den Check-in zu beschleunigen.<br\/>Die Check-in-Zeit wurde auf 15:00 Uhr und die Check-out-Zeit auf 11:00 Uhr verlegt, um sicherzustellen, dass jedes Zimmer zwischen den Aufenthalten gr\u00fcndlich desinfiziert wird und alle Innenr\u00e4ume ausreichend bel\u00fcftet sind.<br\/>Die Zimmer im Hotel sind nur f\u00fcr G\u00e4ste bestimmt. Es werden keine Besucher zugelassen.<br\/>Als Reaktion auf das Coronavirus (COVID-19) k\u00f6nnen von den G\u00e4sten zus\u00e4tzliche Unterlagen zur \u00dcberpr\u00fcfung der Identit\u00e4t, der Reiseroute und anderer relevanter Informationen verlangt werden, die den Richtlinien der Datenschutz-Grundverordnung der EU entsprechen.<br\/>Im Fall von medizinischer Hilfe k\u00f6nnen sich die G\u00e4ste an unser Rezeptionsteam wenden.<\/p>\n\n\n\n<p><br\/>Die europ\u00e4ische Notrufnummer ist die 112.<br\/>F\u00fcr alle Anfragen im Zusammenhang mit Covid-19 w\u00e4hlen Sie bitte die 1135.<\/p>\n\n\n\n<p><br\/>Wir werden unsere Webseite weiterhin mit den neuesten Informationen aktualisieren, unsere Gemeinden und Mitarbeitenden unterst\u00fctzen und uns f\u00fcr die Reisesicherheit unserer G\u00e4ste einsetzen.<\/p>\n\n\n\n<p style=\"font-size:24px\">\n          <br\/>\n          <em>Wir freuen uns darauf, Sie im Blue Dolphins Hotel begr\u00fc\u00dfen zu d\u00fcrfen und Ihnen einen unvergesslichen Aufenthalt zu bieten!<\/em>\n        <\/p>\n<\/div><\/div>\n\n<p><\/p>\n","protected":false},"excerpt":{"rendered":"","protected":false},"author":5,"featured_media":10950,"parent":0,"menu_order":0,"comment_status":"closed","ping_status":"closed","template":"","meta":{"ocean_post_layout":"","ocean_both_sidebars_style":"","ocean_both_sidebars_content_width":0,"ocean_both_sidebars_sidebars_width":0,"ocean_sidebar":"0","ocean_second_sidebar":"0","ocean_disable_margins":"on","ocean_add_body_class":"","ocean_shortcode_before_top_bar":"","ocean_shortcode_after_top_bar":"","ocean_shortcode_before_header":"","ocean_shortcode_after_header":"","ocean_has_shortcode":"","ocean_shortcode_after_title":"","ocean_shortcode_before_footer_widgets":"","ocean_shortcode_after_footer_widgets":"","ocean_shortcode_before_footer_bottom":"","ocean_shortcode_after_footer_bottom":"","ocean_display_top_bar":"default","ocean_display_header":"default","ocean_header_style":"","ocean_center_header_left_menu":"0","ocean_custom_header_template":"0","ocean_custom_logo":0,"ocean_custom_retina_logo":0,"ocean_custom_logo_max_width":0,"ocean_custom_logo_tablet_max_width":0,"ocean_custom_logo_mobile_max_width":0,"ocean_custom_logo_max_height":0,"ocean_custom_logo_tablet_max_height":0,"ocean_custom_logo_mobile_max_height":0,"ocean_header_custom_menu":"0","ocean_menu_typo_font_family":"0","ocean_menu_typo_font_subset":"","ocean_menu_typo_font_size":0,"ocean_menu_typo_font_size_tablet":0,"ocean_menu_typo_font_size_mobile":0,"ocean_menu_typo_font_size_unit":"px","ocean_menu_typo_font_weight":"","ocean_menu_typo_font_weight_tablet":"","ocean_menu_typo_font_weight_mobile":"","ocean_menu_typo_transform":"","ocean_menu_typo_transform_tablet":"","ocean_menu_typo_transform_mobile":"","ocean_menu_typo_line_height":0,"ocean_menu_typo_line_height_tablet":0,"ocean_menu_typo_line_height_mobile":0,"ocean_menu_typo_line_height_unit":"","ocean_menu_typo_spacing":0,"ocean_menu_typo_spacing_tablet":0,"ocean_menu_typo_spacing_mobile":0,"ocean_menu_typo_spacing_unit":"","ocean_menu_link_color":"","ocean_menu_link_color_hover":"","ocean_menu_link_color_active":"","ocean_menu_link_background":"","ocean_menu_link_hover_background":"","ocean_menu_link_active_background":"","ocean_menu_social_links_bg":"","ocean_menu_social_hover_links_bg":"","ocean_menu_social_links_color":"","ocean_menu_social_hover_links_color":"","ocean_disable_title":"on","ocean_disable_heading":"default","ocean_post_title":"","ocean_post_subheading":"","ocean_post_title_style":"","ocean_post_title_background_color":"","ocean_post_title_background":0,"ocean_post_title_bg_image_position":"","ocean_post_title_bg_image_attachment":"","ocean_post_title_bg_image_repeat":"","ocean_post_title_bg_image_size":"","ocean_post_title_height":0,"ocean_post_title_bg_overlay":0.5,"ocean_post_title_bg_overlay_color":"","ocean_disable_breadcrumbs":"default","ocean_breadcrumbs_color":"","ocean_breadcrumbs_separator_color":"","ocean_breadcrumbs_links_color":"","ocean_breadcrumbs_links_hover_color":"","ocean_display_footer_widgets":"default","ocean_display_footer_bottom":"default","ocean_custom_footer_template":"0","osh_disable_topbar_sticky":"default","osh_disable_header_sticky":"default","osh_sticky_header_style":"default","osh_sticky_header_effect":"","osh_custom_sticky_logo":0,"osh_custom_retina_sticky_logo":0,"osh_custom_sticky_logo_height":0,"osh_background_color":"","osh_links_color":"","osh_links_hover_color":"","osh_links_active_color":"","osh_links_bg_color":"","osh_links_hover_bg_color":"","osh_links_active_bg_color":"","osh_menu_social_links_color":"","osh_menu_social_hover_links_color":"","footnotes":""},"class_list":["post-11813","page","type-page","status-publish","has-post-thumbnail","hentry","entry","has-media"],"_links":{"self":[{"href":"https:\/\/www.bluedolphins.gr\/de\/wp-json\/wp\/v2\/pages\/11813","targetHints":{"allow":["GET"]}}],"collection":[{"href":"https:\/\/www.bluedolphins.gr\/de\/wp-json\/wp\/v2\/pages"}],"about":[{"href":"https:\/\/www.bluedolphins.gr\/de\/wp-json\/wp\/v2\/types\/page"}],"author":[{"embeddable":true,"href":"https:\/\/www.bluedolphins.gr\/de\/wp-json\/wp\/v2\/users\/5"}],"replies":[{"embeddable":true,"href":"https:\/\/www.bluedolphins.gr\/de\/wp-json\/wp\/v2\/comments?post=11813"}],"version-history":[{"count":0,"href":"https:\/\/www.bluedolphins.gr\/de\/wp-json\/wp\/v2\/pages\/11813\/revisions"}],"wp:featuredmedia":[{"embeddable":true,"href":"https:\/\/www.bluedolphins.gr\/de\/wp-json\/wp\/v2\/media\/10950"}],"wp:attachment":[{"href":"https:\/\/www.bluedolphins.gr\/de\/wp-json\/wp\/v2\/media?parent=11813"}],"curies":[{"name":"wp","href":"https:\/\/api.w.org\/{rel}","templated":true}]}}